{"id":20918,"date":"2020-12-14T08:09:48","date_gmt":"2020-12-14T08:09:48","guid":{"rendered":"https:\/\/heavyseas.net\/?page_id=20918"},"modified":"2025-04-30T10:08:12","modified_gmt":"2025-04-30T10:08:12","slug":"politica-de-calidad-y-medio-ambiente","status":"publish","type":"page","link":"https:\/\/heavyseas.net\/es\/politica-de-calidad-y-medio-ambiente\/","title":{"rendered":"Pol\u00edtica de Calidad y Medio Ambiente"},"content":{"rendered":"<p>[vc_row full_width=\u00bbstretch_row\u00bb parallax=\u00bbenable_parallax\u00bb bg_position=\u00bbcenter center\u00bb enable_overlay=\u00bbyes\u00bb css=\u00bb.vc_custom_1629985067764{background-image: url(http:\/\/heavyseas.net\/wp-content\/uploads\/2021\/08\/HeavySeas_Home_00.jpg?id=9330) !important;background-position: 0 0;background-repeat:-repeat !important;}\u00bb overlay_bg=\u00bbrgba(20, 20, 20, 0.87)\u00bb responsive_css=\u00bbpadding_top_large:60px|padding_bottom_large:60px\u00bb][vc_column enable_content_animation=\u00bbyes\u00bb ca_init_scale_x=\u00bb1&#8243; ca_init_scale_y=\u00bb1&#8243; ca_init_opacity=\u00bb0&#8243; ca_an_scale_x=\u00bb1&#8243; ca_an_scale_y=\u00bb1&#8243; ca_an_opacity=\u00bb1&#8243; offset=\u00bbvc_col-lg-offset-2 vc_col-lg-8 vc_col-md-offset-1 vc_col-md-10&#8243; responsive_align=\u00bbtext-center\u00bb ca_duration=\u00bb1600&#8243; ca_delay=\u00bb160&#8243; ca_init_translate_y=\u00bb65&#8243; ca_init_rotate_y=\u00bb50&#8243; responsive_css=\u00bbpadding_top_medium:90px\u00bb][\/vc_column][\/vc_row][vc_row parallax=\u00bbenable_parallax\u00bb bg_position=\u00bbcenter center\u00bb enable_overlay=\u00bbyes\u00bb responsive_css=\u00bbpadding_top_large:30px|padding_bottom_large:30px\u00bb][vc_column enable_content_animation=\u00bbyes\u00bb ca_init_scale_x=\u00bb1&#8243; ca_init_scale_y=\u00bb1&#8243; ca_init_opacity=\u00bb0&#8243; ca_an_scale_x=\u00bb1&#8243; ca_an_scale_y=\u00bb1&#8243; ca_an_opacity=\u00bb1&#8243; offset=\u00bbvc_col-lg-offset-2 vc_col-lg-8 vc_col-md-offset-1 vc_col-md-10&#8243; responsive_align=\u00bbtext-center\u00bb ca_duration=\u00bb1600&#8243; ca_delay=\u00bb160&#8243; ca_init_translate_y=\u00bb65&#8243; ca_init_rotate_y=\u00bb50&#8243; responsive_css=\u00bbpadding_top_medium:90px\u00bb]<style>.ld_fancy_heading_69e7baa9663c5 h3{color:#c0281b;}.ld_fancy_heading_69e7baa9663c5 h3 {font-size:15vw; } @media (min-width: 768px) { .ld_fancy_heading_69e7baa9663c5 h3 {font-size:80px; }  } .ld_fancy_heading_69e7baa9663c5 h3 {line-height:1em; } .ld_fancy_heading_69e7baa9663c5 h3 {--element-line-height:1em; } .ld_fancy_heading_69e7baa9663c5 h3 {margin-bottom:0.35em !important;  } .ld_fancy_heading_69e7baa9663c5 .lqd-highlight-inner{height:0.275em!important;bottom:0px!important;}.ld_fancy_heading_69e7baa9663c5 h3 {font-size:15vw; } @media (min-width: 768px) { .ld_fancy_heading_69e7baa9663c5 h3 {font-size:80px; }  } .ld_fancy_heading_69e7baa9663c5 h3 {line-height:1em; } .ld_fancy_heading_69e7baa9663c5 h3 {--element-line-height:1em; } .ld_fancy_heading_69e7baa9663c5 h3 {margin-bottom:0.35em !important;  } <\/style><div class=\"ld-fancy-heading ld_fancy_heading_69e7baa9663c5\">\n\t<h3 class=\"ld-fh-element lqd-highlight-underline lqd-highlight-grow-left text-decoration-default\"   >  Pol\u00edtica de Calidad y Medio Ambiente<\/h3><\/div>[\/vc_column][\/vc_row][vc_row css=\u00bb.vc_custom_1745933813061{padding-bottom: 100px !important;}\u00bb][vc_column]<style>.ld_fancy_heading_69e7baa9672af p{color:rgba(14, 14, 14, 0.85);}@media (min-width: 768px) { .ld_fancy_heading_69e7baa9672af p {padding-right:12% !important; padding-left:12% !important;  }  } @media (min-width: 992px) { .ld_fancy_heading_69e7baa9672af p {padding-right:0px !important; padding-left:0px !important;  }  } @media (min-width: 1200px) { .ld_fancy_heading_69e7baa9672af p {padding-right:10% !important; padding-left:10% !important;  }  } .ld_fancy_heading_69e7baa9672af p {margin-bottom:1.75em !important;  } .ld_fancy_heading_69e7baa9672af .lqd-highlight-inner{height:0.275em!important;bottom:0px!important;}@media (min-width: 768px) { .ld_fancy_heading_69e7baa9672af p {padding-right:12% !important; padding-left:12% !important;  }  } @media (min-width: 992px) { .ld_fancy_heading_69e7baa9672af p {padding-right:0px !important; padding-left:0px !important;  }  } @media (min-width: 1200px) { .ld_fancy_heading_69e7baa9672af p {padding-right:10% !important; padding-left:10% !important;  }  } .ld_fancy_heading_69e7baa9672af p {margin-bottom:1.75em !important;  } <\/style><div class=\"ld-fancy-heading ld_fancy_heading_69e7baa9672af\">\n\t<p class=\"ld-fh-element lqd-highlight-underline lqd-highlight-grow-left text-decoration-default\"   >  En Heavy Seas, empresa l\u00edder en servIcIos n\u00e1uticos integrales en Mallorca, nos comprometemos a proporcionar soluciones de refit y mantenimiento que satisfagan plenamente las necesidades y expectativas de nuestros clientes, garantizando al mismo tiempo la protecci\u00f3n del medio ambiente.<\/p>\n<p><strong>Compromisos de Calidad:<\/strong><\/p>\n<p>\u2022 Satisfacci\u00f3n del Cliente: Nos esforzamos por comprender y superar las expectativas de nuestros clientes, ofreciendo servicios de alta calidad que aseguren su plena satisfacci\u00f3n.<br \/>\n\u2022 Mejora Continua: Implementamos un enfoque de mejora continua en todos nuestros procesos, buscando constantemente la excelencia en nuestras operaciones y servicios.<br \/>\n\u2022 Cumplimiento de Requisitos: Garantizamos el cumplimiento de los requisitos legales, reglamentarios y otros aplicables, as\u00ed como de los est\u00e1ndares de calidad establecidos en la norma ISO 9001 :2015.<\/p>\n<p><strong>Compromisos Ambientales:<\/strong><\/p>\n<p>\u2022 Protecci\u00f3n del Medio Ambiente: Reconocemos la importancia de preservar el entorno natural y nos comprometemos a minimizar el impacto ambiental de nuestras actividades, productos y servicios.<br \/>\n\u2022 Prevenci\u00f3n de la Contaminaci\u00f3n: Adoptamos medidas preventivas para evitar la contaminaci\u00f3n, gestionando de manera responsable los residuos y promoviendo pr\u00e1cticas sostenibles en todas nuestras operaciones.<br \/>\n\u2022 Uso Eficiente de Recursos: Fomentamos el uso eficiente de los recursos naturales, incluyendo la energ\u00eda y el agua, implementando tecnolog\u00edas y pr\u00e1cticas que reduzcan nuestro consumo y huella ambiental.<\/p>\n<p><strong>Implementaci\u00f3n y Comunicaci\u00f3n:<\/strong><\/p>\n<p>\u2022 Sistema Integrado de Gesti\u00f3n: Hemos establecido un Sistema Integrado de Gesti\u00f3n de Calidad y Medio Ambiente conforme a las normas ISO 9001 :2015 e ISO 14001 :2015, asegurando su mantenimiento y mejora continua.<br \/>\n\u2022 Participaci\u00f3n del Personal: Promovemos la formaci\u00f3n y sensibilizaci\u00f3n de nuestro equipo humano, fomentando una cultura de calidad y respeto por el medio ambiente en todas las \u00e1reas de la empresa.<br \/>\n\u2022 Transparencia y Accesibilidad: Esta pol\u00edtica es comunicada a todos los niveles de la organizaci\u00f3n y est\u00e1 disponible para las partes interesadas, asegurando su comprensi\u00f3n y aplicaci\u00f3n efectiva.<\/p>\n<p>Con esta pol\u00edtica, Heavy Seas reafirma su compromiso con la calidad de sus servicios y la protecci\u00f3n del medio ambiente, consolidando nuestra posici\u00f3n como referente en el sector n\u00e1utico y contribuyendo al desarrollo sostenible de nuestra comunidad.<\/p>\n<p class=\"p1\">Firmado:<br \/>\n<strong>Milton Massetani<\/strong><\/p>\n<p><\/p><\/div>[\/vc_column][\/vc_row]<\/p>\n","protected":false},"excerpt":{"rendered":"<p>[vc_row full_width=\u00bbstretch_row\u00bb parallax=\u00bbenable_parallax\u00bb bg_position=\u00bbcenter center\u00bb enable_overlay=\u00bbyes\u00bb css=\u00bb.vc_custom_1629985067764{background-image: url(http:\/\/heavyseas.net\/wp-content\/uploads\/2021\/08\/HeavySeas_Home_00.jpg?id=9330) !important;background-position: 0 0;background-repeat:-repeat !important;}\u00bb overlay_bg=\u00bbrgba(20, 20, 20, 0.87)\u00bb responsive_css=\u00bbpadding_top_large:60px|padding_bottom_large:60px\u00bb][vc_column enable_content_animation=\u00bbyes\u00bb ca_init_scale_x=\u00bb1&#8243; ca_init_scale_y=\u00bb1&#8243; ca_init_opacity=\u00bb0&#8243; ca_an_scale_x=\u00bb1&#8243; ca_an_scale_y=\u00bb1&#8243; ca_an_opacity=\u00bb1&#8243; offset=\u00bbvc_col-lg-offset-2 vc_col-lg-8 vc_col-md-offset-1 vc_col-md-10&#8243; responsive_align=\u00bbtext-center\u00bb ca_duration=\u00bb1600&#8243; ca_delay=\u00bb160&#8243; ca_init_translate_y=\u00bb65&#8243; ca_init_rotate_y=\u00bb50&#8243; responsive_css=\u00bbpadding_top_medium:90px\u00bb][\/vc_column][\/vc_row][vc_row parallax=\u00bbenable_parallax\u00bb bg_position=\u00bbcenter center\u00bb enable_overlay=\u00bbyes\u00bb responsive_css=\u00bbpadding_top_large:30px|padding_bottom_large:30px\u00bb][vc_column enable_content_animation=\u00bbyes\u00bb ca_init_scale_x=\u00bb1&#8243; ca_init_scale_y=\u00bb1&#8243; ca_init_opacity=\u00bb0&#8243; ca_an_scale_x=\u00bb1&#8243; ca_an_scale_y=\u00bb1&#8243; ca_an_opacity=\u00bb1&#8243; offset=\u00bbvc_col-lg-offset-2 vc_col-lg-8 vc_col-md-offset-1 vc_col-md-10&#8243; responsive_align=\u00bbtext-center\u00bb ca_duration=\u00bb1600&#8243; ca_delay=\u00bb160&#8243; ca_init_translate_y=\u00bb65&#8243; ca_init_rotate_y=\u00bb50&#8243; [&hellip;]<\/p>\n","protected":false},"author":1,"featured_media":0,"parent":0,"menu_order":0,"comment_status":"closed","ping_status":"closed","template":"","meta":{"_joinchat":[],"footnotes":""},"class_list":["post-20918","page","type-page","status-publish","hentry"],"yoast_head":"<!-- This site is optimized with the Yoast SEO plugin v27.2 - https:\/\/yoast.com\/product\/yoast-seo-wordpress\/ -->\n<title>Pol\u00edtica de Calidad y Medio Ambiente - Heavyseas<\/title>\n<meta name=\"robots\" content=\"index, follow, max-snippet:-1, max-image-preview:large, max-video-preview:-1\" \/>\n<link rel=\"canonical\" href=\"https:\/\/heavyseas.net\/es\/politica-de-calidad-y-medio-ambiente\/\" \/>\n<meta property=\"og:locale\" content=\"es_ES\" \/>\n<meta property=\"og:type\" content=\"article\" \/>\n<meta property=\"og:title\" content=\"Pol\u00edtica de Calidad y Medio Ambiente - Heavyseas\" \/>\n<meta property=\"og:description\" content=\"[vc_row full_width=\u00bbstretch_row\u00bb parallax=\u00bbenable_parallax\u00bb bg_position=\u00bbcenter center\u00bb enable_overlay=\u00bbyes\u00bb css=\u00bb.vc_custom_1629985067764{background-image: url(http:\/\/heavyseas.net\/wp-content\/uploads\/2021\/08\/HeavySeas_Home_00.jpg?id=9330) !important;background-position: 0 0;background-repeat:-repeat !important;}\u00bb overlay_bg=\u00bbrgba(20, 20, 20, 0.87)\u00bb responsive_css=\u00bbpadding_top_large:60px|padding_bottom_large:60px\u00bb][vc_column enable_content_animation=\u00bbyes\u00bb ca_init_scale_x=\u00bb1&#8243; ca_init_scale_y=\u00bb1&#8243; ca_init_opacity=\u00bb0&#8243; ca_an_scale_x=\u00bb1&#8243; ca_an_scale_y=\u00bb1&#8243; ca_an_opacity=\u00bb1&#8243; offset=\u00bbvc_col-lg-offset-2 vc_col-lg-8 vc_col-md-offset-1 vc_col-md-10&#8243; responsive_align=\u00bbtext-center\u00bb ca_duration=\u00bb1600&#8243; ca_delay=\u00bb160&#8243; ca_init_translate_y=\u00bb65&#8243; ca_init_rotate_y=\u00bb50&#8243; responsive_css=\u00bbpadding_top_medium:90px\u00bb][\/vc_column][\/vc_row][vc_row parallax=\u00bbenable_parallax\u00bb bg_position=\u00bbcenter center\u00bb enable_overlay=\u00bbyes\u00bb responsive_css=\u00bbpadding_top_large:30px|padding_bottom_large:30px\u00bb][vc_column enable_content_animation=\u00bbyes\u00bb ca_init_scale_x=\u00bb1&#8243; ca_init_scale_y=\u00bb1&#8243; ca_init_opacity=\u00bb0&#8243; ca_an_scale_x=\u00bb1&#8243; ca_an_scale_y=\u00bb1&#8243; ca_an_opacity=\u00bb1&#8243; offset=\u00bbvc_col-lg-offset-2 vc_col-lg-8 vc_col-md-offset-1 vc_col-md-10&#8243; responsive_align=\u00bbtext-center\u00bb ca_duration=\u00bb1600&#8243; ca_delay=\u00bb160&#8243; ca_init_translate_y=\u00bb65&#8243; ca_init_rotate_y=\u00bb50&#8243; [&hellip;]\" \/>\n<meta property=\"og:url\" content=\"https:\/\/heavyseas.net\/es\/politica-de-calidad-y-medio-ambiente\/\" \/>\n<meta property=\"og:site_name\" content=\"Heavyseas\" \/>\n<meta property=\"article:modified_time\" content=\"2025-04-30T10:08:12+00:00\" \/>\n<meta name=\"twitter:card\" content=\"summary_large_image\" \/>\n<meta name=\"twitter:label1\" content=\"Tiempo de lectura\" \/>\n\t<meta name=\"twitter:data1\" content=\"2 minutos\" \/>\n<script type=\"application\/ld+json\" class=\"yoast-schema-graph\">{\"@context\":\"https:\/\/schema.org\",\"@graph\":[{\"@type\":\"WebPage\",\"@id\":\"https:\/\/heavyseas.net\/es\/politica-de-calidad-y-medio-ambiente\/\",\"url\":\"https:\/\/heavyseas.net\/es\/politica-de-calidad-y-medio-ambiente\/\",\"name\":\"Pol\u00edtica de Calidad y Medio Ambiente - Heavyseas\",\"isPartOf\":{\"@id\":\"https:\/\/heavyseas.net\/es\/#website\"},\"datePublished\":\"2020-12-14T08:09:48+00:00\",\"dateModified\":\"2025-04-30T10:08:12+00:00\",\"breadcrumb\":{\"@id\":\"https:\/\/heavyseas.net\/es\/politica-de-calidad-y-medio-ambiente\/#breadcrumb\"},\"inLanguage\":\"es\",\"potentialAction\":[{\"@type\":\"ReadAction\",\"target\":[\"https:\/\/heavyseas.net\/es\/politica-de-calidad-y-medio-ambiente\/\"]}]},{\"@type\":\"BreadcrumbList\",\"@id\":\"https:\/\/heavyseas.net\/es\/politica-de-calidad-y-medio-ambiente\/#breadcrumb\",\"itemListElement\":[{\"@type\":\"ListItem\",\"position\":1,\"name\":\"Portada\",\"item\":\"https:\/\/heavyseas.net\/es\/\"},{\"@type\":\"ListItem\",\"position\":2,\"name\":\"Pol\u00edtica de Calidad y Medio Ambiente\"}]},{\"@type\":\"WebSite\",\"@id\":\"https:\/\/heavyseas.net\/es\/#website\",\"url\":\"https:\/\/heavyseas.net\/es\/\",\"name\":\"Heavyseas\",\"description\":\"Refit and Maintenance Solutions\",\"potentialAction\":[{\"@type\":\"SearchAction\",\"target\":{\"@type\":\"EntryPoint\",\"urlTemplate\":\"https:\/\/heavyseas.net\/es\/?s={search_term_string}\"},\"query-input\":{\"@type\":\"PropertyValueSpecification\",\"valueRequired\":true,\"valueName\":\"search_term_string\"}}],\"inLanguage\":\"es\"}]}<\/script>\n<!-- \/ Yoast SEO plugin. -->","yoast_head_json":{"title":"Pol\u00edtica de Calidad y Medio Ambiente - Heavyseas","robots":{"index":"index","follow":"follow","max-snippet":"max-snippet:-1","max-image-preview":"max-image-preview:large","max-video-preview":"max-video-preview:-1"},"canonical":"https:\/\/heavyseas.net\/es\/politica-de-calidad-y-medio-ambiente\/","og_locale":"es_ES","og_type":"article","og_title":"Pol\u00edtica de Calidad y Medio Ambiente - Heavyseas","og_description":"[vc_row full_width=\u00bbstretch_row\u00bb parallax=\u00bbenable_parallax\u00bb bg_position=\u00bbcenter center\u00bb enable_overlay=\u00bbyes\u00bb css=\u00bb.vc_custom_1629985067764{background-image: url(http:\/\/heavyseas.net\/wp-content\/uploads\/2021\/08\/HeavySeas_Home_00.jpg?id=9330) !important;background-position: 0 0;background-repeat:-repeat !important;}\u00bb overlay_bg=\u00bbrgba(20, 20, 20, 0.87)\u00bb responsive_css=\u00bbpadding_top_large:60px|padding_bottom_large:60px\u00bb][vc_column enable_content_animation=\u00bbyes\u00bb ca_init_scale_x=\u00bb1&#8243; ca_init_scale_y=\u00bb1&#8243; ca_init_opacity=\u00bb0&#8243; ca_an_scale_x=\u00bb1&#8243; ca_an_scale_y=\u00bb1&#8243; ca_an_opacity=\u00bb1&#8243; offset=\u00bbvc_col-lg-offset-2 vc_col-lg-8 vc_col-md-offset-1 vc_col-md-10&#8243; responsive_align=\u00bbtext-center\u00bb ca_duration=\u00bb1600&#8243; ca_delay=\u00bb160&#8243; ca_init_translate_y=\u00bb65&#8243; ca_init_rotate_y=\u00bb50&#8243; responsive_css=\u00bbpadding_top_medium:90px\u00bb][\/vc_column][\/vc_row][vc_row parallax=\u00bbenable_parallax\u00bb bg_position=\u00bbcenter center\u00bb enable_overlay=\u00bbyes\u00bb responsive_css=\u00bbpadding_top_large:30px|padding_bottom_large:30px\u00bb][vc_column enable_content_animation=\u00bbyes\u00bb ca_init_scale_x=\u00bb1&#8243; ca_init_scale_y=\u00bb1&#8243; ca_init_opacity=\u00bb0&#8243; ca_an_scale_x=\u00bb1&#8243; ca_an_scale_y=\u00bb1&#8243; ca_an_opacity=\u00bb1&#8243; offset=\u00bbvc_col-lg-offset-2 vc_col-lg-8 vc_col-md-offset-1 vc_col-md-10&#8243; responsive_align=\u00bbtext-center\u00bb ca_duration=\u00bb1600&#8243; ca_delay=\u00bb160&#8243; ca_init_translate_y=\u00bb65&#8243; ca_init_rotate_y=\u00bb50&#8243; [&hellip;]","og_url":"https:\/\/heavyseas.net\/es\/politica-de-calidad-y-medio-ambiente\/","og_site_name":"Heavyseas","article_modified_time":"2025-04-30T10:08:12+00:00","twitter_card":"summary_large_image","twitter_misc":{"Tiempo de lectura":"2 minutos"},"schema":{"@context":"https:\/\/schema.org","@graph":[{"@type":"WebPage","@id":"https:\/\/heavyseas.net\/es\/politica-de-calidad-y-medio-ambiente\/","url":"https:\/\/heavyseas.net\/es\/politica-de-calidad-y-medio-ambiente\/","name":"Pol\u00edtica de Calidad y Medio Ambiente - Heavyseas","isPartOf":{"@id":"https:\/\/heavyseas.net\/es\/#website"},"datePublished":"2020-12-14T08:09:48+00:00","dateModified":"2025-04-30T10:08:12+00:00","breadcrumb":{"@id":"https:\/\/heavyseas.net\/es\/politica-de-calidad-y-medio-ambiente\/#breadcrumb"},"inLanguage":"es","potentialAction":[{"@type":"ReadAction","target":["https:\/\/heavyseas.net\/es\/politica-de-calidad-y-medio-ambiente\/"]}]},{"@type":"BreadcrumbList","@id":"https:\/\/heavyseas.net\/es\/politica-de-calidad-y-medio-ambiente\/#breadcrumb","itemListElement":[{"@type":"ListItem","position":1,"name":"Portada","item":"https:\/\/heavyseas.net\/es\/"},{"@type":"ListItem","position":2,"name":"Pol\u00edtica de Calidad y Medio Ambiente"}]},{"@type":"WebSite","@id":"https:\/\/heavyseas.net\/es\/#website","url":"https:\/\/heavyseas.net\/es\/","name":"Heavyseas","description":"Refit and Maintenance Solutions","potentialAction":[{"@type":"SearchAction","target":{"@type":"EntryPoint","urlTemplate":"https:\/\/heavyseas.net\/es\/?s={search_term_string}"},"query-input":{"@type":"PropertyValueSpecification","valueRequired":true,"valueName":"search_term_string"}}],"inLanguage":"es"}]}},"_links":{"self":[{"href":"https:\/\/heavyseas.net\/es\/wp-json\/wp\/v2\/pages\/20918","targetHints":{"allow":["GET"]}}],"collection":[{"href":"https:\/\/heavyseas.net\/es\/wp-json\/wp\/v2\/pages"}],"about":[{"href":"https:\/\/heavyseas.net\/es\/wp-json\/wp\/v2\/types\/page"}],"author":[{"embeddable":true,"href":"https:\/\/heavyseas.net\/es\/wp-json\/wp\/v2\/users\/1"}],"replies":[{"embeddable":true,"href":"https:\/\/heavyseas.net\/es\/wp-json\/wp\/v2\/comments?post=20918"}],"version-history":[{"count":6,"href":"https:\/\/heavyseas.net\/es\/wp-json\/wp\/v2\/pages\/20918\/revisions"}],"predecessor-version":[{"id":20955,"href":"https:\/\/heavyseas.net\/es\/wp-json\/wp\/v2\/pages\/20918\/revisions\/20955"}],"wp:attachment":[{"href":"https:\/\/heavyseas.net\/es\/wp-json\/wp\/v2\/media?parent=20918"}],"curies":[{"name":"wp","href":"https:\/\/api.w.org\/{rel}","templated":true}]}}