{"id":13878,"date":"2020-12-14T08:23:14","date_gmt":"2020-12-14T08:23:14","guid":{"rendered":"https:\/\/heavyseas.net\/?page_id=13878"},"modified":"2024-12-02T10:23:01","modified_gmt":"2024-12-02T10:23:01","slug":"news","status":"publish","type":"page","link":"https:\/\/heavyseas.net\/es\/news\/","title":{"rendered":"Noticias"},"content":{"rendered":"<p>[vc_row full_width=\u00bbstretch_row\u00bb parallax=\u00bbenable_parallax\u00bb bg_position=\u00bbcenter center\u00bb enable_overlay=\u00bbyes\u00bb css=\u00bb.vc_custom_1629985067764{background-image: url(http:\/\/heavyseas.net\/wp-content\/uploads\/2021\/08\/HeavySeas_Home_00.jpg?id=9330) !important;background-position: 0 0;background-repeat:-repeat;}\u00bb overlay_bg=\u00bbrgba(20, 20, 20, 0.87)\u00bb responsive_css=\u00bbpadding_top_large:60px|padding_bottom_large:60px\u00bb][vc_column enable_content_animation=\u00bbyes\u00bb ca_init_scale_x=\u00bb1&#8243; ca_init_scale_y=\u00bb1&#8243; ca_init_opacity=\u00bb0&#8243; ca_an_scale_x=\u00bb1&#8243; ca_an_scale_y=\u00bb1&#8243; ca_an_opacity=\u00bb1&#8243; offset=\u00bbvc_col-lg-offset-2 vc_col-lg-8 vc_col-md-offset-1 vc_col-md-10&#8243; responsive_align=\u00bbtext-center\u00bb ca_duration=\u00bb1600&#8243; ca_delay=\u00bb160&#8243; ca_init_translate_y=\u00bb65&#8243; ca_init_rotate_y=\u00bb50&#8243; responsive_css=\u00bbpadding_top_medium:90px\u00bb][\/vc_column][\/vc_row][vc_row css=\u00bb.vc_custom_1630403859670{margin-top: 60px !important;padding-bottom: 60px !important;}\u00bb responsive_css=\u00bbmargin_top_large:60px|padding_bottom_medium:80px\u00bb][vc_column]<style>.ld_blog_69eaef498ac59 .lqd-lp-read-more{color:#c0281b;}.ld_blog_69eaef498ac59 .lqd-lp-row{margin-inline-start:-15px;margin-inline-end:-15px;}.ld_blog_69eaef498ac59 .lqd-lp-column{padding-inline-start:15px;padding-inline-end:15px;margin-bottom:50px;}.ld_blog_69eaef498ac59 .lqd-lp .lqd-lp-title{margin-top:px !important;margin-bottom:px !important;}.ld_blog_69eaef498ac59 .lqd-lp .lqd-lp-title a{color:#c0281b;}<\/style><div class=\"lqd-lp-grid ld_blog_69eaef498ac59 1534920817049-ecdcfae3-4595 \"><div class=\"lqd-lp-row row d-flex flex-wrap\"><div class=\"lqd-lp-column col-md-4 col-sm-6 heavy-seas-4 lqd-f-91\"><article id=\"post-21858\" class=\"lqd-lp lqd-lp lqd-lp-style-16 pos-rel post-21858 post type-post status-publish format-standard has-post-thumbnail hentry category-heavy-seas-4\">\n\n<div class=\"lqd-lp-img border-radius-4 overflow-hidden pos-rel mb-5\">\n\t<figure class=\"pos-rel bg-cover bg-center w-100\"><img decoding=\"async\" width=\"500\" height=\"357\" src=\"https:\/\/heavyseas.net\/wp-content\/uploads\/2025\/11\/UKAS-AND-ISO-9001-ISO-14001-CMYK.jpg\" class=\"w-100 wp-post-image\" alt=\"\" srcset=\"https:\/\/heavyseas.net\/wp-content\/uploads\/2025\/11\/UKAS-AND-ISO-9001-ISO-14001-CMYK.jpg 500w, https:\/\/heavyseas.net\/wp-content\/uploads\/2025\/11\/UKAS-AND-ISO-9001-ISO-14001-CMYK-300x214.jpg 300w\" sizes=\"(max-width: 500px) 100vw, 500px\" itemprop=\"image\" \/><\/figure><\/div>\n\n<header class=\"lqd-lp-header mb-3\">\n\t<h2 class=\"entry-title lqd-lp-title h5 m-0\"><a  href=\"https:\/\/heavyseas.net\/es\/navega-hacia-2025-las-3-principales-tendencias-en-diseno-de-yates-2-2\/\" rel=\"bookmark\">Refit Mallorca | Servicios de Refit y Mantenimiento de Yates Certificados ISO 9001 y 14001<\/a><\/h2><\/header>\n\n\t\t\t<div class=\"lqd-lp-excerpt mb-3\">\n\t\t\t\t<p>Heavy Seas sigue avanzando hacia la excelencia en la industria n\u00e1utica Heavy Seas ha alcanzado un hito significativo al obtener<\/p>\n\t\t\t<\/div><!-- \/.latest-post-excerpt -->\n\t\t\n<footer class=\"lqd-lp-footer pos-rel z-index-2 pt-1\">\n\t<a href=\"https:\/\/heavyseas.net\/es\/navega-hacia-2025-las-3-principales-tendencias-en-diseno-de-yates-2-2\/\" class=\"btn btn-naked text-uppercase ltr-sp-1 size-sm font-weight-bold lqd-lp-read-more\">\n\t\t<span class=\"btn-line btn-line-before d-inline-block pos-rel\"><\/span>\n\t\t<span class=\"btn-txt d-inline-block\">Continuar leyendo<\/span>\n\t\t<span class=\"btn-line btn-line-after d-inline-block pos-rel\">\n\t\t\t<svg class=\"d-inline-block pos-abs\" xmlns=\"http:\/\/www.w3.org\/2000\/svg\" width=\"12\" height=\"32\" viewBox=\"0 0 12 32\" style=\"height: 2em;\"><path fill=\"currentColor\" d=\"M8.375 16L.437 8.062C-.125 7.5-.125 6.5.438 5.938s1.563-.563 2.126 0l9 9c.562.562.624 1.5.062 2.062l-9.063 9.063c-.312.312-.687.437-1.062.437s-.75-.125-1.063-.438c-.562-.562-.562-1.562 0-2.125z\"><\/path><\/svg>\n\t\t<\/span>\n\t<\/a>\n<\/footer>\n\n<a  href=\"https:\/\/heavyseas.net\/es\/navega-hacia-2025-las-3-principales-tendencias-en-diseno-de-yates-2-2\/\" class=\"lqd-lp-overlay-link lqd-overlay z-index-2\" tab-index=\"-1\"><\/a>\n<\/article><\/div><div class=\"lqd-lp-column col-md-4 col-sm-6 heavy-seas-4 lqd-f-91\"><article id=\"post-21880\" class=\"lqd-lp lqd-lp lqd-lp-style-16 pos-rel post-21880 post type-post status-publish format-standard has-post-thumbnail hentry category-heavy-seas-4\">\n\n<div class=\"lqd-lp-img border-radius-4 overflow-hidden pos-rel mb-5\">\n\t<figure class=\"pos-rel bg-cover bg-center w-100\"><img decoding=\"async\" width=\"720\" height=\"400\" src=\"data:image\/svg+xml;charset=utf-8,%3Csvg xmlns%3D&#039;http%3A%2F%2Fwww.w3.org%2F2000%2Fsvg&#039; viewBox%3D&#039;0 0 720 400&#039;%2F%3E\" class=\"w-100 ld-lazyload wp-post-image\" alt=\"\" itemprop=\"image\" data-src=\"https:\/\/heavyseas.net\/wp-content\/uploads\/2026\/03\/heavy-seas-marine-electrical-720x400.png\" data-aspect=\"1.8\" \/><\/figure><\/div>\n\n<header class=\"lqd-lp-header mb-3\">\n\t<h2 class=\"entry-title lqd-lp-title h5 m-0\"><a  href=\"https:\/\/heavyseas.net\/es\/soluciones-ingenieria-electrica-yates-mallorca\/\" rel=\"bookmark\">Heavy Seas lanza su nueva divisi\u00f3n de ingenier\u00eda el\u00e9ctrica<\/a><\/h2><\/header>\n\n\t\t\t<div class=\"lqd-lp-excerpt mb-3\">\n\t\t\t\t<p>Soluciones Integrales en Ingenier\u00eda El\u00e9ctrica N\u00e1utica\u00a0 Heavy Seas ampl\u00eda su oferta de servicios en Mallorca con soluciones avanzadas de ingenier\u00eda<\/p>\n\t\t\t<\/div><!-- \/.latest-post-excerpt -->\n\t\t\n<footer class=\"lqd-lp-footer pos-rel z-index-2 pt-1\">\n\t<a href=\"https:\/\/heavyseas.net\/es\/soluciones-ingenieria-electrica-yates-mallorca\/\" class=\"btn btn-naked text-uppercase ltr-sp-1 size-sm font-weight-bold lqd-lp-read-more\">\n\t\t<span class=\"btn-line btn-line-before d-inline-block pos-rel\"><\/span>\n\t\t<span class=\"btn-txt d-inline-block\">Continuar leyendo<\/span>\n\t\t<span class=\"btn-line btn-line-after d-inline-block pos-rel\">\n\t\t\t<svg class=\"d-inline-block pos-abs\" xmlns=\"http:\/\/www.w3.org\/2000\/svg\" width=\"12\" height=\"32\" viewBox=\"0 0 12 32\" style=\"height: 2em;\"><path fill=\"currentColor\" d=\"M8.375 16L.437 8.062C-.125 7.5-.125 6.5.438 5.938s1.563-.563 2.126 0l9 9c.562.562.624 1.5.062 2.062l-9.063 9.063c-.312.312-.687.437-1.062.437s-.75-.125-1.063-.438c-.562-.562-.562-1.562 0-2.125z\"><\/path><\/svg>\n\t\t<\/span>\n\t<\/a>\n<\/footer>\n\n<a  href=\"https:\/\/heavyseas.net\/es\/soluciones-ingenieria-electrica-yates-mallorca\/\" class=\"lqd-lp-overlay-link lqd-overlay z-index-2\" tab-index=\"-1\"><\/a>\n<\/article><\/div><div class=\"lqd-lp-column col-md-4 col-sm-6 heavy-seas-4 lqd-f-91\"><article id=\"post-21410\" class=\"lqd-lp lqd-lp lqd-lp-style-16 pos-rel post-21410 post type-post status-publish format-standard has-post-thumbnail hentry category-heavy-seas-4\">\n\n<div class=\"lqd-lp-img border-radius-4 overflow-hidden pos-rel mb-5\">\n\t<figure class=\"pos-rel bg-cover bg-center w-100\"><img decoding=\"async\" width=\"720\" height=\"400\" src=\"data:image\/svg+xml;charset=utf-8,%3Csvg xmlns%3D&#039;http%3A%2F%2Fwww.w3.org%2F2000%2Fsvg&#039; viewBox%3D&#039;0 0 720 400&#039;%2F%3E\" class=\"w-100 ld-lazyload wp-post-image\" alt=\"\" itemprop=\"image\" data-src=\"https:\/\/heavyseas.net\/wp-content\/uploads\/2025\/12\/Facilities_4-720x400.jpg\" data-aspect=\"1.8\" \/><\/figure><\/div>\n\n<header class=\"lqd-lp-header mb-3\">\n\t<h2 class=\"entry-title lqd-lp-title h5 m-0\"><a  href=\"https:\/\/heavyseas.net\/es\/navega-hacia-2025-las-3-principales-tendencias-en-diseno-de-yates-3\/\" rel=\"bookmark\">El calendario n\u00e1utico: las claves de mantenimiento en cada temporada\u00a0<\/a><\/h2><\/header>\n\n\t\t\t<div class=\"lqd-lp-excerpt mb-3\">\n\t\t\t\t<p>El calendario n\u00e1utico: las claves de mantenimiento en cada temporada\u00a0 Un ciclo anual de mantenimiento de yates\u00a0 Un yate es<\/p>\n\t\t\t<\/div><!-- \/.latest-post-excerpt -->\n\t\t\n<footer class=\"lqd-lp-footer pos-rel z-index-2 pt-1\">\n\t<a href=\"https:\/\/heavyseas.net\/es\/navega-hacia-2025-las-3-principales-tendencias-en-diseno-de-yates-3\/\" class=\"btn btn-naked text-uppercase ltr-sp-1 size-sm font-weight-bold lqd-lp-read-more\">\n\t\t<span class=\"btn-line btn-line-before d-inline-block pos-rel\"><\/span>\n\t\t<span class=\"btn-txt d-inline-block\">Continuar leyendo<\/span>\n\t\t<span class=\"btn-line btn-line-after d-inline-block pos-rel\">\n\t\t\t<svg class=\"d-inline-block pos-abs\" xmlns=\"http:\/\/www.w3.org\/2000\/svg\" width=\"12\" height=\"32\" viewBox=\"0 0 12 32\" style=\"height: 2em;\"><path fill=\"currentColor\" d=\"M8.375 16L.437 8.062C-.125 7.5-.125 6.5.438 5.938s1.563-.563 2.126 0l9 9c.562.562.624 1.5.062 2.062l-9.063 9.063c-.312.312-.687.437-1.062.437s-.75-.125-1.063-.438c-.562-.562-.562-1.562 0-2.125z\"><\/path><\/svg>\n\t\t<\/span>\n\t<\/a>\n<\/footer>\n\n<a  href=\"https:\/\/heavyseas.net\/es\/navega-hacia-2025-las-3-principales-tendencias-en-diseno-de-yates-3\/\" class=\"lqd-lp-overlay-link lqd-overlay z-index-2\" tab-index=\"-1\"><\/a>\n<\/article><\/div><div class=\"lqd-lp-column col-md-4 col-sm-6 antifouling-es lqd-f-45 custodia-embarcaciones lqd-f-115 heavy-seas-4 lqd-f-91 invernaje lqd-f-46 motor-de-barco lqd-f-142 refit lqd-f-169 refrigeracion-maritima lqd-f-189 tapiceria lqd-f-53\"><article id=\"post-21432\" class=\"lqd-lp lqd-lp lqd-lp-style-16 pos-rel post-21432 post type-post status-publish format-standard has-post-thumbnail hentry category-antifouling-es category-custodia-embarcaciones category-heavy-seas-4 category-invernaje category-motor-de-barco category-refit category-refrigeracion-maritima category-tapiceria\">\n\n<div class=\"lqd-lp-img border-radius-4 overflow-hidden pos-rel mb-5\">\n\t<figure class=\"pos-rel bg-cover bg-center w-100\"><img decoding=\"async\" width=\"720\" height=\"400\" src=\"data:image\/svg+xml;charset=utf-8,%3Csvg xmlns%3D&#039;http%3A%2F%2Fwww.w3.org%2F2000%2Fsvg&#039; viewBox%3D&#039;0 0 720 400&#039;%2F%3E\" class=\"w-100 ld-lazyload wp-post-image\" alt=\"\" itemprop=\"image\" data-src=\"https:\/\/heavyseas.net\/wp-content\/uploads\/2025\/11\/DSC01848-720x400.jpg\" data-aspect=\"1.8\" \/><\/figure><\/div>\n\n<header class=\"lqd-lp-header mb-3\">\n\t<h2 class=\"entry-title lqd-lp-title h5 m-0\"><a  href=\"https:\/\/heavyseas.net\/es\/mantenimiento-yates-mallorca-pretemporada-2\/\" rel=\"bookmark\">\u00bfTu yate est\u00e1 listo para la temporada?<\/a><\/h2><\/header>\n\n\t\t\t<div class=\"lqd-lp-excerpt mb-3\">\n\t\t\t\t<p>As\u00ed te ayuda Heavy Seas a prepararlo para una navegaci\u00f3n perfecta\u00a0 Con el sol del Mediterr\u00e1neo empezando a calentar la<\/p>\n\t\t\t<\/div><!-- \/.latest-post-excerpt -->\n\t\t\n<footer class=\"lqd-lp-footer pos-rel z-index-2 pt-1\">\n\t<a href=\"https:\/\/heavyseas.net\/es\/mantenimiento-yates-mallorca-pretemporada-2\/\" class=\"btn btn-naked text-uppercase ltr-sp-1 size-sm font-weight-bold lqd-lp-read-more\">\n\t\t<span class=\"btn-line btn-line-before d-inline-block pos-rel\"><\/span>\n\t\t<span class=\"btn-txt d-inline-block\">Continuar leyendo<\/span>\n\t\t<span class=\"btn-line btn-line-after d-inline-block pos-rel\">\n\t\t\t<svg class=\"d-inline-block pos-abs\" xmlns=\"http:\/\/www.w3.org\/2000\/svg\" width=\"12\" height=\"32\" viewBox=\"0 0 12 32\" style=\"height: 2em;\"><path fill=\"currentColor\" d=\"M8.375 16L.437 8.062C-.125 7.5-.125 6.5.438 5.938s1.563-.563 2.126 0l9 9c.562.562.624 1.5.062 2.062l-9.063 9.063c-.312.312-.687.437-1.062.437s-.75-.125-1.063-.438c-.562-.562-.562-1.562 0-2.125z\"><\/path><\/svg>\n\t\t<\/span>\n\t<\/a>\n<\/footer>\n\n<a  href=\"https:\/\/heavyseas.net\/es\/mantenimiento-yates-mallorca-pretemporada-2\/\" class=\"lqd-lp-overlay-link lqd-overlay z-index-2\" tab-index=\"-1\"><\/a>\n<\/article><\/div><div class=\"lqd-lp-column col-md-4 col-sm-6 empresa lqd-f-47 heavy-seas-4 lqd-f-91 hvac-barco lqd-f-207 refit lqd-f-169\"><article id=\"post-21631\" class=\"lqd-lp lqd-lp lqd-lp-style-16 pos-rel post-21631 post type-post status-publish format-standard has-post-thumbnail hentry category-empresa category-heavy-seas-4 category-hvac-barco category-refit\">\n\n<div class=\"lqd-lp-img border-radius-4 overflow-hidden pos-rel mb-5\">\n\t<figure class=\"pos-rel bg-cover bg-center w-100\"><img decoding=\"async\" width=\"720\" height=\"400\" src=\"data:image\/svg+xml;charset=utf-8,%3Csvg xmlns%3D&#039;http%3A%2F%2Fwww.w3.org%2F2000%2Fsvg&#039; viewBox%3D&#039;0 0 720 400&#039;%2F%3E\" class=\"w-100 ld-lazyload wp-post-image\" alt=\"\" itemprop=\"image\" data-src=\"https:\/\/heavyseas.net\/wp-content\/uploads\/2025\/11\/ChatGPT-Image-8-ene-2026-13_05_44-2-720x400.png\" data-aspect=\"1.8\" \/><\/figure><\/div>\n\n<header class=\"lqd-lp-header mb-3\">\n\t<h2 class=\"entry-title lqd-lp-title h5 m-0\"><a  href=\"https:\/\/heavyseas.net\/es\/refit-superyates-mallorca-ingenieria-mantenimiento-2\/\" rel=\"bookmark\">La excelencia en ingenier\u00eda como est\u00e1ndar en el mantenimiento de superyates<\/a><\/h2><\/header>\n\n\t\t\t<div class=\"lqd-lp-excerpt mb-3\">\n\t\t\t\t<p>La excelencia en ingenier\u00eda como est\u00e1ndar en el mantenimiento de superyates En el \u00e1mbito de los grandes yates y superyates,<\/p>\n\t\t\t<\/div><!-- \/.latest-post-excerpt -->\n\t\t\n<footer class=\"lqd-lp-footer pos-rel z-index-2 pt-1\">\n\t<a href=\"https:\/\/heavyseas.net\/es\/refit-superyates-mallorca-ingenieria-mantenimiento-2\/\" class=\"btn btn-naked text-uppercase ltr-sp-1 size-sm font-weight-bold lqd-lp-read-more\">\n\t\t<span class=\"btn-line btn-line-before d-inline-block pos-rel\"><\/span>\n\t\t<span class=\"btn-txt d-inline-block\">Continuar leyendo<\/span>\n\t\t<span class=\"btn-line btn-line-after d-inline-block pos-rel\">\n\t\t\t<svg class=\"d-inline-block pos-abs\" xmlns=\"http:\/\/www.w3.org\/2000\/svg\" width=\"12\" height=\"32\" viewBox=\"0 0 12 32\" style=\"height: 2em;\"><path fill=\"currentColor\" d=\"M8.375 16L.437 8.062C-.125 7.5-.125 6.5.438 5.938s1.563-.563 2.126 0l9 9c.562.562.624 1.5.062 2.062l-9.063 9.063c-.312.312-.687.437-1.062.437s-.75-.125-1.063-.438c-.562-.562-.562-1.562 0-2.125z\"><\/path><\/svg>\n\t\t<\/span>\n\t<\/a>\n<\/footer>\n\n<a  href=\"https:\/\/heavyseas.net\/es\/refit-superyates-mallorca-ingenieria-mantenimiento-2\/\" class=\"lqd-lp-overlay-link lqd-overlay z-index-2\" tab-index=\"-1\"><\/a>\n<\/article><\/div><div class=\"lqd-lp-column col-md-4 col-sm-6 heavy-seas-4 lqd-f-91\"><article id=\"post-21781\" class=\"lqd-lp lqd-lp lqd-lp-style-16 pos-rel post-21781 post type-post status-publish format-standard has-post-thumbnail hentry category-heavy-seas-4\">\n\n<div class=\"lqd-lp-img border-radius-4 overflow-hidden pos-rel mb-5\">\n\t<figure class=\"pos-rel bg-cover bg-center w-100\"><img decoding=\"async\" width=\"720\" height=\"400\" src=\"data:image\/svg+xml;charset=utf-8,%3Csvg xmlns%3D&#039;http%3A%2F%2Fwww.w3.org%2F2000%2Fsvg&#039; viewBox%3D&#039;0 0 720 400&#039;%2F%3E\" class=\"w-100 ld-lazyload wp-post-image\" alt=\"\" itemprop=\"image\" data-src=\"https:\/\/heavyseas.net\/wp-content\/uploads\/2025\/03\/5-1-2-720x400.jpg\" data-aspect=\"1.8\" \/><\/figure><\/div>\n\n<header class=\"lqd-lp-header mb-3\">\n\t<h2 class=\"entry-title lqd-lp-title h5 m-0\"><a  href=\"https:\/\/heavyseas.net\/es\/navega-hacia-2025-las-3-principales-tendencias-en-diseno-de-yates-3-2\/\" rel=\"bookmark\">Navega hacia 2025: \u00a1Las 3 Principales Tendencias en Dise\u00f1o de Yates que No Te Puedes Perder!<\/a><\/h2><\/header>\n\n\t\t\t<div class=\"lqd-lp-excerpt mb-3\">\n\t\t\t\t<p>La industria del dise\u00f1o de yates est\u00e1 experimentando una transformaci\u00f3n significativa, impulsada por la innovaci\u00f3n, la sostenibilidad y el lujo<\/p>\n\t\t\t<\/div><!-- \/.latest-post-excerpt -->\n\t\t\n<footer class=\"lqd-lp-footer pos-rel z-index-2 pt-1\">\n\t<a href=\"https:\/\/heavyseas.net\/es\/navega-hacia-2025-las-3-principales-tendencias-en-diseno-de-yates-3-2\/\" class=\"btn btn-naked text-uppercase ltr-sp-1 size-sm font-weight-bold lqd-lp-read-more\">\n\t\t<span class=\"btn-line btn-line-before d-inline-block pos-rel\"><\/span>\n\t\t<span class=\"btn-txt d-inline-block\">Continuar leyendo<\/span>\n\t\t<span class=\"btn-line btn-line-after d-inline-block pos-rel\">\n\t\t\t<svg class=\"d-inline-block pos-abs\" xmlns=\"http:\/\/www.w3.org\/2000\/svg\" width=\"12\" height=\"32\" viewBox=\"0 0 12 32\" style=\"height: 2em;\"><path fill=\"currentColor\" d=\"M8.375 16L.437 8.062C-.125 7.5-.125 6.5.438 5.938s1.563-.563 2.126 0l9 9c.562.562.624 1.5.062 2.062l-9.063 9.063c-.312.312-.687.437-1.062.437s-.75-.125-1.063-.438c-.562-.562-.562-1.562 0-2.125z\"><\/path><\/svg>\n\t\t<\/span>\n\t<\/a>\n<\/footer>\n\n<a  href=\"https:\/\/heavyseas.net\/es\/navega-hacia-2025-las-3-principales-tendencias-en-diseno-de-yates-3-2\/\" class=\"lqd-lp-overlay-link lqd-overlay z-index-2\" tab-index=\"-1\"><\/a>\n<\/article><\/div><\/div><!--\/ .row --><div class=\"liquid-pf-nav ld-pf-nav-ajax\"><div class=\"page-nav text-center\"><nav aria-label=\"Page navigation\"><a href=\"https:\/\/heavyseas.net\/es\/wp-json\/wp\/v2\/pages\/13878\/page\/2\/?ajaxify=1\" rel=\"nofollow\" data-ajaxify=\"true\" data-ajaxify-options=\"{&quot;wrapper&quot;:&quot;.lqd-lp-grid.1534920817049-ecdcfae3-4595 &gt; .lqd-lp-row&quot;,&quot;items&quot;:&quot;&gt; .lqd-lp-column&quot;,&quot;trigger&quot;:&quot;click&quot;}\" class=\"ld-ajax-loadmore\"><span><span class=\"static\">Load more<\/span><span class=\"loading\"><span class=\"dots\"><span><\/span><span><\/span><span><\/span><\/span><span class=\"text-uppercase lts-sp-1\">Loading<\/span><\/span><span class=\"all-loaded\">All items loaded <i class=\"lqd-icn-ess icon-ion-ios-checkmark\"><\/i><\/span><\/span><\/a><\/nav><\/div><\/div><\/div><!--\/ .lqd-lp-grid -->[\/vc_column][\/vc_row]<\/p>\n","protected":false},"excerpt":{"rendered":"<p>[vc_row full_width=\u00bbstretch_row\u00bb parallax=\u00bbenable_parallax\u00bb bg_position=\u00bbcenter center\u00bb enable_overlay=\u00bbyes\u00bb css=\u00bb.vc_custom_1629985067764{background-image: url(http:\/\/heavyseas.net\/wp-content\/uploads\/2021\/08\/HeavySeas_Home_00.jpg?id=9330) !important;background-position: 0 0;background-repeat:-repeat;}\u00bb overlay_bg=\u00bbrgba(20, 20, 20, 0.87)\u00bb responsive_css=\u00bbpadding_top_large:60px|padding_bottom_large:60px\u00bb][vc_column enable_content_animation=\u00bbyes\u00bb ca_init_scale_x=\u00bb1&#8243; ca_init_scale_y=\u00bb1&#8243; ca_init_opacity=\u00bb0&#8243;<\/p>\n","protected":false},"author":1,"featured_media":0,"parent":0,"menu_order":0,"comment_status":"closed","ping_status":"closed","template":"","meta":{"_joinchat":[],"footnotes":""},"class_list":["post-13878","page","type-page","status-publish","hentry"],"yoast_head":"<!-- This site is optimized with the Yoast SEO plugin v27.2 - https:\/\/yoast.com\/product\/yoast-seo-wordpress\/ -->\n<title>Noticias - Heavyseas<\/title>\n<meta name=\"robots\" content=\"index, follow, max-snippet:-1, max-image-preview:large, max-video-preview:-1\" \/>\n<link rel=\"canonical\" href=\"https:\/\/heavyseas.net\/es\/news\/\" \/>\n<meta property=\"og:locale\" content=\"es_ES\" \/>\n<meta property=\"og:type\" content=\"article\" \/>\n<meta property=\"og:title\" content=\"Noticias - Heavyseas\" \/>\n<meta property=\"og:description\" content=\"[vc_row full_width=\u00bbstretch_row\u00bb parallax=\u00bbenable_parallax\u00bb bg_position=\u00bbcenter center\u00bb enable_overlay=\u00bbyes\u00bb css=\u00bb.vc_custom_1629985067764{background-image: url(http:\/\/heavyseas.net\/wp-content\/uploads\/2021\/08\/HeavySeas_Home_00.jpg?id=9330) !important;background-position: 0 0;background-repeat:-repeat;}\u00bb overlay_bg=\u00bbrgba(20, 20, 20, 0.87)\u00bb responsive_css=\u00bbpadding_top_large:60px|padding_bottom_large:60px\u00bb][vc_column enable_content_animation=\u00bbyes\u00bb ca_init_scale_x=\u00bb1&#8243; ca_init_scale_y=\u00bb1&#8243; ca_init_opacity=\u00bb0&#8243;\" \/>\n<meta property=\"og:url\" content=\"https:\/\/heavyseas.net\/es\/news\/\" \/>\n<meta property=\"og:site_name\" content=\"Heavyseas\" \/>\n<meta property=\"article:modified_time\" content=\"2024-12-02T10:23:01+00:00\" \/>\n<meta name=\"twitter:card\" content=\"summary_large_image\" \/>\n<meta name=\"twitter:label1\" content=\"Tiempo de lectura\" \/>\n\t<meta name=\"twitter:data1\" content=\"1 minuto\" \/>\n<script type=\"application\/ld+json\" class=\"yoast-schema-graph\">{\"@context\":\"https:\/\/schema.org\",\"@graph\":[{\"@type\":\"WebPage\",\"@id\":\"https:\/\/heavyseas.net\/es\/news\/\",\"url\":\"https:\/\/heavyseas.net\/es\/news\/\",\"name\":\"Noticias - Heavyseas\",\"isPartOf\":{\"@id\":\"https:\/\/heavyseas.net\/es\/#website\"},\"datePublished\":\"2020-12-14T08:23:14+00:00\",\"dateModified\":\"2024-12-02T10:23:01+00:00\",\"breadcrumb\":{\"@id\":\"https:\/\/heavyseas.net\/es\/news\/#breadcrumb\"},\"inLanguage\":\"es\",\"potentialAction\":[{\"@type\":\"ReadAction\",\"target\":[\"https:\/\/heavyseas.net\/es\/news\/\"]}]},{\"@type\":\"BreadcrumbList\",\"@id\":\"https:\/\/heavyseas.net\/es\/news\/#breadcrumb\",\"itemListElement\":[{\"@type\":\"ListItem\",\"position\":1,\"name\":\"Portada\",\"item\":\"https:\/\/heavyseas.net\/es\/\"},{\"@type\":\"ListItem\",\"position\":2,\"name\":\"Noticias\"}]},{\"@type\":\"WebSite\",\"@id\":\"https:\/\/heavyseas.net\/es\/#website\",\"url\":\"https:\/\/heavyseas.net\/es\/\",\"name\":\"Heavyseas\",\"description\":\"Refit and Maintenance Solutions\",\"potentialAction\":[{\"@type\":\"SearchAction\",\"target\":{\"@type\":\"EntryPoint\",\"urlTemplate\":\"https:\/\/heavyseas.net\/es\/?s={search_term_string}\"},\"query-input\":{\"@type\":\"PropertyValueSpecification\",\"valueRequired\":true,\"valueName\":\"search_term_string\"}}],\"inLanguage\":\"es\"}]}<\/script>\n<!-- \/ Yoast SEO plugin. -->","yoast_head_json":{"title":"Noticias - Heavyseas","robots":{"index":"index","follow":"follow","max-snippet":"max-snippet:-1","max-image-preview":"max-image-preview:large","max-video-preview":"max-video-preview:-1"},"canonical":"https:\/\/heavyseas.net\/es\/news\/","og_locale":"es_ES","og_type":"article","og_title":"Noticias - Heavyseas","og_description":"[vc_row full_width=\u00bbstretch_row\u00bb parallax=\u00bbenable_parallax\u00bb bg_position=\u00bbcenter center\u00bb enable_overlay=\u00bbyes\u00bb css=\u00bb.vc_custom_1629985067764{background-image: url(http:\/\/heavyseas.net\/wp-content\/uploads\/2021\/08\/HeavySeas_Home_00.jpg?id=9330) !important;background-position: 0 0;background-repeat:-repeat;}\u00bb overlay_bg=\u00bbrgba(20, 20, 20, 0.87)\u00bb responsive_css=\u00bbpadding_top_large:60px|padding_bottom_large:60px\u00bb][vc_column enable_content_animation=\u00bbyes\u00bb ca_init_scale_x=\u00bb1&#8243; ca_init_scale_y=\u00bb1&#8243; ca_init_opacity=\u00bb0&#8243;","og_url":"https:\/\/heavyseas.net\/es\/news\/","og_site_name":"Heavyseas","article_modified_time":"2024-12-02T10:23:01+00:00","twitter_card":"summary_large_image","twitter_misc":{"Tiempo de lectura":"1 minuto"},"schema":{"@context":"https:\/\/schema.org","@graph":[{"@type":"WebPage","@id":"https:\/\/heavyseas.net\/es\/news\/","url":"https:\/\/heavyseas.net\/es\/news\/","name":"Noticias - Heavyseas","isPartOf":{"@id":"https:\/\/heavyseas.net\/es\/#website"},"datePublished":"2020-12-14T08:23:14+00:00","dateModified":"2024-12-02T10:23:01+00:00","breadcrumb":{"@id":"https:\/\/heavyseas.net\/es\/news\/#breadcrumb"},"inLanguage":"es","potentialAction":[{"@type":"ReadAction","target":["https:\/\/heavyseas.net\/es\/news\/"]}]},{"@type":"BreadcrumbList","@id":"https:\/\/heavyseas.net\/es\/news\/#breadcrumb","itemListElement":[{"@type":"ListItem","position":1,"name":"Portada","item":"https:\/\/heavyseas.net\/es\/"},{"@type":"ListItem","position":2,"name":"Noticias"}]},{"@type":"WebSite","@id":"https:\/\/heavyseas.net\/es\/#website","url":"https:\/\/heavyseas.net\/es\/","name":"Heavyseas","description":"Refit and Maintenance Solutions","potentialAction":[{"@type":"SearchAction","target":{"@type":"EntryPoint","urlTemplate":"https:\/\/heavyseas.net\/es\/?s={search_term_string}"},"query-input":{"@type":"PropertyValueSpecification","valueRequired":true,"valueName":"search_term_string"}}],"inLanguage":"es"}]}},"_links":{"self":[{"href":"https:\/\/heavyseas.net\/es\/wp-json\/wp\/v2\/pages\/13878","targetHints":{"allow":["GET"]}}],"collection":[{"href":"https:\/\/heavyseas.net\/es\/wp-json\/wp\/v2\/pages"}],"about":[{"href":"https:\/\/heavyseas.net\/es\/wp-json\/wp\/v2\/types\/page"}],"author":[{"embeddable":true,"href":"https:\/\/heavyseas.net\/es\/wp-json\/wp\/v2\/users\/1"}],"replies":[{"embeddable":true,"href":"https:\/\/heavyseas.net\/es\/wp-json\/wp\/v2\/comments?post=13878"}],"version-history":[{"count":3,"href":"https:\/\/heavyseas.net\/es\/wp-json\/wp\/v2\/pages\/13878\/revisions"}],"predecessor-version":[{"id":13954,"href":"https:\/\/heavyseas.net\/es\/wp-json\/wp\/v2\/pages\/13878\/revisions\/13954"}],"wp:attachment":[{"href":"https:\/\/heavyseas.net\/es\/wp-json\/wp\/v2\/media?parent=13878"}],"curies":[{"name":"wp","href":"https:\/\/api.w.org\/{rel}","templated":true}]}}