{"id":13866,"date":"2021-08-27T08:10:53","date_gmt":"2021-08-27T08:10:53","guid":{"rendered":"https:\/\/heavyseas.net\/?page_id=13866"},"modified":"2022-04-05T09:08:25","modified_gmt":"2022-04-05T09:08:25","slug":"fabricacion-a-medida","status":"publish","type":"page","link":"https:\/\/heavyseas.net\/es\/servicios-nauticos\/tapiceria-nautica\/fabricacion-a-medida\/","title":{"rendered":"Fabricaci\u00f3n a medida"},"content":{"rendered":"<p>[vc_row full_width=\u00bbstretch_row\u00bb parallax=\u00bbenable_parallax\u00bb bg_position=\u00bbcenter center\u00bb enable_overlay=\u00bbyes\u00bb css=\u00bb.vc_custom_1629985067764{background-image: url(http:\/\/heavyseas.net\/wp-content\/uploads\/2021\/08\/HeavySeas_Home_00.jpg?id=9330) !important;background-position: 0 0;background-repeat:-repeat;}\u00bb overlay_bg=\u00bbrgba(20, 20, 20, 0.87)\u00bb responsive_css=\u00bbpadding_top_large:60px|padding_bottom_large:60px\u00bb][vc_column enable_content_animation=\u00bbyes\u00bb ca_init_scale_x=\u00bb1&#8243; ca_init_scale_y=\u00bb1&#8243; ca_init_opacity=\u00bb0&#8243; ca_an_scale_x=\u00bb1&#8243; ca_an_scale_y=\u00bb1&#8243; ca_an_opacity=\u00bb1&#8243; offset=\u00bbvc_col-lg-offset-2 vc_col-lg-8 vc_col-md-offset-1 vc_col-md-10&#8243; responsive_align=\u00bbtext-center\u00bb ca_duration=\u00bb1600&#8243; ca_delay=\u00bb160&#8243; ca_init_translate_y=\u00bb65&#8243; ca_init_rotate_y=\u00bb50&#8243; responsive_css=\u00bbpadding_top_medium:90px\u00bb][\/vc_column][\/vc_row][vc_row full_width=\u00bbstretch_row\u00bb gap=\u00bb0&#8243; equal_height=\u00bbyes\u00bb content_placement=\u00bbmiddle\u00bb][vc_column row_scale_bg_onhover=\u00bbyes\u00bb width=\u00bb1\/2&#8243; bg_position=\u00bbcenter center\u00bb css=\u00bb.vc_custom_1634907438897{padding-top: 50vw !important;padding-bottom: 50vw !important;background-image: url(http:\/\/heavyseas.net\/wp-content\/uploads\/2021\/10\/OK-95ff1e0e-e395-415c-a324-620f497c7388v4.jpg?id=11414) !important;background-position: center !important;background-repeat: no-repeat !important;background-size: cover !important;}\u00bb responsive_css=\u00bbpadding_top_small:0px|padding_bottom_small:0px\u00bb][\/vc_column][vc_column width=\u00bb1\/2&#8243; css=\u00bb.vc_custom_1611573024379{padding-top: 60px !important;padding-right: 5vw !important;padding-bottom: 60px !important;padding-left: 5vw !important;}\u00bb responsive_css=\u00bbpadding_top_medium:15vh|padding_right_medium:7vw|padding_bottom_medium:15vh|padding_left_medium:7vw|padding_top_small:10vh|padding_bottom_small:10vh\u00bb]<style>.ld_fancy_heading_69e7d1084937c h6 {margin-bottom:2em !important;  } .ld_fancy_heading_69e7d1084937c .lqd-highlight-inner{height:0.275em!important;bottom:0px!important;}.ld_fancy_heading_69e7d1084937c h6 {margin-bottom:2em !important;  } <\/style><div class=\"ld-fancy-heading mask-text ld_fancy_heading_69e7d1084937c\">\n\t<h6 class=\"ld-fh-element lqd-highlight-underline lqd-highlight-grow-left text-decoration-default lqd-split-lines\"   data-split-text=\"true\" data-split-options='{\"type\":\"lines\"}'>  \u2014 Tapicer\u00eda<\/h6><\/div><style>.ld_fancy_heading_69e7d10849d0a h2 {font-size:43px; } .ld_fancy_heading_69e7d10849d0a h2 {font-weight:500; } .ld_fancy_heading_69e7d10849d0a h2 {margin-bottom:0.8em !important;  } .ld_fancy_heading_69e7d10849d0a .lqd-highlight-inner{height:0.275em!important;bottom:0px!important;}.ld_fancy_heading_69e7d10849d0a h2 {font-size:43px; } .ld_fancy_heading_69e7d10849d0a h2 {font-weight:500; } .ld_fancy_heading_69e7d10849d0a h2 {margin-bottom:0.8em !important;  } <\/style><div class=\"ld-fancy-heading ld_fancy_heading_69e7d10849d0a\">\n\t<h2 class=\"ld-fh-element lqd-highlight-underline lqd-highlight-grow-left text-decoration-default\"   >  <span class=\"TextRun BCX0 SCXW86744653\" lang=\"ES-ES\" xml:lang=\"ES-ES\" data-contrast=\"auto\"><span class=\"NormalTextRun BCX0 SCXW86744653\">Fabricaciones especiales<\/span><\/span><\/h2><\/div><style>.ld_fancy_heading_69e7d1084a108 p {font-size:14px; } .ld_fancy_heading_69e7d1084a108 p {line-height:1.6em; } .ld_fancy_heading_69e7d1084a108 p {--element-line-height:1.6em; } .ld_fancy_heading_69e7d1084a108 .lqd-highlight-inner{height:0.275em!important;bottom:0px!important;}.ld_fancy_heading_69e7d1084a108 p {font-size:14px; } .ld_fancy_heading_69e7d1084a108 p {line-height:1.6em; } .ld_fancy_heading_69e7d1084a108 p {--element-line-height:1.6em; } <\/style><div class=\"ld-fancy-heading ld_fancy_heading_69e7d1084a108\">\n\t<p class=\"ld-fh-element lqd-highlight-underline lqd-highlight-grow-left text-decoration-default\"   >  <span data-contrast=\"auto\">Adem\u00e1s del <\/span><span data-contrast=\"auto\">tapizado n\u00e1utico<\/span><span data-contrast=\"auto\"> est\u00e1ndar para cubiertas, lonas y accesorios que ofrecemos, en Heavy Seas realizamos <\/span><b><span data-contrast=\"auto\">fabricaciones especiales<\/span><\/b><span data-contrast=\"auto\"> como ganchos para defensas, muebles a medida, marroquiner\u00eda, cubiertas de escape t\u00e9rmicas con mantas cer\u00e1micas y otros accesorios y art\u00edculos dise\u00f1ados para proteger y defender cualquier tipo de embarcaci\u00f3n.<\/span><span data-ccp-props=\"{&quot;201341983&quot;:0,&quot;335559739&quot;:160,&quot;335559740&quot;:259}\">\u00a0<\/span><\/p>\n<p><span data-contrast=\"auto\">Cada detalle de un barco debe ser cuidado y no siempre encontraremos en un cat\u00e1logo todo lo necesario o podremos hallarlo en Mallorca o en las Islas Baleares. Por ello, en Heavy Seas nos especializamos en <\/span><b><span data-contrast=\"auto\">dise\u00f1ar y crear fabricaciones especiales<\/span><\/b><span data-contrast=\"auto\"> que se pueden aplicar en cualquier barco, independientemente del tama\u00f1o y de la ubicaci\u00f3n.\u00a0<\/span><span data-ccp-props=\"{&quot;201341983&quot;:0,&quot;335559739&quot;:160,&quot;335559740&quot;:259}\">\u00a0<\/span><\/p>\n<p><span data-contrast=\"auto\">Nuestros talentosos expertos en <\/span><span data-contrast=\"auto\">tapizados para barcos<\/span><span data-contrast=\"auto\"> y costureros son muy habilidosos y ponen en pr\u00e1ctica su amplia trayectoria y conocimiento en la industria n\u00e1utica para <\/span><b><span data-contrast=\"auto\">dise\u00f1ar y personalizar fabricaciones especiales<\/span><\/b><span data-contrast=\"auto\">. Hemos trabajado en numerosos proyectos de diversa \u00edndole en los \u00faltimos a\u00f1os y nos enorgullecemos de nuestra labrada reputaci\u00f3n en adaptabilidad, rapidez y profesionalidad.\u00a0\u00a0<\/span><span data-ccp-props=\"{&quot;201341983&quot;:0,&quot;335559739&quot;:160,&quot;335559740&quot;:259}\">\u00a0<\/span><\/p>\n<p><span data-contrast=\"auto\">Otra pieza especial muy \u00fatil en la que trabajamos a menudo es el dise\u00f1o y construcci\u00f3n de soluciones de almacenamiento a medida a bordo para ayudar a guardar suministros, equipaje y las piezas de repuesto de manera segura. Esto permite a los propietarios y capitanes aprovechar el espacio restante, haci\u00e9ndolo atractivo con la ayuda de otros <\/span><b><span data-contrast=\"auto\">elementos de <\/span><\/b><b><span data-contrast=\"auto\">tapizado n\u00e1utico<\/span><\/b><b><span data-contrast=\"auto\"> y de dise\u00f1o<\/span><\/b><span data-contrast=\"auto\">. Adem\u00e1s, tambi\u00e9n garantiza el cumplimiento de las pol\u00edticas de salud y seguridad en el barco, ya que los objetos pueden desprenderse durante la navegaci\u00f3n.\u00a0<\/span><span data-ccp-props=\"{&quot;201341983&quot;:0,&quot;335559739&quot;:160,&quot;335559740&quot;:259}\">\u00a0<\/span><\/p>\n<p><span data-contrast=\"auto\">Ning\u00fan proyecto es demasiado grande o peque\u00f1o para Heavy Seas y nuestro equipo estar\u00e1 encantado de ofrecerte asesoramiento y soluciones en cualquiera de los puertos de Mallorca o alrededor de las Islas Baleares. Podemos <\/span><b><span data-contrast=\"auto\">integrar fabricaciones especiales<\/span><\/b><span data-contrast=\"auto\"> en nuestro presupuesto de reparaci\u00f3n o a\u00f1adirlas a cualquiera de nuestros servicios, podemos tomar medidas a bordo y evaluar tus necesidades en el momento. Ponte en contacto con nosotros para una consulta personalizada y haznos saber c\u00f3mo podemos ayudarte.\u00a0<\/span><span data-ccp-props=\"{&quot;201341983&quot;:0,&quot;335559739&quot;:160,&quot;335559740&quot;:259}\">\u00a0<\/span><\/p><\/div><style>.ld_spacer_69e7d1084a558{height:32px;}<\/style>\n<div class=\"ld-empty-space ld_spacer_69e7d1084a558\"><\/div><style>.ld_button_69e7d1084a6d1{color:rgb(255, 255, 255);}.ld_button_69e7d1084a6d1:hover{color:rgb(255, 255, 255);}<\/style><a href=\"https:\/\/heavyseas.net\/es\/marine-services\/marine-upholstery\/\" title=\"Marine services\" class=\"btn btn-solid circle border-thin btn-has-label ld_button_69e7d1084a6d1 vc_custom_1644833873301\" >\n\t<span>\n\t\n\t\t\t\t\t<span class=\"btn-txt\" data-text=\"Volver a tapicer\u00eda\" >Volver a tapicer\u00eda<\/span>\n\t\t\n\t\t\t\t\t<\/span>\n<\/a>\n<style>.ld_button_69e7d1084ac13{color:rgb(211, 18, 22);}.ld_button_69e7d1084ac13:hover{color:rgb(255, 255, 255);}<\/style><a href=\"https:\/\/heavyseas.net\/es\/marine-services\/\" title=\"Marine services\" class=\"btn btn-default circle btn-bordered border-thin btn-has-label ld_button_69e7d1084ac13\" >\n\t<span>\n\t\n\t\t\t\t\t<span class=\"btn-txt\" data-text=\"Volver a servicios n\u00e1uticos\" >Volver a servicios n\u00e1uticos<\/span>\n\t\t\n\t\t\t\t\t<\/span>\n<\/a>\n[\/vc_column][\/vc_row][vc_row full_width=\u00bbstretch_row\u00bb css=\u00bb.vc_custom_1630052914486{padding-top: 50px !important;padding-right: 10px !important;padding-bottom: 50px !important;padding-left: 10px !important;}\u00bb el_id=\u00bblqd-gallery\u00bb responsive_css=\u00bbpadding_right_medium:50px|padding_left_medium:50px\u00bb][vc_column]<div id=\"ld_media_69e7d1084b1d4\" class=\"ld-media-row row d-flex ld_media_69e7d1084b1d4\" data-liquid-masonry=\"true\" data-custom-animations=\"true\" data-ca-options='{\"triggerHandler\":\"inview\",\"animationTarget\":\".ld-media-item\",\"duration\":\"1800\",\"delay\":\"130\",\"ease\":\"power4.out\",\"initValues\":{\"y\":-1,\"opacity\":0},\"animations\":{\"y\":0,\"opacity\":1}}'>\n\t<div id=\"ld_media_element_69e7d1084b479\" class=\"vc_col-sm-6 vc_col-md-3 vc_col-xs-6 masonry-item ld_media_element_69e7d1084b479\">\n\n\t<div class=\"ld-media-item \">\n\n\t\t<figure data-responsive-bg=\"true\"><img decoding=\"async\" width=\"1024\" height=\"768\" src=\"https:\/\/heavyseas.net\/wp-content\/uploads\/2021\/09\/Heavy-Seas-Custom-Fabrications-Mallorca-9-1024x768-1.jpeg\" class=\"attachment-full size-full\" alt=\"\" srcset=\"https:\/\/heavyseas.net\/wp-content\/uploads\/2021\/09\/Heavy-Seas-Custom-Fabrications-Mallorca-9-1024x768-1.jpeg 1024w, https:\/\/heavyseas.net\/wp-content\/uploads\/2021\/09\/Heavy-Seas-Custom-Fabrications-Mallorca-9-1024x768-1-300x225.jpeg 300w\" sizes=\"(max-width: 1024px) 100vw, 1024px\" itemprop=\"image\" \/><\/figure>\n\t\t<div class=\"ld-media-item-overlay d-flex flex-column align-items-center text-center justify-content-center\">\n\n\t\t\t<div class=\"ld-media-bg\"><\/div>\n\n\t\t\t<div class=\"ld-media-content\">\n\t\t\t\t\t\t\t\t<span class=\"ld-media-icon icon-lg\">\n\t\t\t\t\t\t\t<span class=\"ld-media-icon-inner\">\n\t\t\t\t\t\t\t\t<i class=\"lqd-icn-ess icon-ion-ios-add\"><\/i>\n\t\t\t\t\t\t\t<\/span><!-- \/.ld-media-icon-inner -->\n\t\t\t\t\t\t<\/span><!-- \/.media-icon -->\t\t\t<\/div><!-- \/.ld-media-content -->\n\n\t\t<\/div><!-- \/.ld-media-item-overlay -->\n\n\t\t<a href=\"https:\/\/heavyseas.net\/wp-content\/uploads\/2021\/09\/Heavy-Seas-Custom-Fabrications-Mallorca-9-1024x768-1.jpeg\" class=\"liquid-overlay-link fresco\"  data-fresco-group=\"lqd-1575634066049-29fc854e-3303\"><\/a>\n\t<\/div><!-- \/.ld-media-item -->\n\n<\/div><!-- \/.col-md-3 -->\n<div id=\"ld_media_element_69e7d1084bf87\" class=\"vc_col-sm-6 vc_col-md-3 vc_col-xs-6 masonry-item ld_media_element_69e7d1084bf87\">\n\n\t<div class=\"ld-media-item \">\n\n\t\t<figure data-responsive-bg=\"true\"><img decoding=\"async\" width=\"1000\" height=\"330\" src=\"data:image\/svg+xml;charset=utf-8,%3Csvg xmlns%3D&#039;http%3A%2F%2Fwww.w3.org%2F2000%2Fsvg&#039; viewBox%3D&#039;0 0 1000 330&#039;%2F%3E\" class=\"attachment-full size-full ld-lazyload\" alt=\"\" itemprop=\"image\" data-src=\"https:\/\/heavyseas.net\/wp-content\/uploads\/2021\/09\/specials05.jpeg\" data-srcset=\"https:\/\/heavyseas.net\/wp-content\/uploads\/2021\/09\/specials05.jpeg 1000w, https:\/\/heavyseas.net\/wp-content\/uploads\/2021\/09\/specials05-300x99.jpeg 300w\" data-sizes=\"(max-width: 1000px) 100vw, 1000px\" data-aspect=\"3.030303030303\" \/><\/figure>\n\t\t<div class=\"ld-media-item-overlay d-flex flex-column align-items-center text-center justify-content-center\">\n\n\t\t\t<div class=\"ld-media-bg\"><\/div>\n\n\t\t\t<div class=\"ld-media-content\">\n\t\t\t\t\t\t\t\t<span class=\"ld-media-icon icon-lg\">\n\t\t\t\t\t\t\t<span class=\"ld-media-icon-inner\">\n\t\t\t\t\t\t\t\t<i class=\"lqd-icn-ess icon-ion-ios-add\"><\/i>\n\t\t\t\t\t\t\t<\/span><!-- \/.ld-media-icon-inner -->\n\t\t\t\t\t\t<\/span><!-- \/.media-icon -->\t\t\t<\/div><!-- \/.ld-media-content -->\n\n\t\t<\/div><!-- \/.ld-media-item-overlay -->\n\n\t\t<a href=\"https:\/\/heavyseas.net\/wp-content\/uploads\/2021\/09\/specials05.jpeg\" class=\"liquid-overlay-link fresco\"  data-fresco-group=\"lqd-1575634066049-29fc854e-3303\"><\/a>\n\t<\/div><!-- \/.ld-media-item -->\n\n<\/div><!-- \/.col-md-3 -->\n<div id=\"ld_media_element_69e7d1085b976\" class=\"vc_col-sm-6 vc_col-md-3 vc_col-xs-6 masonry-item ld_media_element_69e7d1085b976\">\n\n\t<div class=\"ld-media-item \">\n\n\t\t<figure data-responsive-bg=\"true\"><img decoding=\"async\" width=\"1000\" height=\"750\" src=\"data:image\/svg+xml;charset=utf-8,%3Csvg xmlns%3D&#039;http%3A%2F%2Fwww.w3.org%2F2000%2Fsvg&#039; viewBox%3D&#039;0 0 1000 750&#039;%2F%3E\" class=\"attachment-full size-full ld-lazyload\" alt=\"\" itemprop=\"image\" data-src=\"https:\/\/heavyseas.net\/wp-content\/uploads\/2021\/08\/specials06-2-1.jpeg\" data-srcset=\"https:\/\/heavyseas.net\/wp-content\/uploads\/2021\/08\/specials06-2-1.jpeg 1000w, https:\/\/heavyseas.net\/wp-content\/uploads\/2021\/08\/specials06-2-1-300x225.jpeg 300w\" data-sizes=\"(max-width: 1000px) 100vw, 1000px\" data-aspect=\"1.3333333333333\" \/><\/figure>\n\t\t<div class=\"ld-media-item-overlay d-flex flex-column align-items-center text-center justify-content-center\">\n\n\t\t\t<div class=\"ld-media-bg\"><\/div>\n\n\t\t\t<div class=\"ld-media-content\">\n\t\t\t\t\t\t\t\t<span class=\"ld-media-icon icon-lg\">\n\t\t\t\t\t\t\t<span class=\"ld-media-icon-inner\">\n\t\t\t\t\t\t\t\t<i class=\"lqd-icn-ess icon-ion-ios-add\"><\/i>\n\t\t\t\t\t\t\t<\/span><!-- \/.ld-media-icon-inner -->\n\t\t\t\t\t\t<\/span><!-- \/.media-icon -->\t\t\t<\/div><!-- \/.ld-media-content -->\n\n\t\t<\/div><!-- \/.ld-media-item-overlay -->\n\n\t\t<a href=\"https:\/\/heavyseas.net\/wp-content\/uploads\/2021\/08\/specials06-2-1.jpeg\" class=\"liquid-overlay-link fresco\"  data-fresco-group=\"lqd-1575634066049-29fc854e-3303\"><\/a>\n\t<\/div><!-- \/.ld-media-item -->\n\n<\/div><!-- \/.col-md-3 -->\n<div id=\"ld_media_element_69e7d1086aa3d\" class=\"vc_col-sm-6 vc_col-md-3 vc_col-xs-6 masonry-item ld_media_element_69e7d1086aa3d\">\n\n\t<div class=\"ld-media-item \">\n\n\t\t<figure data-responsive-bg=\"true\"><img decoding=\"async\" width=\"1000\" height=\"750\" src=\"data:image\/svg+xml;charset=utf-8,%3Csvg xmlns%3D&#039;http%3A%2F%2Fwww.w3.org%2F2000%2Fsvg&#039; viewBox%3D&#039;0 0 1000 750&#039;%2F%3E\" class=\"attachment-full size-full ld-lazyload\" alt=\"\" itemprop=\"image\" data-src=\"https:\/\/heavyseas.net\/wp-content\/uploads\/2021\/10\/specials03-2-1-1.jpg\" data-srcset=\"https:\/\/heavyseas.net\/wp-content\/uploads\/2021\/10\/specials03-2-1-1.jpg 1000w, https:\/\/heavyseas.net\/wp-content\/uploads\/2021\/10\/specials03-2-1-1-300x225.jpg 300w\" data-sizes=\"(max-width: 1000px) 100vw, 1000px\" data-aspect=\"1.3333333333333\" \/><\/figure>\n\t\t<div class=\"ld-media-item-overlay d-flex flex-column align-items-center text-center justify-content-center\">\n\n\t\t\t<div class=\"ld-media-bg\"><\/div>\n\n\t\t\t<div class=\"ld-media-content\">\n\t\t\t\t\t\t\t\t<span class=\"ld-media-icon icon-lg\">\n\t\t\t\t\t\t\t<span class=\"ld-media-icon-inner\">\n\t\t\t\t\t\t\t\t<i class=\"lqd-icn-ess icon-ion-ios-add\"><\/i>\n\t\t\t\t\t\t\t<\/span><!-- \/.ld-media-icon-inner -->\n\t\t\t\t\t\t<\/span><!-- \/.media-icon -->\t\t\t<\/div><!-- \/.ld-media-content -->\n\n\t\t<\/div><!-- \/.ld-media-item-overlay -->\n\n\t\t<a href=\"https:\/\/heavyseas.net\/wp-content\/uploads\/2021\/10\/specials03-2-1-1.jpg\" class=\"liquid-overlay-link fresco\"  data-fresco-group=\"lqd-1575634066049-29fc854e-3303\"><\/a>\n\t<\/div><!-- \/.ld-media-item -->\n\n<\/div><!-- \/.col-md-3 --><\/p>\n<\/div><!-- \/.ld-media-row -->\n\n\n[\/vc_column][\/vc_row]<\/p>\n","protected":false},"excerpt":{"rendered":"<p>[vc_row full_width=\u00bbstretch_row\u00bb parallax=\u00bbenable_parallax\u00bb bg_position=\u00bbcenter center\u00bb enable_overlay=\u00bbyes\u00bb css=\u00bb.vc_custom_1629985067764{background-image: url(http:\/\/heavyseas.net\/wp-content\/uploads\/2021\/08\/HeavySeas_Home_00.jpg?id=9330) !important;background-position: 0 0;background-repeat:-repeat;}\u00bb overlay_bg=\u00bbrgba(20, 20, 20, 0.87)\u00bb responsive_css=\u00bbpadding_top_large:60px|padding_bottom_large:60px\u00bb][vc_column enable_content_animation=\u00bbyes\u00bb ca_init_scale_x=\u00bb1&#8243; ca_init_scale_y=\u00bb1&#8243; ca_init_opacity=\u00bb0&#8243; ca_an_scale_x=\u00bb1&#8243; ca_an_scale_y=\u00bb1&#8243; ca_an_opacity=\u00bb1&#8243; offset=\u00bbvc_col-lg-offset-2 vc_col-lg-8 vc_col-md-offset-1 vc_col-md-10&#8243; responsive_align=\u00bbtext-center\u00bb ca_duration=\u00bb1600&#8243; ca_delay=\u00bb160&#8243; ca_init_translate_y=\u00bb65&#8243; ca_init_rotate_y=\u00bb50&#8243; responsive_css=\u00bbpadding_top_medium:90px\u00bb][\/vc_column][\/vc_row][vc_row full_width=\u00bbstretch_row\u00bb gap=\u00bb0&#8243; equal_height=\u00bbyes\u00bb content_placement=\u00bbmiddle\u00bb][vc_column row_scale_bg_onhover=\u00bbyes\u00bb width=\u00bb1\/2&#8243; bg_position=\u00bbcenter center\u00bb css=\u00bb.vc_custom_1634907438897{padding-top: 50vw !important;padding-bottom: 50vw !important;background-image: url(http:\/\/heavyseas.net\/wp-content\/uploads\/2021\/10\/OK-95ff1e0e-e395-415c-a324-620f497c7388v4.jpg?id=11414) !important;background-position: center !important;background-repeat: no-repeat !important;background-size: cover !important;}\u00bb responsive_css=\u00bbpadding_top_small:0px|padding_bottom_small:0px\u00bb][\/vc_column][vc_column [&hellip;]<\/p>\n","protected":false},"author":1,"featured_media":0,"parent":13839,"menu_order":0,"comment_status":"closed","ping_status":"closed","template":"","meta":{"_joinchat":[],"footnotes":""},"class_list":["post-13866","page","type-page","status-publish","hentry"],"yoast_head":"<!-- This site is optimized with the Yoast SEO plugin v27.2 - https:\/\/yoast.com\/product\/yoast-seo-wordpress\/ -->\n<title>Fabricaci\u00f3n a medida - Heavyseas<\/title>\n<meta name=\"description\" content=\"Heavy Seas realiza fabricaciones especiales de tapicer\u00eda para barcos en Mallorca y Baleares para cualquier tipo de embarcaci\u00f3n.\u00a0\" \/>\n<meta name=\"robots\" content=\"index, follow, max-snippet:-1, max-image-preview:large, max-video-preview:-1\" \/>\n<link rel=\"canonical\" href=\"https:\/\/heavyseas.net\/es\/servicios-nauticos\/tapiceria-nautica\/fabricacion-a-medida\/\" \/>\n<meta property=\"og:locale\" content=\"es_ES\" \/>\n<meta property=\"og:type\" content=\"article\" \/>\n<meta property=\"og:title\" content=\"Fabricaci\u00f3n a medida - Heavyseas\" \/>\n<meta property=\"og:description\" content=\"Heavy Seas realiza fabricaciones especiales de tapicer\u00eda para barcos en Mallorca y Baleares para cualquier tipo de embarcaci\u00f3n.\u00a0\" \/>\n<meta property=\"og:url\" content=\"https:\/\/heavyseas.net\/es\/servicios-nauticos\/tapiceria-nautica\/fabricacion-a-medida\/\" \/>\n<meta property=\"og:site_name\" content=\"Heavyseas\" \/>\n<meta property=\"article:modified_time\" content=\"2022-04-05T09:08:25+00:00\" \/>\n<meta name=\"twitter:card\" content=\"summary_large_image\" \/>\n<meta name=\"twitter:label1\" content=\"Tiempo de lectura\" \/>\n\t<meta name=\"twitter:data1\" content=\"3 minutos\" \/>\n<script type=\"application\/ld+json\" class=\"yoast-schema-graph\">{\"@context\":\"https:\/\/schema.org\",\"@graph\":[{\"@type\":\"WebPage\",\"@id\":\"https:\/\/heavyseas.net\/es\/servicios-nauticos\/tapiceria-nautica\/fabricacion-a-medida\/\",\"url\":\"https:\/\/heavyseas.net\/es\/servicios-nauticos\/tapiceria-nautica\/fabricacion-a-medida\/\",\"name\":\"Fabricaci\u00f3n a medida - Heavyseas\",\"isPartOf\":{\"@id\":\"https:\/\/heavyseas.net\/es\/#website\"},\"datePublished\":\"2021-08-27T08:10:53+00:00\",\"dateModified\":\"2022-04-05T09:08:25+00:00\",\"description\":\"Heavy Seas realiza fabricaciones especiales de tapicer\u00eda para barcos en Mallorca y Baleares para cualquier tipo de embarcaci\u00f3n.\u00a0\",\"breadcrumb\":{\"@id\":\"https:\/\/heavyseas.net\/es\/servicios-nauticos\/tapiceria-nautica\/fabricacion-a-medida\/#breadcrumb\"},\"inLanguage\":\"es\",\"potentialAction\":[{\"@type\":\"ReadAction\",\"target\":[\"https:\/\/heavyseas.net\/es\/servicios-nauticos\/tapiceria-nautica\/fabricacion-a-medida\/\"]}]},{\"@type\":\"BreadcrumbList\",\"@id\":\"https:\/\/heavyseas.net\/es\/servicios-nauticos\/tapiceria-nautica\/fabricacion-a-medida\/#breadcrumb\",\"itemListElement\":[{\"@type\":\"ListItem\",\"position\":1,\"name\":\"Portada\",\"item\":\"https:\/\/heavyseas.net\/es\/\"},{\"@type\":\"ListItem\",\"position\":2,\"name\":\"Servicios n\u00e1uticos\",\"item\":\"https:\/\/heavyseas.net\/es\/servicios-nauticos\/\"},{\"@type\":\"ListItem\",\"position\":3,\"name\":\"Tapicer\u00eda n\u00e1utica\",\"item\":\"https:\/\/heavyseas.net\/es\/servicios-nauticos\/tapiceria-nautica\/\"},{\"@type\":\"ListItem\",\"position\":4,\"name\":\"Fabricaci\u00f3n a medida\"}]},{\"@type\":\"WebSite\",\"@id\":\"https:\/\/heavyseas.net\/es\/#website\",\"url\":\"https:\/\/heavyseas.net\/es\/\",\"name\":\"Heavyseas\",\"description\":\"Refit and Maintenance Solutions\",\"potentialAction\":[{\"@type\":\"SearchAction\",\"target\":{\"@type\":\"EntryPoint\",\"urlTemplate\":\"https:\/\/heavyseas.net\/es\/?s={search_term_string}\"},\"query-input\":{\"@type\":\"PropertyValueSpecification\",\"valueRequired\":true,\"valueName\":\"search_term_string\"}}],\"inLanguage\":\"es\"}]}<\/script>\n<!-- \/ Yoast SEO plugin. -->","yoast_head_json":{"title":"Fabricaci\u00f3n a medida - Heavyseas","description":"Heavy Seas realiza fabricaciones especiales de tapicer\u00eda para barcos en Mallorca y Baleares para cualquier tipo de embarcaci\u00f3n.\u00a0","robots":{"index":"index","follow":"follow","max-snippet":"max-snippet:-1","max-image-preview":"max-image-preview:large","max-video-preview":"max-video-preview:-1"},"canonical":"https:\/\/heavyseas.net\/es\/servicios-nauticos\/tapiceria-nautica\/fabricacion-a-medida\/","og_locale":"es_ES","og_type":"article","og_title":"Fabricaci\u00f3n a medida - Heavyseas","og_description":"Heavy Seas realiza fabricaciones especiales de tapicer\u00eda para barcos en Mallorca y Baleares para cualquier tipo de embarcaci\u00f3n.\u00a0","og_url":"https:\/\/heavyseas.net\/es\/servicios-nauticos\/tapiceria-nautica\/fabricacion-a-medida\/","og_site_name":"Heavyseas","article_modified_time":"2022-04-05T09:08:25+00:00","twitter_card":"summary_large_image","twitter_misc":{"Tiempo de lectura":"3 minutos"},"schema":{"@context":"https:\/\/schema.org","@graph":[{"@type":"WebPage","@id":"https:\/\/heavyseas.net\/es\/servicios-nauticos\/tapiceria-nautica\/fabricacion-a-medida\/","url":"https:\/\/heavyseas.net\/es\/servicios-nauticos\/tapiceria-nautica\/fabricacion-a-medida\/","name":"Fabricaci\u00f3n a medida - Heavyseas","isPartOf":{"@id":"https:\/\/heavyseas.net\/es\/#website"},"datePublished":"2021-08-27T08:10:53+00:00","dateModified":"2022-04-05T09:08:25+00:00","description":"Heavy Seas realiza fabricaciones especiales de tapicer\u00eda para barcos en Mallorca y Baleares para cualquier tipo de embarcaci\u00f3n.\u00a0","breadcrumb":{"@id":"https:\/\/heavyseas.net\/es\/servicios-nauticos\/tapiceria-nautica\/fabricacion-a-medida\/#breadcrumb"},"inLanguage":"es","potentialAction":[{"@type":"ReadAction","target":["https:\/\/heavyseas.net\/es\/servicios-nauticos\/tapiceria-nautica\/fabricacion-a-medida\/"]}]},{"@type":"BreadcrumbList","@id":"https:\/\/heavyseas.net\/es\/servicios-nauticos\/tapiceria-nautica\/fabricacion-a-medida\/#breadcrumb","itemListElement":[{"@type":"ListItem","position":1,"name":"Portada","item":"https:\/\/heavyseas.net\/es\/"},{"@type":"ListItem","position":2,"name":"Servicios n\u00e1uticos","item":"https:\/\/heavyseas.net\/es\/servicios-nauticos\/"},{"@type":"ListItem","position":3,"name":"Tapicer\u00eda n\u00e1utica","item":"https:\/\/heavyseas.net\/es\/servicios-nauticos\/tapiceria-nautica\/"},{"@type":"ListItem","position":4,"name":"Fabricaci\u00f3n a medida"}]},{"@type":"WebSite","@id":"https:\/\/heavyseas.net\/es\/#website","url":"https:\/\/heavyseas.net\/es\/","name":"Heavyseas","description":"Refit and Maintenance Solutions","potentialAction":[{"@type":"SearchAction","target":{"@type":"EntryPoint","urlTemplate":"https:\/\/heavyseas.net\/es\/?s={search_term_string}"},"query-input":{"@type":"PropertyValueSpecification","valueRequired":true,"valueName":"search_term_string"}}],"inLanguage":"es"}]}},"_links":{"self":[{"href":"https:\/\/heavyseas.net\/es\/wp-json\/wp\/v2\/pages\/13866","targetHints":{"allow":["GET"]}}],"collection":[{"href":"https:\/\/heavyseas.net\/es\/wp-json\/wp\/v2\/pages"}],"about":[{"href":"https:\/\/heavyseas.net\/es\/wp-json\/wp\/v2\/types\/page"}],"author":[{"embeddable":true,"href":"https:\/\/heavyseas.net\/es\/wp-json\/wp\/v2\/users\/1"}],"replies":[{"embeddable":true,"href":"https:\/\/heavyseas.net\/es\/wp-json\/wp\/v2\/comments?post=13866"}],"version-history":[{"count":5,"href":"https:\/\/heavyseas.net\/es\/wp-json\/wp\/v2\/pages\/13866\/revisions"}],"predecessor-version":[{"id":14220,"href":"https:\/\/heavyseas.net\/es\/wp-json\/wp\/v2\/pages\/13866\/revisions\/14220"}],"up":[{"embeddable":true,"href":"https:\/\/heavyseas.net\/es\/wp-json\/wp\/v2\/pages\/13839"}],"wp:attachment":[{"href":"https:\/\/heavyseas.net\/es\/wp-json\/wp\/v2\/media?parent=13866"}],"curies":[{"name":"wp","href":"https:\/\/api.w.org\/{rel}","templated":true}]}}