{"id":13825,"date":"2021-08-27T08:10:53","date_gmt":"2021-08-27T08:10:53","guid":{"rendered":"https:\/\/heavyseas.net\/?page_id=13825"},"modified":"2022-04-05T08:52:32","modified_gmt":"2022-04-05T08:52:32","slug":"yanmar-servicio-oficial","status":"publish","type":"page","link":"https:\/\/heavyseas.net\/es\/servicios-nauticos\/mecanica\/yanmar-servicio-oficial\/","title":{"rendered":"Yanmar Servicio Oficial"},"content":{"rendered":"<p>[vc_row full_width=\u00bbstretch_row\u00bb parallax=\u00bbenable_parallax\u00bb bg_position=\u00bbcenter center\u00bb enable_overlay=\u00bbyes\u00bb css=\u00bb.vc_custom_1629985067764{background-image: url(http:\/\/heavyseas.net\/wp-content\/uploads\/2021\/08\/HeavySeas_Home_00.jpg?id=9330) !important;background-position: 0 0;background-repeat:-repeat;}\u00bb overlay_bg=\u00bbrgba(20, 20, 20, 0.87)\u00bb responsive_css=\u00bbpadding_top_large:60px|padding_bottom_large:60px\u00bb][vc_column enable_content_animation=\u00bbyes\u00bb ca_init_scale_x=\u00bb1&#8243; ca_init_scale_y=\u00bb1&#8243; ca_init_opacity=\u00bb0&#8243; ca_an_scale_x=\u00bb1&#8243; ca_an_scale_y=\u00bb1&#8243; ca_an_opacity=\u00bb1&#8243; offset=\u00bbvc_col-lg-offset-2 vc_col-lg-8 vc_col-md-offset-1 vc_col-md-10&#8243; responsive_align=\u00bbtext-center\u00bb ca_duration=\u00bb1600&#8243; ca_delay=\u00bb160&#8243; ca_init_translate_y=\u00bb65&#8243; ca_init_rotate_y=\u00bb50&#8243; responsive_css=\u00bbpadding_top_medium:90px\u00bb][\/vc_column][\/vc_row][vc_row full_width=\u00bbstretch_row\u00bb gap=\u00bb0&#8243; equal_height=\u00bbyes\u00bb content_placement=\u00bbmiddle\u00bb][vc_column row_scale_bg_onhover=\u00bbyes\u00bb width=\u00bb1\/2&#8243; bg_position=\u00bbcenter center\u00bb css=\u00bb.vc_custom_1635243083599{padding-top: 50vw !important;padding-bottom: 50vw !important;background-image: url(http:\/\/heavyseas.net\/wp-content\/uploads\/2021\/10\/Yanmar-on-Castoldi.jpeg?id=11524) !important;background-position: center !important;background-repeat: no-repeat !important;background-size: cover !important;}\u00bb responsive_css=\u00bbpadding_top_small:0px|padding_bottom_small:0px\u00bb][\/vc_column][vc_column width=\u00bb1\/2&#8243; css=\u00bb.vc_custom_1611573024379{padding-top: 60px !important;padding-right: 5vw !important;padding-bottom: 60px !important;padding-left: 5vw !important;}\u00bb responsive_css=\u00bbpadding_top_medium:15vh|padding_right_medium:7vw|padding_bottom_medium:15vh|padding_left_medium:7vw|padding_top_small:10vh|padding_bottom_small:10vh\u00bb]<style>.ld_fancy_heading_69f4d1824fbba h6 {margin-bottom:2em !important;  } .ld_fancy_heading_69f4d1824fbba .lqd-highlight-inner{height:0.275em!important;bottom:0px!important;}.ld_fancy_heading_69f4d1824fbba h6 {margin-bottom:2em !important;  } <\/style><div class=\"ld-fancy-heading mask-text ld_fancy_heading_69f4d1824fbba\">\n\t<h6 class=\"ld-fh-element lqd-highlight-underline lqd-highlight-grow-left text-decoration-default lqd-split-lines\"   data-split-text=\"true\" data-split-options='{\"type\":\"lines\"}'>  \u2014 Servicios mec\u00e1nicos<\/h6><\/div>[vc_single_image image=\u00bb9412&#8243; img_size=\u00bbmedium\u00bb]<style>.ld_fancy_heading_69f4d18250802 h2 {font-size:43px; } .ld_fancy_heading_69f4d18250802 h2 {font-weight:500; } .ld_fancy_heading_69f4d18250802 h2 {margin-bottom:0.8em !important;  } .ld_fancy_heading_69f4d18250802 .lqd-highlight-inner{height:0.275em!important;bottom:0px!important;}.ld_fancy_heading_69f4d18250802 h2 {font-size:43px; } .ld_fancy_heading_69f4d18250802 h2 {font-weight:500; } .ld_fancy_heading_69f4d18250802 h2 {margin-bottom:0.8em !important;  } <\/style><div class=\"ld-fancy-heading ld_fancy_heading_69f4d18250802\">\n\t<h2 class=\"ld-fh-element lqd-highlight-underline lqd-highlight-grow-left text-decoration-default\"   >  <span class=\"NormalTextRun BCX0 SCXW43153595\">Servicio Cualificado <\/span><span class=\"NormalTextRun SpellingErrorV2 BCX0 DefaultHighlightTransition SCXW43153595 SpellingErrorHighlight\">Yanmar<\/span><\/h2><\/div><style>.ld_fancy_heading_69f4d18250e51 p {font-size:14px; } .ld_fancy_heading_69f4d18250e51 p {line-height:1.6em; } .ld_fancy_heading_69f4d18250e51 p {--element-line-height:1.6em; } .ld_fancy_heading_69f4d18250e51 .lqd-highlight-inner{height:0.275em!important;bottom:0px!important;}.ld_fancy_heading_69f4d18250e51 p {font-size:14px; } .ld_fancy_heading_69f4d18250e51 p {line-height:1.6em; } .ld_fancy_heading_69f4d18250e51 p {--element-line-height:1.6em; } <\/style><div class=\"ld-fancy-heading ld_fancy_heading_69f4d18250e51\">\n\t<p class=\"ld-fh-element lqd-highlight-underline lqd-highlight-grow-left text-decoration-default\"   >  <span data-contrast=\"auto\">Gracias a sus m\u00e1s de diez a\u00f1os de experiencia en el sector n\u00e1utico en Baleares y a la trayectoria de nuestros equipos, Heavy Seas est\u00e1 catalogado como <\/span><b><span data-contrast=\"auto\">Servicio Cualificado de Yanmar<\/span><\/b><span data-contrast=\"auto\">. Esto significa que estamos preparados para cuidar y mantener tu <\/span><span data-contrast=\"auto\">motor Yanmar<\/span><span data-contrast=\"auto\">.<\/span><span data-ccp-props=\"{}\">\u00a0<\/span><\/p>\n<p><span data-ccp-props=\"{}\">\u00a0<\/span><\/p>\n<p><span data-contrast=\"auto\">Como parte de la red oficial de Yanmar, podemos ofrecerte el mejor asesoramiento y apoyo en todo lo relacionado con tu motor di\u00e9sel para barcos Yanmar. \u00a0<\/span><\/p>\n<p><span data-ccp-props=\"{}\">\u00a0<\/span><\/p>\n<p><span data-contrast=\"auto\">Con <\/span><b><span data-contrast=\"auto\">m\u00e1s de 100 a\u00f1os de experiencia<\/span><\/b><span data-contrast=\"auto\"> en la innovaci\u00f3n de motores di\u00e9sel y 75 a\u00f1os trabajando en el sector de la tecnolog\u00eda marina, Yanmar lleva m\u00e1s de 50 a\u00f1os fabricando con \u00e9xito motores para embarcaciones de recreo. Por ello, Heavy Seas se enorgullece de trabajar con una empresa con tanta reputaci\u00f3n en todo el mundo a la hora de establecer el est\u00e1ndar en la propulsi\u00f3n de veleros y peque\u00f1as embarcaciones.<\/span><span data-ccp-props=\"{}\">\u00a0<\/span><\/p>\n<p><span data-ccp-props=\"{}\">\u00a0<\/span><\/p>\n<p><span data-contrast=\"auto\">Los <\/span><span data-contrast=\"auto\">motores Yanmar<\/span><span data-contrast=\"auto\"> son conocidos por su calidad superior y por utilizar lo \u00faltimo en tecnolog\u00eda de vanguardia y, lo que es m\u00e1s importante, el <\/span><span data-contrast=\"auto\">motor Yanmar<\/span><span data-contrast=\"auto\"> se fabrica utilizando <\/span><b><span data-contrast=\"auto\">las soluciones m\u00e1s sostenibles del mercado<\/span><\/b><span data-contrast=\"auto\">, todos ellos valores y atributos clave que comparte Heavy Seas.<\/span><span data-ccp-props=\"{}\">\u00a0<\/span><\/p>\n<p><span data-ccp-props=\"{}\">\u00a0<\/span><\/p>\n<p><span data-contrast=\"auto\">Heavy Seas puede asegurar la <\/span><b><span data-contrast=\"auto\">correcta sustituci\u00f3n de cualquier motor Yanmar<\/span><\/b><span data-contrast=\"auto\"> que necesite ser reemplazado en cualquier tipo de barco de cualquier tama\u00f1o. Si solo se requieren piezas de repuesto para <\/span><span data-contrast=\"auto\">motores Yanmar<\/span><span data-contrast=\"auto\">, las entregamos y montamos a bordo en cualquier puerto de Mallorca o en las Islas Baleares. Nuestro equipo de expertos est\u00e1 disponible para trabajar mano a mano contigo para identificar qu\u00e9 se requiere y, gracias a nuestra cualificaci\u00f3n como servicio oficial de Yanmar, nos aseguraremos de que tu solicitud es recibida y tratada eficientemente.\u00a0<\/span><span data-ccp-props=\"{}\">\u00a0<\/span><\/p><\/div><style>.ld_spacer_69f4d18251435{height:32px;}<\/style>\n<div class=\"ld-empty-space ld_spacer_69f4d18251435\"><\/div><style>.ld_button_69f4d182516db{color:rgb(255, 255, 255);}.ld_button_69f4d182516db:hover{color:rgb(255, 255, 255);}<\/style><a href=\"https:\/\/heavyseas.net\/es\/servicios-nauticos\/\" title=\"Marine services\" class=\"btn btn-solid circle border-thin btn-has-label ld_button_69f4d182516db\" >\n\t<span>\n\t\n\t\t\t\t\t<span class=\"btn-txt\" data-text=\"Volver a servicios n\u00e1uticos\" >Volver a servicios n\u00e1uticos<\/span>\n\t\t\n\t\t\t\t\t<\/span>\n<\/a>\n[\/vc_column][\/vc_row][vc_row full_width=\u00bbstretch_row\u00bb css=\u00bb.vc_custom_1630052914486{padding-top: 50px !important;padding-right: 10px !important;padding-bottom: 50px !important;padding-left: 10px !important;}\u00bb el_id=\u00bblqd-gallery\u00bb responsive_css=\u00bbpadding_right_medium:50px|padding_left_medium:50px\u00bb][vc_column]<div id=\"ld_media_69f4d18251c10\" class=\"ld-media-row row d-flex ld_media_69f4d18251c10\" data-liquid-masonry=\"true\" data-custom-animations=\"true\" data-ca-options='{\"triggerHandler\":\"inview\",\"animationTarget\":\".ld-media-item\",\"duration\":\"1800\",\"delay\":\"130\",\"ease\":\"power4.out\",\"initValues\":{\"y\":-1,\"opacity\":0},\"animations\":{\"y\":0,\"opacity\":1}}'>\n\t<div id=\"ld_media_element_69f4d18251ee7\" class=\"vc_col-sm-6 vc_col-md-3 vc_col-xs-6 masonry-item ld_media_element_69f4d18251ee7\">\n\n\t<div class=\"ld-media-item \">\n\n\t\t<figure data-responsive-bg=\"true\"><img decoding=\"async\" width=\"1000\" height=\"750\" src=\"https:\/\/heavyseas.net\/wp-content\/uploads\/2021\/09\/Yanmar-4JH3-being-serviced-and-reconditioned.jpeg\" class=\"attachment-full size-full\" alt=\"\" srcset=\"https:\/\/heavyseas.net\/wp-content\/uploads\/2021\/09\/Yanmar-4JH3-being-serviced-and-reconditioned.jpeg 1000w, https:\/\/heavyseas.net\/wp-content\/uploads\/2021\/09\/Yanmar-4JH3-being-serviced-and-reconditioned-300x225.jpeg 300w\" sizes=\"(max-width: 1000px) 100vw, 1000px\" itemprop=\"image\" \/><\/figure>\n\t\t<div class=\"ld-media-item-overlay d-flex flex-column align-items-center text-center justify-content-center\">\n\n\t\t\t<div class=\"ld-media-bg\"><\/div>\n\n\t\t\t<div class=\"ld-media-content\">\n\t\t\t\t\t\t\t\t<span class=\"ld-media-icon icon-lg\">\n\t\t\t\t\t\t\t<span class=\"ld-media-icon-inner\">\n\t\t\t\t\t\t\t\t<i class=\"lqd-icn-ess icon-ion-ios-add\"><\/i>\n\t\t\t\t\t\t\t<\/span><!-- \/.ld-media-icon-inner -->\n\t\t\t\t\t\t<\/span><!-- \/.media-icon -->\t\t\t<\/div><!-- \/.ld-media-content -->\n\n\t\t<\/div><!-- \/.ld-media-item-overlay -->\n\n\t\t<a href=\"https:\/\/heavyseas.net\/wp-content\/uploads\/2021\/09\/Yanmar-4JH3-being-serviced-and-reconditioned.jpeg\" class=\"liquid-overlay-link fresco\"  data-fresco-group=\"lqd-1575634066049-29fc854e-3303\"><\/a>\n\t<\/div><!-- \/.ld-media-item -->\n\n<\/div><!-- \/.col-md-3 -->\n<div id=\"ld_media_element_69f4d18252c1d\" class=\"vc_col-sm-6 vc_col-md-3 vc_col-xs-6 masonry-item ld_media_element_69f4d18252c1d\">\n\n\t<div class=\"ld-media-item \">\n\n\t\t<figure data-responsive-bg=\"true\"><img decoding=\"async\" width=\"1000\" height=\"750\" src=\"data:image\/svg+xml;charset=utf-8,%3Csvg xmlns%3D&#039;http%3A%2F%2Fwww.w3.org%2F2000%2Fsvg&#039; viewBox%3D&#039;0 0 1000 750&#039;%2F%3E\" class=\"attachment-full size-full ld-lazyload\" alt=\"\" itemprop=\"image\" data-src=\"https:\/\/heavyseas.net\/wp-content\/uploads\/2021\/09\/Yanmar-6LY-being-serviced-and-restored.jpeg\" data-srcset=\"https:\/\/heavyseas.net\/wp-content\/uploads\/2021\/09\/Yanmar-6LY-being-serviced-and-restored.jpeg 1000w, https:\/\/heavyseas.net\/wp-content\/uploads\/2021\/09\/Yanmar-6LY-being-serviced-and-restored-300x225.jpeg 300w\" data-sizes=\"(max-width: 1000px) 100vw, 1000px\" data-aspect=\"1.3333333333333\" \/><\/figure>\n\t\t<div class=\"ld-media-item-overlay d-flex flex-column align-items-center text-center justify-content-center\">\n\n\t\t\t<div class=\"ld-media-bg\"><\/div>\n\n\t\t\t<div class=\"ld-media-content\">\n\t\t\t\t\t\t\t\t<span class=\"ld-media-icon icon-lg\">\n\t\t\t\t\t\t\t<span class=\"ld-media-icon-inner\">\n\t\t\t\t\t\t\t\t<i class=\"lqd-icn-ess icon-ion-ios-add\"><\/i>\n\t\t\t\t\t\t\t<\/span><!-- \/.ld-media-icon-inner -->\n\t\t\t\t\t\t<\/span><!-- \/.media-icon -->\t\t\t<\/div><!-- \/.ld-media-content -->\n\n\t\t<\/div><!-- \/.ld-media-item-overlay -->\n\n\t\t<a href=\"https:\/\/heavyseas.net\/wp-content\/uploads\/2021\/09\/Yanmar-6LY-being-serviced-and-restored.jpeg\" class=\"liquid-overlay-link fresco\"  data-fresco-group=\"lqd-1575634066049-29fc854e-3303\"><\/a>\n\t<\/div><!-- \/.ld-media-item -->\n\n<\/div><!-- \/.col-md-3 -->\n<div id=\"ld_media_element_69f4d18260c84\" class=\"vc_col-sm-6 vc_col-md-3 vc_col-xs-6 masonry-item ld_media_element_69f4d18260c84\">\n\n\t<div class=\"ld-media-item \">\n\n\t\t<figure data-responsive-bg=\"true\"><img decoding=\"async\" width=\"1000\" height=\"750\" src=\"data:image\/svg+xml;charset=utf-8,%3Csvg xmlns%3D&#039;http%3A%2F%2Fwww.w3.org%2F2000%2Fsvg&#039; viewBox%3D&#039;0 0 1000 750&#039;%2F%3E\" class=\"attachment-full size-full ld-lazyload\" alt=\"\" itemprop=\"image\" data-src=\"https:\/\/heavyseas.net\/wp-content\/uploads\/2021\/11\/Yanmar.jpg\" data-srcset=\"https:\/\/heavyseas.net\/wp-content\/uploads\/2021\/11\/Yanmar.jpg 1000w, https:\/\/heavyseas.net\/wp-content\/uploads\/2021\/11\/Yanmar-300x225.jpg 300w\" data-sizes=\"(max-width: 1000px) 100vw, 1000px\" data-aspect=\"1.3333333333333\" \/><\/figure>\n\t\t<div class=\"ld-media-item-overlay d-flex flex-column align-items-center text-center justify-content-center\">\n\n\t\t\t<div class=\"ld-media-bg\"><\/div>\n\n\t\t\t<div class=\"ld-media-content\">\n\t\t\t\t\t\t\t\t<span class=\"ld-media-icon icon-lg\">\n\t\t\t\t\t\t\t<span class=\"ld-media-icon-inner\">\n\t\t\t\t\t\t\t\t<i class=\"lqd-icn-ess icon-ion-ios-add\"><\/i>\n\t\t\t\t\t\t\t<\/span><!-- \/.ld-media-icon-inner -->\n\t\t\t\t\t\t<\/span><!-- \/.media-icon -->\t\t\t<\/div><!-- \/.ld-media-content -->\n\n\t\t<\/div><!-- \/.ld-media-item-overlay -->\n\n\t\t<a href=\"https:\/\/heavyseas.net\/wp-content\/uploads\/2021\/11\/Yanmar.jpg\" class=\"liquid-overlay-link fresco\"  data-fresco-group=\"lqd-1575634066049-29fc854e-3303\"><\/a>\n\t<\/div><!-- \/.ld-media-item -->\n\n<\/div><!-- \/.col-md-3 -->\n<div id=\"ld_media_element_69f4d1826eba0\" class=\"vc_col-sm-6 vc_col-md-3 vc_col-xs-6 masonry-item ld_media_element_69f4d1826eba0\">\n\n\t<div class=\"ld-media-item \">\n\n\t\t<figure data-responsive-bg=\"true\"><img decoding=\"async\" width=\"1000\" height=\"750\" src=\"data:image\/svg+xml;charset=utf-8,%3Csvg xmlns%3D&#039;http%3A%2F%2Fwww.w3.org%2F2000%2Fsvg&#039; viewBox%3D&#039;0 0 1000 750&#039;%2F%3E\" class=\"attachment-full size-full ld-lazyload\" alt=\"\" itemprop=\"image\" data-src=\"https:\/\/heavyseas.net\/wp-content\/uploads\/2021\/11\/yanmar2.jpg\" data-srcset=\"https:\/\/heavyseas.net\/wp-content\/uploads\/2021\/11\/yanmar2.jpg 1000w, https:\/\/heavyseas.net\/wp-content\/uploads\/2021\/11\/yanmar2-300x225.jpg 300w\" data-sizes=\"(max-width: 1000px) 100vw, 1000px\" data-aspect=\"1.3333333333333\" \/><\/figure>\n\t\t<div class=\"ld-media-item-overlay d-flex flex-column align-items-center text-center justify-content-center\">\n\n\t\t\t<div class=\"ld-media-bg\"><\/div>\n\n\t\t\t<div class=\"ld-media-content\">\n\t\t\t\t\t\t\t\t<span class=\"ld-media-icon icon-lg\">\n\t\t\t\t\t\t\t<span class=\"ld-media-icon-inner\">\n\t\t\t\t\t\t\t\t<i class=\"lqd-icn-ess icon-ion-ios-add\"><\/i>\n\t\t\t\t\t\t\t<\/span><!-- \/.ld-media-icon-inner -->\n\t\t\t\t\t\t<\/span><!-- \/.media-icon -->\t\t\t<\/div><!-- \/.ld-media-content -->\n\n\t\t<\/div><!-- \/.ld-media-item-overlay -->\n\n\t\t<a href=\"https:\/\/heavyseas.net\/wp-content\/uploads\/2021\/11\/yanmar2.jpg\" class=\"liquid-overlay-link fresco\"  data-fresco-group=\"lqd-1575634066049-29fc854e-3303\"><\/a>\n\t<\/div><!-- \/.ld-media-item -->\n\n<\/div><!-- \/.col-md-3 --><\/p>\n<\/div><!-- \/.ld-media-row -->\n\n\n[\/vc_column][\/vc_row]<\/p>\n","protected":false},"excerpt":{"rendered":"<p>[vc_row full_width=\u00bbstretch_row\u00bb parallax=\u00bbenable_parallax\u00bb bg_position=\u00bbcenter center\u00bb enable_overlay=\u00bbyes\u00bb css=\u00bb.vc_custom_1629985067764{background-image: url(http:\/\/heavyseas.net\/wp-content\/uploads\/2021\/08\/HeavySeas_Home_00.jpg?id=9330) !important;background-position: 0 0;background-repeat:-repeat;}\u00bb overlay_bg=\u00bbrgba(20, 20, 20, 0.87)\u00bb responsive_css=\u00bbpadding_top_large:60px|padding_bottom_large:60px\u00bb][vc_column enable_content_animation=\u00bbyes\u00bb ca_init_scale_x=\u00bb1&#8243; ca_init_scale_y=\u00bb1&#8243; ca_init_opacity=\u00bb0&#8243; ca_an_scale_x=\u00bb1&#8243; ca_an_scale_y=\u00bb1&#8243; ca_an_opacity=\u00bb1&#8243; offset=\u00bbvc_col-lg-offset-2 vc_col-lg-8 vc_col-md-offset-1 vc_col-md-10&#8243; responsive_align=\u00bbtext-center\u00bb ca_duration=\u00bb1600&#8243; ca_delay=\u00bb160&#8243; ca_init_translate_y=\u00bb65&#8243; ca_init_rotate_y=\u00bb50&#8243; responsive_css=\u00bbpadding_top_medium:90px\u00bb][\/vc_column][\/vc_row][vc_row full_width=\u00bbstretch_row\u00bb gap=\u00bb0&#8243; equal_height=\u00bbyes\u00bb content_placement=\u00bbmiddle\u00bb][vc_column row_scale_bg_onhover=\u00bbyes\u00bb width=\u00bb1\/2&#8243; bg_position=\u00bbcenter center\u00bb css=\u00bb.vc_custom_1635243083599{padding-top: 50vw !important;padding-bottom: 50vw !important;background-image: url(http:\/\/heavyseas.net\/wp-content\/uploads\/2021\/10\/Yanmar-on-Castoldi.jpeg?id=11524) !important;background-position: center !important;background-repeat: no-repeat !important;background-size: cover !important;}\u00bb responsive_css=\u00bbpadding_top_small:0px|padding_bottom_small:0px\u00bb][\/vc_column][vc_column [&hellip;]<\/p>\n","protected":false},"author":1,"featured_media":0,"parent":13808,"menu_order":0,"comment_status":"closed","ping_status":"closed","template":"","meta":{"_joinchat":[],"footnotes":""},"class_list":["post-13825","page","type-page","status-publish","hentry"],"yoast_head":"<!-- This site is optimized with the Yoast SEO plugin v27.2 - https:\/\/yoast.com\/product\/yoast-seo-wordpress\/ -->\n<title>Yanmar Servicio Oficial - Heavyseas<\/title>\n<meta name=\"description\" content=\"Heavy Seas figura en la lista de proveedores de servicios cualificados de Yanmar y puede llevar a cabo el mantenimiento de todas las piezas de los motores Yanmar.\" \/>\n<meta name=\"robots\" content=\"index, follow, max-snippet:-1, max-image-preview:large, max-video-preview:-1\" \/>\n<link rel=\"canonical\" href=\"https:\/\/heavyseas.net\/es\/servicios-nauticos\/mecanica\/yanmar-servicio-oficial\/\" \/>\n<meta property=\"og:locale\" content=\"es_ES\" \/>\n<meta property=\"og:type\" content=\"article\" \/>\n<meta property=\"og:title\" content=\"Yanmar Servicio Oficial - Heavyseas\" \/>\n<meta property=\"og:description\" content=\"Heavy Seas figura en la lista de proveedores de servicios cualificados de Yanmar y puede llevar a cabo el mantenimiento de todas las piezas de los motores Yanmar.\" \/>\n<meta property=\"og:url\" content=\"https:\/\/heavyseas.net\/es\/servicios-nauticos\/mecanica\/yanmar-servicio-oficial\/\" \/>\n<meta property=\"og:site_name\" content=\"Heavyseas\" \/>\n<meta property=\"article:modified_time\" content=\"2022-04-05T08:52:32+00:00\" \/>\n<meta name=\"twitter:card\" content=\"summary_large_image\" \/>\n<meta name=\"twitter:label1\" content=\"Tiempo de lectura\" \/>\n\t<meta name=\"twitter:data1\" content=\"2 minutos\" \/>\n<script type=\"application\/ld+json\" class=\"yoast-schema-graph\">{\"@context\":\"https:\/\/schema.org\",\"@graph\":[{\"@type\":\"WebPage\",\"@id\":\"https:\/\/heavyseas.net\/es\/servicios-nauticos\/mecanica\/yanmar-servicio-oficial\/\",\"url\":\"https:\/\/heavyseas.net\/es\/servicios-nauticos\/mecanica\/yanmar-servicio-oficial\/\",\"name\":\"Yanmar Servicio Oficial - Heavyseas\",\"isPartOf\":{\"@id\":\"https:\/\/heavyseas.net\/es\/#website\"},\"datePublished\":\"2021-08-27T08:10:53+00:00\",\"dateModified\":\"2022-04-05T08:52:32+00:00\",\"description\":\"Heavy Seas figura en la lista de proveedores de servicios cualificados de Yanmar y puede llevar a cabo el mantenimiento de todas las piezas de los motores Yanmar.\",\"breadcrumb\":{\"@id\":\"https:\/\/heavyseas.net\/es\/servicios-nauticos\/mecanica\/yanmar-servicio-oficial\/#breadcrumb\"},\"inLanguage\":\"es\",\"potentialAction\":[{\"@type\":\"ReadAction\",\"target\":[\"https:\/\/heavyseas.net\/es\/servicios-nauticos\/mecanica\/yanmar-servicio-oficial\/\"]}]},{\"@type\":\"BreadcrumbList\",\"@id\":\"https:\/\/heavyseas.net\/es\/servicios-nauticos\/mecanica\/yanmar-servicio-oficial\/#breadcrumb\",\"itemListElement\":[{\"@type\":\"ListItem\",\"position\":1,\"name\":\"Portada\",\"item\":\"https:\/\/heavyseas.net\/es\/\"},{\"@type\":\"ListItem\",\"position\":2,\"name\":\"Servicios n\u00e1uticos\",\"item\":\"https:\/\/heavyseas.net\/es\/servicios-nauticos\/\"},{\"@type\":\"ListItem\",\"position\":3,\"name\":\"Mec\u00e1nica\",\"item\":\"https:\/\/heavyseas.net\/es\/servicios-nauticos\/mecanica\/\"},{\"@type\":\"ListItem\",\"position\":4,\"name\":\"Yanmar Servicio Oficial\"}]},{\"@type\":\"WebSite\",\"@id\":\"https:\/\/heavyseas.net\/es\/#website\",\"url\":\"https:\/\/heavyseas.net\/es\/\",\"name\":\"Heavyseas\",\"description\":\"Refit and Maintenance Solutions\",\"potentialAction\":[{\"@type\":\"SearchAction\",\"target\":{\"@type\":\"EntryPoint\",\"urlTemplate\":\"https:\/\/heavyseas.net\/es\/?s={search_term_string}\"},\"query-input\":{\"@type\":\"PropertyValueSpecification\",\"valueRequired\":true,\"valueName\":\"search_term_string\"}}],\"inLanguage\":\"es\"}]}<\/script>\n<!-- \/ Yoast SEO plugin. -->","yoast_head_json":{"title":"Yanmar Servicio Oficial - Heavyseas","description":"Heavy Seas figura en la lista de proveedores de servicios cualificados de Yanmar y puede llevar a cabo el mantenimiento de todas las piezas de los motores Yanmar.","robots":{"index":"index","follow":"follow","max-snippet":"max-snippet:-1","max-image-preview":"max-image-preview:large","max-video-preview":"max-video-preview:-1"},"canonical":"https:\/\/heavyseas.net\/es\/servicios-nauticos\/mecanica\/yanmar-servicio-oficial\/","og_locale":"es_ES","og_type":"article","og_title":"Yanmar Servicio Oficial - Heavyseas","og_description":"Heavy Seas figura en la lista de proveedores de servicios cualificados de Yanmar y puede llevar a cabo el mantenimiento de todas las piezas de los motores Yanmar.","og_url":"https:\/\/heavyseas.net\/es\/servicios-nauticos\/mecanica\/yanmar-servicio-oficial\/","og_site_name":"Heavyseas","article_modified_time":"2022-04-05T08:52:32+00:00","twitter_card":"summary_large_image","twitter_misc":{"Tiempo de lectura":"2 minutos"},"schema":{"@context":"https:\/\/schema.org","@graph":[{"@type":"WebPage","@id":"https:\/\/heavyseas.net\/es\/servicios-nauticos\/mecanica\/yanmar-servicio-oficial\/","url":"https:\/\/heavyseas.net\/es\/servicios-nauticos\/mecanica\/yanmar-servicio-oficial\/","name":"Yanmar Servicio Oficial - Heavyseas","isPartOf":{"@id":"https:\/\/heavyseas.net\/es\/#website"},"datePublished":"2021-08-27T08:10:53+00:00","dateModified":"2022-04-05T08:52:32+00:00","description":"Heavy Seas figura en la lista de proveedores de servicios cualificados de Yanmar y puede llevar a cabo el mantenimiento de todas las piezas de los motores Yanmar.","breadcrumb":{"@id":"https:\/\/heavyseas.net\/es\/servicios-nauticos\/mecanica\/yanmar-servicio-oficial\/#breadcrumb"},"inLanguage":"es","potentialAction":[{"@type":"ReadAction","target":["https:\/\/heavyseas.net\/es\/servicios-nauticos\/mecanica\/yanmar-servicio-oficial\/"]}]},{"@type":"BreadcrumbList","@id":"https:\/\/heavyseas.net\/es\/servicios-nauticos\/mecanica\/yanmar-servicio-oficial\/#breadcrumb","itemListElement":[{"@type":"ListItem","position":1,"name":"Portada","item":"https:\/\/heavyseas.net\/es\/"},{"@type":"ListItem","position":2,"name":"Servicios n\u00e1uticos","item":"https:\/\/heavyseas.net\/es\/servicios-nauticos\/"},{"@type":"ListItem","position":3,"name":"Mec\u00e1nica","item":"https:\/\/heavyseas.net\/es\/servicios-nauticos\/mecanica\/"},{"@type":"ListItem","position":4,"name":"Yanmar Servicio Oficial"}]},{"@type":"WebSite","@id":"https:\/\/heavyseas.net\/es\/#website","url":"https:\/\/heavyseas.net\/es\/","name":"Heavyseas","description":"Refit and Maintenance Solutions","potentialAction":[{"@type":"SearchAction","target":{"@type":"EntryPoint","urlTemplate":"https:\/\/heavyseas.net\/es\/?s={search_term_string}"},"query-input":{"@type":"PropertyValueSpecification","valueRequired":true,"valueName":"search_term_string"}}],"inLanguage":"es"}]}},"_links":{"self":[{"href":"https:\/\/heavyseas.net\/es\/wp-json\/wp\/v2\/pages\/13825","targetHints":{"allow":["GET"]}}],"collection":[{"href":"https:\/\/heavyseas.net\/es\/wp-json\/wp\/v2\/pages"}],"about":[{"href":"https:\/\/heavyseas.net\/es\/wp-json\/wp\/v2\/types\/page"}],"author":[{"embeddable":true,"href":"https:\/\/heavyseas.net\/es\/wp-json\/wp\/v2\/users\/1"}],"replies":[{"embeddable":true,"href":"https:\/\/heavyseas.net\/es\/wp-json\/wp\/v2\/comments?post=13825"}],"version-history":[{"count":7,"href":"https:\/\/heavyseas.net\/es\/wp-json\/wp\/v2\/pages\/13825\/revisions"}],"predecessor-version":[{"id":14211,"href":"https:\/\/heavyseas.net\/es\/wp-json\/wp\/v2\/pages\/13825\/revisions\/14211"}],"up":[{"embeddable":true,"href":"https:\/\/heavyseas.net\/es\/wp-json\/wp\/v2\/pages\/13808"}],"wp:attachment":[{"href":"https:\/\/heavyseas.net\/es\/wp-json\/wp\/v2\/media?parent=13825"}],"curies":[{"name":"wp","href":"https:\/\/api.w.org\/{rel}","templated":true}]}}