{"id":13822,"date":"2021-08-27T08:10:53","date_gmt":"2021-08-27T08:10:53","guid":{"rendered":"https:\/\/heavyseas.net\/?page_id=13822"},"modified":"2026-02-06T12:36:23","modified_gmt":"2026-02-06T12:36:23","slug":"volvo-penta","status":"publish","type":"page","link":"https:\/\/heavyseas.net\/es\/servicios-nauticos\/mecanica\/volvo-penta\/","title":{"rendered":"Volvo Penta"},"content":{"rendered":"<p>[vc_row full_width=\u00bbstretch_row\u00bb parallax=\u00bbenable_parallax\u00bb bg_position=\u00bbcenter center\u00bb enable_overlay=\u00bbyes\u00bb css=\u00bb.vc_custom_1629985067764{background-image: url(http:\/\/heavyseas.net\/wp-content\/uploads\/2021\/08\/HeavySeas_Home_00.jpg?id=9330) !important;background-position: 0 0;background-repeat:-repeat;}\u00bb overlay_bg=\u00bbrgba(20, 20, 20, 0.87)\u00bb responsive_css=\u00bbpadding_top_large:60px|padding_bottom_large:60px\u00bb][vc_column enable_content_animation=\u00bbyes\u00bb ca_init_scale_x=\u00bb1&#8243; ca_init_scale_y=\u00bb1&#8243; ca_init_opacity=\u00bb0&#8243; ca_an_scale_x=\u00bb1&#8243; ca_an_scale_y=\u00bb1&#8243; ca_an_opacity=\u00bb1&#8243; offset=\u00bbvc_col-lg-offset-2 vc_col-lg-8 vc_col-md-offset-1 vc_col-md-10&#8243; responsive_align=\u00bbtext-center\u00bb ca_duration=\u00bb1600&#8243; ca_delay=\u00bb160&#8243; ca_init_translate_y=\u00bb65&#8243; ca_init_rotate_y=\u00bb50&#8243; responsive_css=\u00bbpadding_top_medium:90px\u00bb][\/vc_column][\/vc_row][vc_row full_width=\u00bbstretch_row\u00bb gap=\u00bb0&#8243; equal_height=\u00bbyes\u00bb content_placement=\u00bbmiddle\u00bb][vc_column row_scale_bg_onhover=\u00bbyes\u00bb width=\u00bb1\/2&#8243; bg_position=\u00bbcenter center\u00bb css=\u00bb.vc_custom_1635249352555{padding-top: 50vw !important;padding-bottom: 50vw !important;background-image: url(http:\/\/heavyseas.net\/wp-content\/uploads\/2021\/10\/239368732_10158487325537998_4494366712736331658_n.jpg?id=11564) !important;background-position: center !important;background-repeat: no-repeat !important;background-size: cover !important;}\u00bb responsive_css=\u00bbpadding_top_small:0px|padding_bottom_small:0px\u00bb][\/vc_column][vc_column width=\u00bb1\/2&#8243; css=\u00bb.vc_custom_1611573024379{padding-top: 60px !important;padding-right: 5vw !important;padding-bottom: 60px !important;padding-left: 5vw !important;}\u00bb responsive_css=\u00bbpadding_top_medium:15vh|padding_right_medium:7vw|padding_bottom_medium:15vh|padding_left_medium:7vw|padding_top_small:10vh|padding_bottom_small:10vh\u00bb]<style>.ld_fancy_heading_69fa41ac0a83a h6 {margin-bottom:2em !important;  } .ld_fancy_heading_69fa41ac0a83a .lqd-highlight-inner{height:0.275em!important;bottom:0px!important;}.ld_fancy_heading_69fa41ac0a83a h6 {margin-bottom:2em !important;  } <\/style><div class=\"ld-fancy-heading mask-text ld_fancy_heading_69fa41ac0a83a\">\n\t<h6 class=\"ld-fh-element lqd-highlight-underline lqd-highlight-grow-left text-decoration-default lqd-split-lines\"   data-split-text=\"true\" data-split-options='{\"type\":\"lines\"}'>  \u2014 Servicios mec\u00e1nicos<\/h6><\/div>[vc_single_image image=\u00bb9411&#8243; img_size=\u00bbmedium\u00bb]<style>.ld_fancy_heading_69fa41ac0b465 h2 {font-size:43px; } .ld_fancy_heading_69fa41ac0b465 h2 {font-weight:500; } .ld_fancy_heading_69fa41ac0b465 h2 {margin-bottom:0.8em !important;  } .ld_fancy_heading_69fa41ac0b465 .lqd-highlight-inner{height:0.275em!important;bottom:0px!important;}.ld_fancy_heading_69fa41ac0b465 h2 {font-size:43px; } .ld_fancy_heading_69fa41ac0b465 h2 {font-weight:500; } .ld_fancy_heading_69fa41ac0b465 h2 {margin-bottom:0.8em !important;  } <\/style><div class=\"ld-fancy-heading ld_fancy_heading_69fa41ac0b465\">\n\t<h2 class=\"ld-fh-element lqd-highlight-underline lqd-highlight-grow-left text-decoration-default\"   >  <span class=\"TextRun BCX0 SCXW193403219\" lang=\"ES-ES\" xml:lang=\"ES-ES\" data-contrast=\"none\"> <span class=\"NormalTextRun BCX0 SCXW193403219\">Servicios de mec\u00e1nica de <\/span><\/span><span class=\"TextRun Highlight BCX0 SCXW193403219\" lang=\"ES-ES\" xml:lang=\"ES-ES\" data-contrast=\"none\"><span class=\"NormalTextRun BCX0 SCXW193403219\">Volvo <\/span><span class=\"NormalTextRun BCX0 SCXW193403219\">Penta<\/span><span class=\"NormalTextRun BCX0 SCXW193403219\"> en Palma de Mallorca<\/span><\/span><\/h2><\/div><style>.ld_fancy_heading_69fa41ac0b980 p {font-size:14px; } .ld_fancy_heading_69fa41ac0b980 p {line-height:1.6em; } .ld_fancy_heading_69fa41ac0b980 p {--element-line-height:1.6em; } .ld_fancy_heading_69fa41ac0b980 .lqd-highlight-inner{height:0.275em!important;bottom:0px!important;}.ld_fancy_heading_69fa41ac0b980 p {font-size:14px; } .ld_fancy_heading_69fa41ac0b980 p {line-height:1.6em; } .ld_fancy_heading_69fa41ac0b980 p {--element-line-height:1.6em; } <\/style><div class=\"ld-fancy-heading ld_fancy_heading_69fa41ac0b980\">\n\t<p class=\"ld-fh-element lqd-highlight-underline lqd-highlight-grow-left text-decoration-default\"   >  <span data-contrast=\"auto\">Como parte de nuestra <\/span><b><span data-contrast=\"auto\">divisi\u00f3n de soluciones de mec\u00e1nica\u00a0<\/span><\/b><span data-contrast=\"auto\"><b>n\u00e1utica<\/b>, Heavy Seas est\u00e1 certificado como proveedor oficial del servicio de <\/span><span data-contrast=\"auto\">motores Volvo Penta para barcos<\/span><span data-contrast=\"auto\">. Nuestros mec\u00e1nicos especializados tienen una amplia experiencia tanto con herramientas de diagn\u00f3stico como ayud\u00e1ndote a arreglar cualquier problema que pueda presentar tu <\/span><span data-contrast=\"auto\">motor de barco Volvo Penta<\/span><span data-contrast=\"auto\">. Heavy Seas est\u00e1 capacitado para ofrecerte el mejor servicio posible y asesoramiento para ayudarte con todo lo relacionado con tu <\/span><b><span data-contrast=\"auto\">motor Volvo Penta<\/span><\/b><span data-contrast=\"auto\">.\u00a0<\/span><span data-ccp-props=\"{&quot;201341983&quot;:0,&quot;335559739&quot;:160,&quot;335559740&quot;:259}\">\u00a0<\/span><\/p>\n<p><span data-contrast=\"auto\">Heavy Seas se enorgullece de su larga colaboraci\u00f3n con <\/span><b><span data-contrast=\"auto\">Volvo Penta en Palma de Mallorca<\/span><\/b><span data-contrast=\"auto\">. Volvo Penta es una marca n\u00e1utica internacional muy reconocida y que trabaja con nosotros en las diferentes instalaciones y reparaciones que realizamos en toda la isla, donde suministramos piezas de repuesto Volvo Penta para la industria n\u00e1utica. <\/span><span data-ccp-props=\"{&quot;201341983&quot;:0,&quot;335559739&quot;:160,&quot;335559740&quot;:259}\">\u00a0<\/span><\/p>\n<p><span data-contrast=\"auto\">Volvo Penta lleva m\u00e1s de cien a\u00f1os proporcionando <\/span><b><span data-contrast=\"auto\">soluciones de propulsi\u00f3n<\/span><\/b><span data-contrast=\"auto\"> para embarcaciones auxiliares, barcos y superyates. Sus motores para yates y embarcaciones a motor se caracterizan por su fiabilidad y sencillez. Tanto si buscas un Volvo Penta IPS, ejes inboard, propulsores de popa acu\u00e1tica o propulsores delanteros, Heavy Seas puede ayudarte a reparar y sustituir cualquier <\/span><span data-contrast=\"auto\">motor marino Volvo Penta<\/span><span data-contrast=\"auto\">.\u00a0<\/span><span data-ccp-props=\"{&quot;201341983&quot;:0,&quot;335559739&quot;:160,&quot;335559740&quot;:259}\">\u00a0<\/span><\/p>\n<p><span data-contrast=\"auto\">Adem\u00e1s de proporcionar una amplia gama de piezas de motor de yates Volvo Penta para proyectos de reacondicionamiento, Heavy Seas tambi\u00e9n es <\/span><b><span data-contrast=\"auto\">proveedor oficial de todos los servicios mec\u00e1nicos relacionados con la marca Volvo Penta<\/span><\/b><span data-contrast=\"auto\">. Algunos de ellos incluyen soluciones de mantenimiento para motores marinos Volvo Penta de gasolina y di\u00e9sel, transmisiones, motores externos, componentes de transmisi\u00f3n de yates de vela y mucho m\u00e1s.\u00a0<\/span><span data-ccp-props=\"{&quot;201341983&quot;:0,&quot;335559739&quot;:160,&quot;335559740&quot;:259}\">\u00a0<\/span><\/p>\n<p><span data-contrast=\"auto\">La soluci\u00f3n de servicios 360\u00ba que ofrecemos a nuestros clientes en Heavy Seas, implica que podemos gestionar proyectos integrales de reacondicionamiento de barcos bajo un mismo techo Con una sola persona de contacto durante todo el proceso, reduciendo as\u00ed los gastos generales, facilitando la organizaci\u00f3n y acelerando los plazos de ejecuci\u00f3n.\u00a0<\/span><span data-ccp-props=\"{&quot;201341983&quot;:0,&quot;335559739&quot;:160,&quot;335559740&quot;:259}\">\u00a0<\/span><\/p><\/div><style>.ld_spacer_69fa41ac0bdad{height:32px;}<\/style>\n<div class=\"ld-empty-space ld_spacer_69fa41ac0bdad\"><\/div><style>.ld_fancy_heading_69fa41ac0bf8f h2 {margin-bottom:0.8em !important;  } .ld_fancy_heading_69fa41ac0bf8f .lqd-highlight-inner{height:0.275em!important;bottom:0px!important;}.ld_fancy_heading_69fa41ac0bf8f h2 {margin-bottom:0.8em !important;  } <\/style><div class=\"ld-fancy-heading ld_fancy_heading_69fa41ac0bf8f\">\n\t<h2 class=\"ld-fh-element lqd-highlight-underline lqd-highlight-grow-left text-decoration-default\"   >  <span class=\"TextRun BCX0 SCXW156840552\" lang=\"ES-ES\" xml:lang=\"ES-ES\" data-contrast=\"auto\"><span class=\"NormalTextRun BCX0 SCXW156840552\">Las soluciones de reparaci\u00f3n de <\/span><\/span><span class=\"TextRun Highlight BCX0 SCXW156840552\" lang=\"ES-ES\" xml:lang=\"ES-ES\" data-contrast=\"auto\"><span class=\"NormalTextRun BCX0 SCXW156840552\">motores para barcos Volvo <\/span><span class=\"NormalTextRun BCX0 SCXW156840552\">Penta<\/span><\/span><span class=\"TextRun BCX0 SCXW156840552\" lang=\"ES-ES\" xml:lang=\"ES-ES\" data-contrast=\"auto\"><span class=\"NormalTextRun BCX0 SCXW156840552\"> incluye:<\/span><\/span><\/h2><\/div><style>.ld_fancy_heading_69fa41ac0c29f p {font-size:14px; } .ld_fancy_heading_69fa41ac0c29f p {line-height:1.6em; } .ld_fancy_heading_69fa41ac0c29f p {--element-line-height:1.6em; } .ld_fancy_heading_69fa41ac0c29f .lqd-highlight-inner{height:0.275em!important;bottom:0px!important;}.ld_fancy_heading_69fa41ac0c29f p {font-size:14px; } .ld_fancy_heading_69fa41ac0c29f p {line-height:1.6em; } .ld_fancy_heading_69fa41ac0c29f p {--element-line-height:1.6em; } <\/style><div class=\"ld-fancy-heading ld_fancy_heading_69fa41ac0c29f\">\n\t<p class=\"ld-fh-element lqd-highlight-underline lqd-highlight-grow-left text-decoration-default\"   >  <\/p>\n<ul>\n<li data-leveltext=\"\uf0b7\" data-font=\"Symbol\" data-listid=\"2\" data-aria-posinset=\"1\" data-aria-level=\"1\"><span data-contrast=\"auto\">Volvo Penta IPS<\/span><span data-ccp-props=\"{&quot;201341983&quot;:0,&quot;335559739&quot;:160,&quot;335559740&quot;:259}\">\u00a0<\/span><\/li>\n<li data-leveltext=\"\uf0b7\" data-font=\"Symbol\" data-listid=\"2\" data-aria-posinset=\"3\" data-aria-level=\"1\"><span data-contrast=\"auto\">Aquamatic Sterndrive Di\u00e9sel<\/span><span data-ccp-props=\"{&quot;201341983&quot;:0,&quot;335559739&quot;:160,&quot;335559740&quot;:259}\">\u00a0<\/span><\/li>\n<li data-leveltext=\"\uf0b7\" data-font=\"Symbol\" data-listid=\"2\" data-aria-posinset=\"3\" data-aria-level=\"1\"><span data-contrast=\"auto\">Aquamatic Sterndrive Gasolina<\/span><span data-ccp-props=\"{&quot;201341983&quot;:0,&quot;335559739&quot;:160,&quot;335559740&quot;:259}\">\u00a0<\/span><\/li>\n<li data-leveltext=\"\uf0b7\" data-font=\"Symbol\" data-listid=\"2\" data-aria-posinset=\"3\" data-aria-level=\"1\">Inboard Engine<\/li>\n<li data-leveltext=\"\uf0b7\" data-font=\"Symbol\" data-listid=\"2\" data-aria-posinset=\"3\" data-aria-level=\"1\">IPS<\/li>\n<li data-leveltext=\"\uf0b7\" data-font=\"Symbol\" data-listid=\"2\" data-aria-posinset=\"3\" data-aria-level=\"1\">Saildrive<\/li>\n<\/ul>\n<p><\/p><\/div><style>.ld_spacer_69fa41ac0c5c1{height:32px;}<\/style>\n<div class=\"ld-empty-space ld_spacer_69fa41ac0c5c1\"><\/div><style>.ld_button_69fa41ac0c721{color:rgb(255, 255, 255);}.ld_button_69fa41ac0c721:hover{color:rgb(255, 255, 255);}<\/style><a href=\"https:\/\/heavyseas.net\/es\/servicios-nauticos\/\" title=\"Marine services\" class=\"btn btn-solid circle border-thin btn-has-label ld_button_69fa41ac0c721\" >\n\t<span>\n\t\n\t\t\t\t\t<span class=\"btn-txt\" data-text=\"Volver a servicios n\u00e1uticos\" >Volver a servicios n\u00e1uticos<\/span>\n\t\t\n\t\t\t\t\t<\/span>\n<\/a>\n[\/vc_column][\/vc_row]<\/p>\n","protected":false},"excerpt":{"rendered":"<p>[vc_row full_width=\u00bbstretch_row\u00bb parallax=\u00bbenable_parallax\u00bb bg_position=\u00bbcenter center\u00bb enable_overlay=\u00bbyes\u00bb css=\u00bb.vc_custom_1629985067764{background-image: url(http:\/\/heavyseas.net\/wp-content\/uploads\/2021\/08\/HeavySeas_Home_00.jpg?id=9330) !important;background-position: 0 0;background-repeat:-repeat;}\u00bb overlay_bg=\u00bbrgba(20, 20, 20, 0.87)\u00bb responsive_css=\u00bbpadding_top_large:60px|padding_bottom_large:60px\u00bb][vc_column enable_content_animation=\u00bbyes\u00bb ca_init_scale_x=\u00bb1&#8243; ca_init_scale_y=\u00bb1&#8243; ca_init_opacity=\u00bb0&#8243; ca_an_scale_x=\u00bb1&#8243; ca_an_scale_y=\u00bb1&#8243; ca_an_opacity=\u00bb1&#8243; offset=\u00bbvc_col-lg-offset-2 vc_col-lg-8 vc_col-md-offset-1 vc_col-md-10&#8243; responsive_align=\u00bbtext-center\u00bb ca_duration=\u00bb1600&#8243; ca_delay=\u00bb160&#8243; ca_init_translate_y=\u00bb65&#8243; ca_init_rotate_y=\u00bb50&#8243; responsive_css=\u00bbpadding_top_medium:90px\u00bb][\/vc_column][\/vc_row][vc_row full_width=\u00bbstretch_row\u00bb gap=\u00bb0&#8243; equal_height=\u00bbyes\u00bb content_placement=\u00bbmiddle\u00bb][vc_column row_scale_bg_onhover=\u00bbyes\u00bb width=\u00bb1\/2&#8243; bg_position=\u00bbcenter center\u00bb css=\u00bb.vc_custom_1635249352555{padding-top: 50vw !important;padding-bottom: 50vw !important;background-image: url(http:\/\/heavyseas.net\/wp-content\/uploads\/2021\/10\/239368732_10158487325537998_4494366712736331658_n.jpg?id=11564) !important;background-position: center !important;background-repeat: no-repeat !important;background-size: cover !important;}\u00bb responsive_css=\u00bbpadding_top_small:0px|padding_bottom_small:0px\u00bb][\/vc_column][vc_column [&hellip;]<\/p>\n","protected":false},"author":1,"featured_media":0,"parent":13808,"menu_order":0,"comment_status":"closed","ping_status":"closed","template":"","meta":{"_joinchat":[],"footnotes":""},"class_list":["post-13822","page","type-page","status-publish","hentry"],"yoast_head":"<!-- This site is optimized with the Yoast SEO plugin v27.2 - https:\/\/yoast.com\/product\/yoast-seo-wordpress\/ -->\n<title>Volvo Penta - Heavyseas<\/title>\n<meta name=\"description\" content=\"Como parte de nuestra divisi\u00f3n de soluciones para motores, Heavy Seas es proveedor oficial de Volvo Penta en Mallorca.\" \/>\n<meta name=\"robots\" content=\"index, follow, max-snippet:-1, max-image-preview:large, max-video-preview:-1\" \/>\n<link rel=\"canonical\" href=\"https:\/\/heavyseas.net\/es\/servicios-nauticos\/mecanica\/volvo-penta\/\" \/>\n<meta property=\"og:locale\" content=\"es_ES\" \/>\n<meta property=\"og:type\" content=\"article\" \/>\n<meta property=\"og:title\" content=\"Volvo Penta - Heavyseas\" \/>\n<meta property=\"og:description\" content=\"Como parte de nuestra divisi\u00f3n de soluciones para motores, Heavy Seas es proveedor oficial de Volvo Penta en Mallorca.\" \/>\n<meta property=\"og:url\" content=\"https:\/\/heavyseas.net\/es\/servicios-nauticos\/mecanica\/volvo-penta\/\" \/>\n<meta property=\"og:site_name\" content=\"Heavyseas\" \/>\n<meta property=\"article:modified_time\" content=\"2026-02-06T12:36:23+00:00\" \/>\n<meta name=\"twitter:card\" content=\"summary_large_image\" \/>\n<meta name=\"twitter:label1\" content=\"Tiempo de lectura\" \/>\n\t<meta name=\"twitter:data1\" content=\"2 minutos\" \/>\n<script type=\"application\/ld+json\" class=\"yoast-schema-graph\">{\"@context\":\"https:\/\/schema.org\",\"@graph\":[{\"@type\":\"WebPage\",\"@id\":\"https:\/\/heavyseas.net\/es\/servicios-nauticos\/mecanica\/volvo-penta\/\",\"url\":\"https:\/\/heavyseas.net\/es\/servicios-nauticos\/mecanica\/volvo-penta\/\",\"name\":\"Volvo Penta - Heavyseas\",\"isPartOf\":{\"@id\":\"https:\/\/heavyseas.net\/es\/#website\"},\"datePublished\":\"2021-08-27T08:10:53+00:00\",\"dateModified\":\"2026-02-06T12:36:23+00:00\",\"description\":\"Como parte de nuestra divisi\u00f3n de soluciones para motores, Heavy Seas es proveedor oficial de Volvo Penta en Mallorca.\",\"breadcrumb\":{\"@id\":\"https:\/\/heavyseas.net\/es\/servicios-nauticos\/mecanica\/volvo-penta\/#breadcrumb\"},\"inLanguage\":\"es\",\"potentialAction\":[{\"@type\":\"ReadAction\",\"target\":[\"https:\/\/heavyseas.net\/es\/servicios-nauticos\/mecanica\/volvo-penta\/\"]}]},{\"@type\":\"BreadcrumbList\",\"@id\":\"https:\/\/heavyseas.net\/es\/servicios-nauticos\/mecanica\/volvo-penta\/#breadcrumb\",\"itemListElement\":[{\"@type\":\"ListItem\",\"position\":1,\"name\":\"Portada\",\"item\":\"https:\/\/heavyseas.net\/es\/\"},{\"@type\":\"ListItem\",\"position\":2,\"name\":\"Servicios n\u00e1uticos\",\"item\":\"https:\/\/heavyseas.net\/es\/servicios-nauticos\/\"},{\"@type\":\"ListItem\",\"position\":3,\"name\":\"Mec\u00e1nica\",\"item\":\"https:\/\/heavyseas.net\/es\/servicios-nauticos\/mecanica\/\"},{\"@type\":\"ListItem\",\"position\":4,\"name\":\"Volvo Penta\"}]},{\"@type\":\"WebSite\",\"@id\":\"https:\/\/heavyseas.net\/es\/#website\",\"url\":\"https:\/\/heavyseas.net\/es\/\",\"name\":\"Heavyseas\",\"description\":\"Refit and Maintenance Solutions\",\"potentialAction\":[{\"@type\":\"SearchAction\",\"target\":{\"@type\":\"EntryPoint\",\"urlTemplate\":\"https:\/\/heavyseas.net\/es\/?s={search_term_string}\"},\"query-input\":{\"@type\":\"PropertyValueSpecification\",\"valueRequired\":true,\"valueName\":\"search_term_string\"}}],\"inLanguage\":\"es\"}]}<\/script>\n<!-- \/ Yoast SEO plugin. -->","yoast_head_json":{"title":"Volvo Penta - Heavyseas","description":"Como parte de nuestra divisi\u00f3n de soluciones para motores, Heavy Seas es proveedor oficial de Volvo Penta en Mallorca.","robots":{"index":"index","follow":"follow","max-snippet":"max-snippet:-1","max-image-preview":"max-image-preview:large","max-video-preview":"max-video-preview:-1"},"canonical":"https:\/\/heavyseas.net\/es\/servicios-nauticos\/mecanica\/volvo-penta\/","og_locale":"es_ES","og_type":"article","og_title":"Volvo Penta - Heavyseas","og_description":"Como parte de nuestra divisi\u00f3n de soluciones para motores, Heavy Seas es proveedor oficial de Volvo Penta en Mallorca.","og_url":"https:\/\/heavyseas.net\/es\/servicios-nauticos\/mecanica\/volvo-penta\/","og_site_name":"Heavyseas","article_modified_time":"2026-02-06T12:36:23+00:00","twitter_card":"summary_large_image","twitter_misc":{"Tiempo de lectura":"2 minutos"},"schema":{"@context":"https:\/\/schema.org","@graph":[{"@type":"WebPage","@id":"https:\/\/heavyseas.net\/es\/servicios-nauticos\/mecanica\/volvo-penta\/","url":"https:\/\/heavyseas.net\/es\/servicios-nauticos\/mecanica\/volvo-penta\/","name":"Volvo Penta - Heavyseas","isPartOf":{"@id":"https:\/\/heavyseas.net\/es\/#website"},"datePublished":"2021-08-27T08:10:53+00:00","dateModified":"2026-02-06T12:36:23+00:00","description":"Como parte de nuestra divisi\u00f3n de soluciones para motores, Heavy Seas es proveedor oficial de Volvo Penta en Mallorca.","breadcrumb":{"@id":"https:\/\/heavyseas.net\/es\/servicios-nauticos\/mecanica\/volvo-penta\/#breadcrumb"},"inLanguage":"es","potentialAction":[{"@type":"ReadAction","target":["https:\/\/heavyseas.net\/es\/servicios-nauticos\/mecanica\/volvo-penta\/"]}]},{"@type":"BreadcrumbList","@id":"https:\/\/heavyseas.net\/es\/servicios-nauticos\/mecanica\/volvo-penta\/#breadcrumb","itemListElement":[{"@type":"ListItem","position":1,"name":"Portada","item":"https:\/\/heavyseas.net\/es\/"},{"@type":"ListItem","position":2,"name":"Servicios n\u00e1uticos","item":"https:\/\/heavyseas.net\/es\/servicios-nauticos\/"},{"@type":"ListItem","position":3,"name":"Mec\u00e1nica","item":"https:\/\/heavyseas.net\/es\/servicios-nauticos\/mecanica\/"},{"@type":"ListItem","position":4,"name":"Volvo Penta"}]},{"@type":"WebSite","@id":"https:\/\/heavyseas.net\/es\/#website","url":"https:\/\/heavyseas.net\/es\/","name":"Heavyseas","description":"Refit and Maintenance Solutions","potentialAction":[{"@type":"SearchAction","target":{"@type":"EntryPoint","urlTemplate":"https:\/\/heavyseas.net\/es\/?s={search_term_string}"},"query-input":{"@type":"PropertyValueSpecification","valueRequired":true,"valueName":"search_term_string"}}],"inLanguage":"es"}]}},"_links":{"self":[{"href":"https:\/\/heavyseas.net\/es\/wp-json\/wp\/v2\/pages\/13822","targetHints":{"allow":["GET"]}}],"collection":[{"href":"https:\/\/heavyseas.net\/es\/wp-json\/wp\/v2\/pages"}],"about":[{"href":"https:\/\/heavyseas.net\/es\/wp-json\/wp\/v2\/types\/page"}],"author":[{"embeddable":true,"href":"https:\/\/heavyseas.net\/es\/wp-json\/wp\/v2\/users\/1"}],"replies":[{"embeddable":true,"href":"https:\/\/heavyseas.net\/es\/wp-json\/wp\/v2\/comments?post=13822"}],"version-history":[{"count":11,"href":"https:\/\/heavyseas.net\/es\/wp-json\/wp\/v2\/pages\/13822\/revisions"}],"predecessor-version":[{"id":21735,"href":"https:\/\/heavyseas.net\/es\/wp-json\/wp\/v2\/pages\/13822\/revisions\/21735"}],"up":[{"embeddable":true,"href":"https:\/\/heavyseas.net\/es\/wp-json\/wp\/v2\/pages\/13808"}],"wp:attachment":[{"href":"https:\/\/heavyseas.net\/es\/wp-json\/wp\/v2\/media?parent=13822"}],"curies":[{"name":"wp","href":"https:\/\/api.w.org\/{rel}","templated":true}]}}