{"id":13815,"date":"2021-08-27T08:10:53","date_gmt":"2021-08-27T08:10:53","guid":{"rendered":"https:\/\/heavyseas.net\/?page_id=13815"},"modified":"2022-04-05T08:53:34","modified_gmt":"2022-04-05T08:53:34","slug":"humphree-servicio-oficial","status":"publish","type":"page","link":"https:\/\/heavyseas.net\/es\/servicios-nauticos\/mecanica\/humphree-servicio-oficial\/","title":{"rendered":"Humphree Servicio Oficial"},"content":{"rendered":"<p>[vc_row full_width=\u00bbstretch_row\u00bb parallax=\u00bbenable_parallax\u00bb bg_position=\u00bbcenter center\u00bb enable_overlay=\u00bbyes\u00bb css=\u00bb.vc_custom_1629985067764{background-image: url(http:\/\/heavyseas.net\/wp-content\/uploads\/2021\/08\/HeavySeas_Home_00.jpg?id=9330) !important;background-position: 0 0;background-repeat:-repeat;}\u00bb overlay_bg=\u00bbrgba(20, 20, 20, 0.87)\u00bb responsive_css=\u00bbpadding_top_large:60px|padding_bottom_large:60px\u00bb][vc_column enable_content_animation=\u00bbyes\u00bb ca_init_scale_x=\u00bb1&#8243; ca_init_scale_y=\u00bb1&#8243; ca_init_opacity=\u00bb0&#8243; ca_an_scale_x=\u00bb1&#8243; ca_an_scale_y=\u00bb1&#8243; ca_an_opacity=\u00bb1&#8243; offset=\u00bbvc_col-lg-offset-2 vc_col-lg-8 vc_col-md-offset-1 vc_col-md-10&#8243; responsive_align=\u00bbtext-center\u00bb ca_duration=\u00bb1600&#8243; ca_delay=\u00bb160&#8243; ca_init_translate_y=\u00bb65&#8243; ca_init_rotate_y=\u00bb50&#8243; responsive_css=\u00bbpadding_top_medium:90px\u00bb][\/vc_column][\/vc_row][vc_row full_width=\u00bbstretch_row\u00bb gap=\u00bb0&#8243; equal_height=\u00bbyes\u00bb content_placement=\u00bbmiddle\u00bb][vc_column row_scale_bg_onhover=\u00bbyes\u00bb width=\u00bb1\/2&#8243; bg_position=\u00bbcenter center\u00bb css=\u00bb.vc_custom_1635334932362{padding-top: 50vw !important;padding-bottom: 50vw !important;background-image: url(http:\/\/heavyseas.net\/wp-content\/uploads\/2021\/10\/image_2021_10_27T11_08_21_189Z-1v2.jpg?id=11601) !important;background-position: center !important;background-repeat: no-repeat !important;background-size: cover !important;}\u00bb responsive_css=\u00bbpadding_top_small:0px|padding_bottom_small:0px\u00bb][\/vc_column][vc_column width=\u00bb1\/2&#8243; css=\u00bb.vc_custom_1611573024379{padding-top: 60px !important;padding-right: 5vw !important;padding-bottom: 60px !important;padding-left: 5vw !important;}\u00bb responsive_css=\u00bbpadding_top_medium:15vh|padding_right_medium:7vw|padding_bottom_medium:15vh|padding_left_medium:7vw|padding_top_small:10vh|padding_bottom_small:10vh\u00bb]<style>.ld_fancy_heading_69fa41974ac56 h6 {margin-bottom:2em !important;  } .ld_fancy_heading_69fa41974ac56 .lqd-highlight-inner{height:0.275em!important;bottom:0px!important;}.ld_fancy_heading_69fa41974ac56 h6 {margin-bottom:2em !important;  } <\/style><div class=\"ld-fancy-heading mask-text ld_fancy_heading_69fa41974ac56\">\n\t<h6 class=\"ld-fh-element lqd-highlight-underline lqd-highlight-grow-left text-decoration-default lqd-split-lines\"   data-split-text=\"true\" data-split-options='{\"type\":\"lines\"}'>  \u2014 Servicios mec\u00e1nicos<\/h6><\/div>[vc_single_image image=\u00bb9416&#8243; img_size=\u00bbmedium\u00bb]<style>.ld_fancy_heading_69fa41974bcaf h2 {font-size:43px; } .ld_fancy_heading_69fa41974bcaf h2 {font-weight:500; } .ld_fancy_heading_69fa41974bcaf h2 {margin-bottom:0.8em !important;  } .ld_fancy_heading_69fa41974bcaf .lqd-highlight-inner{height:0.275em!important;bottom:0px!important;}.ld_fancy_heading_69fa41974bcaf h2 {font-size:43px; } .ld_fancy_heading_69fa41974bcaf h2 {font-weight:500; } .ld_fancy_heading_69fa41974bcaf h2 {margin-bottom:0.8em !important;  } <\/style><div class=\"ld-fancy-heading ld_fancy_heading_69fa41974bcaf\">\n\t<h2 class=\"ld-fh-element lqd-highlight-underline lqd-highlight-grow-left text-decoration-default\"   >  <span class=\"TextRun SCXW159103105 BCX0\" lang=\"ES-ES\" xml:lang=\"ES-ES\" data-contrast=\"auto\"><span class=\"NormalTextRun SCXW159103105 BCX0\">Servicio <\/span><span class=\"NormalTextRun SCXW159103105 BCX0\">Cualificado <\/span><span class=\"NormalTextRun SCXW159103105 BCX0\">de<\/span> <span class=\"NormalTextRun SpellingErrorV2 SCXW159103105 BCX0 DefaultHighlightTransition\">Humphree<\/span><\/span><span class=\"EOP SCXW159103105 BCX0\" data-ccp-props=\"{}\">\u00a0<\/span><\/h2><\/div><style>.ld_fancy_heading_69fa41974ca2b p {font-size:14px; } .ld_fancy_heading_69fa41974ca2b p {line-height:1.6em; } .ld_fancy_heading_69fa41974ca2b p {--element-line-height:1.6em; } .ld_fancy_heading_69fa41974ca2b .lqd-highlight-inner{height:0.275em!important;bottom:0px!important;}.ld_fancy_heading_69fa41974ca2b p {font-size:14px; } .ld_fancy_heading_69fa41974ca2b p {line-height:1.6em; } .ld_fancy_heading_69fa41974ca2b p {--element-line-height:1.6em; } <\/style><div class=\"ld-fancy-heading ld_fancy_heading_69fa41974ca2b\">\n\t<p class=\"ld-fh-element lqd-highlight-underline lqd-highlight-grow-left text-decoration-default\"   >  <span data-contrast=\"auto\">Con m\u00e1s de una d\u00e9cada de experiencia a nuestras espaldas y una reputaci\u00f3n de fiabilidad, profesionalidad y eficiencia en Mallorca y las Islas Baleares, Heavy Seas se enorgullece de figurar como <\/span><b><span data-contrast=\"auto\">Servicio Cualificado de <\/span><\/b><b><span data-contrast=\"auto\">Humphree en Espa\u00f1a<\/span><\/b><span data-contrast=\"auto\">. Esto significa que estamos totalmente preparados para satisfacer cualquier requisito de su equipo Humphree para todo tipo de embarcaciones.<\/span><span data-ccp-props=\"{}\">\u00a0<\/span><\/p>\n<p><span data-ccp-props=\"{}\">\u00a0<\/span><span data-contrast=\"auto\">Humphree<\/span><span data-contrast=\"auto\"> es una empresa l\u00edder en el sector que dise\u00f1a y fabrica sistemas de estabilizaci\u00f3n marina para la industria n\u00e1utica, comercial y de yates. El <\/span><b><span data-contrast=\"auto\">interceptor Humphree<\/span><\/b><b><span data-contrast=\"auto\"> es un moderno sustituto de alto rendimiento<\/span><\/b><span data-contrast=\"auto\"> de cualquier otro sistema de trimado a bordo de embarcaciones de tama\u00f1os muy diversos. Este equipo est\u00e1 dise\u00f1ado y fabricado para ofrecer una calidad y fiabilidad de primera clase y es una combinaci\u00f3n de interceptores de accionamiento sensible, aletas estabilizadoras y control <\/span><span data-contrast=\"auto\">Humpree Active Ride<\/span><span data-contrast=\"auto\">.<\/span><span data-ccp-props=\"{}\">\u00a0<\/span><\/p>\n<p><span data-ccp-props=\"{}\">\u00a0<\/span><span data-contrast=\"auto\">El <\/span><span data-contrast=\"auto\">interceptor Humphree<\/span><span data-contrast=\"auto\"> es compacto y robusto, lo que significa que es menos probable que se da\u00f1e en caso de impacto, es resistente a la corrosi\u00f3n y ligero, lo que facilita el corte del agua con su cuchilla ajustable. Adem\u00e1s, permite que las embarcaciones se muevan m\u00e1s r\u00e1pido, aceleren mejor y sean m\u00e1s f\u00e1ciles de controlar gracias a su innovador dise\u00f1o.<\/span><span data-ccp-props=\"{}\">\u00a0<\/span><\/p>\n<p><span data-ccp-props=\"{}\">\u00a0<\/span><\/p>\n<p><span data-contrast=\"auto\">Humphree<\/span><span data-contrast=\"auto\"> tambi\u00e9n fabrica aletas que son una <\/span><b><span data-contrast=\"auto\">soluci\u00f3n rentable repleta de energ\u00eda extra<\/span><\/b><span data-contrast=\"auto\"> para una gran variedad de tipos de embarcaciones. Estas aletas se alimentan con 24 V CC, lo que permite que funcionen sin un motor de grupo electr\u00f3geno y su dise\u00f1o reduce el ruido, el consumo de combustible y el desgaste general. La tripulaci\u00f3n y los invitados notar\u00e1n una conducci\u00f3n m\u00e1s suave y menos movimientos de balanceo y cabeceo mientras navegan gracias a su dise\u00f1o \u00fanico.<\/span><span data-ccp-props=\"{}\">\u00a0<\/span><\/p>\n<p><span data-contrast=\"auto\">Estar en la lista de <\/span><b><span data-contrast=\"auto\">Servicio Cualificado de Humphree<\/span><\/b><span data-contrast=\"auto\"> significa que Heavy Seas tiene acceso a estos sofisticados sistemas y a los conocimientos y medios para instalarlos, repararlos o sustituirlos en Mallorca y las Islas Baleares. Nuestro equipo de profesionales cualificados podr\u00e1 aconsejarte qu\u00e9 sistemas son los m\u00e1s adecuados para ti, instalarlos en el puerto y proporcionarte la formaci\u00f3n adecuada para utilizarlos a bordo.<\/span><span data-ccp-props=\"{}\">\u00a0<\/span><\/p><\/div><style>.ld_spacer_69fa41974d54c{height:32px;}<\/style>\n<div class=\"ld-empty-space ld_spacer_69fa41974d54c\"><\/div><style>.ld_button_69fa41974d861{color:rgb(255, 255, 255);}.ld_button_69fa41974d861:hover{color:rgb(255, 255, 255);}<\/style><a href=\"https:\/\/heavyseas.net\/es\/servicios-nauticos\/\" title=\"Marine services\" class=\"btn btn-solid circle border-thin btn-has-label ld_button_69fa41974d861\" >\n\t<span>\n\t\n\t\t\t\t\t<span class=\"btn-txt\" data-text=\"Volver a servicios n\u00e1uticos\" >Volver a servicios n\u00e1uticos<\/span>\n\t\t\n\t\t\t\t\t<\/span>\n<\/a>\n[\/vc_column][\/vc_row]<\/p>\n","protected":false},"excerpt":{"rendered":"<p>[vc_row full_width=\u00bbstretch_row\u00bb parallax=\u00bbenable_parallax\u00bb bg_position=\u00bbcenter center\u00bb enable_overlay=\u00bbyes\u00bb css=\u00bb.vc_custom_1629985067764{background-image: url(http:\/\/heavyseas.net\/wp-content\/uploads\/2021\/08\/HeavySeas_Home_00.jpg?id=9330) !important;background-position: 0 0;background-repeat:-repeat;}\u00bb overlay_bg=\u00bbrgba(20, 20, 20, 0.87)\u00bb responsive_css=\u00bbpadding_top_large:60px|padding_bottom_large:60px\u00bb][vc_column enable_content_animation=\u00bbyes\u00bb ca_init_scale_x=\u00bb1&#8243; ca_init_scale_y=\u00bb1&#8243; ca_init_opacity=\u00bb0&#8243; ca_an_scale_x=\u00bb1&#8243; ca_an_scale_y=\u00bb1&#8243; ca_an_opacity=\u00bb1&#8243; offset=\u00bbvc_col-lg-offset-2 vc_col-lg-8 vc_col-md-offset-1 vc_col-md-10&#8243; responsive_align=\u00bbtext-center\u00bb ca_duration=\u00bb1600&#8243; ca_delay=\u00bb160&#8243; ca_init_translate_y=\u00bb65&#8243; ca_init_rotate_y=\u00bb50&#8243; responsive_css=\u00bbpadding_top_medium:90px\u00bb][\/vc_column][\/vc_row][vc_row full_width=\u00bbstretch_row\u00bb gap=\u00bb0&#8243; equal_height=\u00bbyes\u00bb content_placement=\u00bbmiddle\u00bb][vc_column row_scale_bg_onhover=\u00bbyes\u00bb width=\u00bb1\/2&#8243; bg_position=\u00bbcenter center\u00bb css=\u00bb.vc_custom_1635334932362{padding-top: 50vw !important;padding-bottom: 50vw !important;background-image: url(http:\/\/heavyseas.net\/wp-content\/uploads\/2021\/10\/image_2021_10_27T11_08_21_189Z-1v2.jpg?id=11601) !important;background-position: center !important;background-repeat: no-repeat !important;background-size: cover !important;}\u00bb responsive_css=\u00bbpadding_top_small:0px|padding_bottom_small:0px\u00bb][\/vc_column][vc_column [&hellip;]<\/p>\n","protected":false},"author":1,"featured_media":0,"parent":13808,"menu_order":0,"comment_status":"closed","ping_status":"closed","template":"","meta":{"_joinchat":[],"footnotes":""},"class_list":["post-13815","page","type-page","status-publish","hentry"],"yoast_head":"<!-- This site is optimized with the Yoast SEO plugin v27.2 - https:\/\/yoast.com\/product\/yoast-seo-wordpress\/ -->\n<title>Humphree Servicio Oficial - Heavyseas<\/title>\n<meta name=\"description\" content=\"Heavy Seas se enorgullece de figurar en la lista de servicios cualificados, fabricantes de interceptores y aletas.\" \/>\n<meta name=\"robots\" content=\"index, follow, max-snippet:-1, max-image-preview:large, max-video-preview:-1\" \/>\n<link rel=\"canonical\" href=\"https:\/\/heavyseas.net\/es\/servicios-nauticos\/mecanica\/humphree-servicio-oficial\/\" \/>\n<meta property=\"og:locale\" content=\"es_ES\" \/>\n<meta property=\"og:type\" content=\"article\" \/>\n<meta property=\"og:title\" content=\"Humphree Servicio Oficial - Heavyseas\" \/>\n<meta property=\"og:description\" content=\"Heavy Seas se enorgullece de figurar en la lista de servicios cualificados, fabricantes de interceptores y aletas.\" \/>\n<meta property=\"og:url\" content=\"https:\/\/heavyseas.net\/es\/servicios-nauticos\/mecanica\/humphree-servicio-oficial\/\" \/>\n<meta property=\"og:site_name\" content=\"Heavyseas\" \/>\n<meta property=\"article:modified_time\" content=\"2022-04-05T08:53:34+00:00\" \/>\n<meta name=\"twitter:card\" content=\"summary_large_image\" \/>\n<meta name=\"twitter:label1\" content=\"Tiempo de lectura\" \/>\n\t<meta name=\"twitter:data1\" content=\"2 minutos\" \/>\n<script type=\"application\/ld+json\" class=\"yoast-schema-graph\">{\"@context\":\"https:\/\/schema.org\",\"@graph\":[{\"@type\":\"WebPage\",\"@id\":\"https:\/\/heavyseas.net\/es\/servicios-nauticos\/mecanica\/humphree-servicio-oficial\/\",\"url\":\"https:\/\/heavyseas.net\/es\/servicios-nauticos\/mecanica\/humphree-servicio-oficial\/\",\"name\":\"Humphree Servicio Oficial - Heavyseas\",\"isPartOf\":{\"@id\":\"https:\/\/heavyseas.net\/es\/#website\"},\"datePublished\":\"2021-08-27T08:10:53+00:00\",\"dateModified\":\"2022-04-05T08:53:34+00:00\",\"description\":\"Heavy Seas se enorgullece de figurar en la lista de servicios cualificados, fabricantes de interceptores y aletas.\",\"breadcrumb\":{\"@id\":\"https:\/\/heavyseas.net\/es\/servicios-nauticos\/mecanica\/humphree-servicio-oficial\/#breadcrumb\"},\"inLanguage\":\"es\",\"potentialAction\":[{\"@type\":\"ReadAction\",\"target\":[\"https:\/\/heavyseas.net\/es\/servicios-nauticos\/mecanica\/humphree-servicio-oficial\/\"]}]},{\"@type\":\"BreadcrumbList\",\"@id\":\"https:\/\/heavyseas.net\/es\/servicios-nauticos\/mecanica\/humphree-servicio-oficial\/#breadcrumb\",\"itemListElement\":[{\"@type\":\"ListItem\",\"position\":1,\"name\":\"Portada\",\"item\":\"https:\/\/heavyseas.net\/es\/\"},{\"@type\":\"ListItem\",\"position\":2,\"name\":\"Servicios n\u00e1uticos\",\"item\":\"https:\/\/heavyseas.net\/es\/servicios-nauticos\/\"},{\"@type\":\"ListItem\",\"position\":3,\"name\":\"Mec\u00e1nica\",\"item\":\"https:\/\/heavyseas.net\/es\/servicios-nauticos\/mecanica\/\"},{\"@type\":\"ListItem\",\"position\":4,\"name\":\"Humphree Servicio Oficial\"}]},{\"@type\":\"WebSite\",\"@id\":\"https:\/\/heavyseas.net\/es\/#website\",\"url\":\"https:\/\/heavyseas.net\/es\/\",\"name\":\"Heavyseas\",\"description\":\"Refit and Maintenance Solutions\",\"potentialAction\":[{\"@type\":\"SearchAction\",\"target\":{\"@type\":\"EntryPoint\",\"urlTemplate\":\"https:\/\/heavyseas.net\/es\/?s={search_term_string}\"},\"query-input\":{\"@type\":\"PropertyValueSpecification\",\"valueRequired\":true,\"valueName\":\"search_term_string\"}}],\"inLanguage\":\"es\"}]}<\/script>\n<!-- \/ Yoast SEO plugin. -->","yoast_head_json":{"title":"Humphree Servicio Oficial - Heavyseas","description":"Heavy Seas se enorgullece de figurar en la lista de servicios cualificados, fabricantes de interceptores y aletas.","robots":{"index":"index","follow":"follow","max-snippet":"max-snippet:-1","max-image-preview":"max-image-preview:large","max-video-preview":"max-video-preview:-1"},"canonical":"https:\/\/heavyseas.net\/es\/servicios-nauticos\/mecanica\/humphree-servicio-oficial\/","og_locale":"es_ES","og_type":"article","og_title":"Humphree Servicio Oficial - Heavyseas","og_description":"Heavy Seas se enorgullece de figurar en la lista de servicios cualificados, fabricantes de interceptores y aletas.","og_url":"https:\/\/heavyseas.net\/es\/servicios-nauticos\/mecanica\/humphree-servicio-oficial\/","og_site_name":"Heavyseas","article_modified_time":"2022-04-05T08:53:34+00:00","twitter_card":"summary_large_image","twitter_misc":{"Tiempo de lectura":"2 minutos"},"schema":{"@context":"https:\/\/schema.org","@graph":[{"@type":"WebPage","@id":"https:\/\/heavyseas.net\/es\/servicios-nauticos\/mecanica\/humphree-servicio-oficial\/","url":"https:\/\/heavyseas.net\/es\/servicios-nauticos\/mecanica\/humphree-servicio-oficial\/","name":"Humphree Servicio Oficial - Heavyseas","isPartOf":{"@id":"https:\/\/heavyseas.net\/es\/#website"},"datePublished":"2021-08-27T08:10:53+00:00","dateModified":"2022-04-05T08:53:34+00:00","description":"Heavy Seas se enorgullece de figurar en la lista de servicios cualificados, fabricantes de interceptores y aletas.","breadcrumb":{"@id":"https:\/\/heavyseas.net\/es\/servicios-nauticos\/mecanica\/humphree-servicio-oficial\/#breadcrumb"},"inLanguage":"es","potentialAction":[{"@type":"ReadAction","target":["https:\/\/heavyseas.net\/es\/servicios-nauticos\/mecanica\/humphree-servicio-oficial\/"]}]},{"@type":"BreadcrumbList","@id":"https:\/\/heavyseas.net\/es\/servicios-nauticos\/mecanica\/humphree-servicio-oficial\/#breadcrumb","itemListElement":[{"@type":"ListItem","position":1,"name":"Portada","item":"https:\/\/heavyseas.net\/es\/"},{"@type":"ListItem","position":2,"name":"Servicios n\u00e1uticos","item":"https:\/\/heavyseas.net\/es\/servicios-nauticos\/"},{"@type":"ListItem","position":3,"name":"Mec\u00e1nica","item":"https:\/\/heavyseas.net\/es\/servicios-nauticos\/mecanica\/"},{"@type":"ListItem","position":4,"name":"Humphree Servicio Oficial"}]},{"@type":"WebSite","@id":"https:\/\/heavyseas.net\/es\/#website","url":"https:\/\/heavyseas.net\/es\/","name":"Heavyseas","description":"Refit and Maintenance Solutions","potentialAction":[{"@type":"SearchAction","target":{"@type":"EntryPoint","urlTemplate":"https:\/\/heavyseas.net\/es\/?s={search_term_string}"},"query-input":{"@type":"PropertyValueSpecification","valueRequired":true,"valueName":"search_term_string"}}],"inLanguage":"es"}]}},"_links":{"self":[{"href":"https:\/\/heavyseas.net\/es\/wp-json\/wp\/v2\/pages\/13815","targetHints":{"allow":["GET"]}}],"collection":[{"href":"https:\/\/heavyseas.net\/es\/wp-json\/wp\/v2\/pages"}],"about":[{"href":"https:\/\/heavyseas.net\/es\/wp-json\/wp\/v2\/types\/page"}],"author":[{"embeddable":true,"href":"https:\/\/heavyseas.net\/es\/wp-json\/wp\/v2\/users\/1"}],"replies":[{"embeddable":true,"href":"https:\/\/heavyseas.net\/es\/wp-json\/wp\/v2\/comments?post=13815"}],"version-history":[{"count":7,"href":"https:\/\/heavyseas.net\/es\/wp-json\/wp\/v2\/pages\/13815\/revisions"}],"predecessor-version":[{"id":14213,"href":"https:\/\/heavyseas.net\/es\/wp-json\/wp\/v2\/pages\/13815\/revisions\/14213"}],"up":[{"embeddable":true,"href":"https:\/\/heavyseas.net\/es\/wp-json\/wp\/v2\/pages\/13808"}],"wp:attachment":[{"href":"https:\/\/heavyseas.net\/es\/wp-json\/wp\/v2\/media?parent=13815"}],"curies":[{"name":"wp","href":"https:\/\/api.w.org\/{rel}","templated":true}]}}