{"id":13812,"date":"2021-08-27T08:10:53","date_gmt":"2021-08-27T08:10:53","guid":{"rendered":"https:\/\/heavyseas.net\/?page_id=13812"},"modified":"2024-04-30T12:16:28","modified_gmt":"2024-04-30T12:16:28","slug":"castoldi-servicio-oficial","status":"publish","type":"page","link":"https:\/\/heavyseas.net\/es\/servicios-nauticos\/mecanica\/castoldi-servicio-oficial\/","title":{"rendered":"Castoldi Servicio Oficial"},"content":{"rendered":"<p>[vc_row full_width=\u00bbstretch_row\u00bb parallax=\u00bbenable_parallax\u00bb bg_position=\u00bbcenter center\u00bb enable_overlay=\u00bbyes\u00bb css=\u00bb.vc_custom_1629985067764{background-image: url(http:\/\/heavyseas.net\/wp-content\/uploads\/2021\/08\/HeavySeas_Home_00.jpg?id=9330) !important;background-position: 0 0;background-repeat:-repeat;}\u00bb overlay_bg=\u00bbrgba(20, 20, 20, 0.87)\u00bb responsive_css=\u00bbpadding_top_large:60px|padding_bottom_large:60px\u00bb][vc_column enable_content_animation=\u00bbyes\u00bb ca_init_scale_x=\u00bb1&#8243; ca_init_scale_y=\u00bb1&#8243; ca_init_opacity=\u00bb0&#8243; ca_an_scale_x=\u00bb1&#8243; ca_an_scale_y=\u00bb1&#8243; ca_an_opacity=\u00bb1&#8243; offset=\u00bbvc_col-lg-offset-2 vc_col-lg-8 vc_col-md-offset-1 vc_col-md-10&#8243; responsive_align=\u00bbtext-center\u00bb ca_duration=\u00bb1600&#8243; ca_delay=\u00bb160&#8243; ca_init_translate_y=\u00bb65&#8243; ca_init_rotate_y=\u00bb50&#8243; responsive_css=\u00bbpadding_top_medium:90px\u00bb][\/vc_column][\/vc_row][vc_row full_width=\u00bbstretch_row\u00bb gap=\u00bb0&#8243; equal_height=\u00bbyes\u00bb content_placement=\u00bbmiddle\u00bb][vc_column row_scale_bg_onhover=\u00bbyes\u00bb width=\u00bb1\/2&#8243; bg_position=\u00bbcenter center\u00bb css=\u00bb.vc_custom_1635331850192{padding-top: 50vw !important;padding-bottom: 50vw !important;background-image: url(http:\/\/heavyseas.net\/wp-content\/uploads\/2021\/10\/Castoldi.jpg?id=11592) !important;background-position: center !important;background-repeat: no-repeat !important;background-size: cover !important;}\u00bb responsive_css=\u00bbpadding_top_small:0px|padding_bottom_small:0px\u00bb][\/vc_column][vc_column width=\u00bb1\/2&#8243; css=\u00bb.vc_custom_1611573024379{padding-top: 60px !important;padding-right: 5vw !important;padding-bottom: 60px !important;padding-left: 5vw !important;}\u00bb responsive_css=\u00bbpadding_top_medium:15vh|padding_right_medium:7vw|padding_bottom_medium:15vh|padding_left_medium:7vw|padding_top_small:10vh|padding_bottom_small:10vh\u00bb]<style>.ld_fancy_heading_69e019ae22d88 h6 {margin-bottom:2em !important;  } .ld_fancy_heading_69e019ae22d88 .lqd-highlight-inner{height:0.275em!important;bottom:0px!important;}.ld_fancy_heading_69e019ae22d88 h6 {margin-bottom:2em !important;  } <\/style><div class=\"ld-fancy-heading mask-text ld_fancy_heading_69e019ae22d88\">\n\t<h6 class=\"ld-fh-element lqd-highlight-underline lqd-highlight-grow-left text-decoration-default lqd-split-lines\"   data-split-text=\"true\" data-split-options='{\"type\":\"lines\"}'>  \u2014 Neum\u00e1ticas<\/h6><\/div>[vc_single_image image=\u00bb9415&#8243; img_size=\u00bbmedium\u00bb]<style>.ld_fancy_heading_69e019ae2381e h2 {font-size:43px; } .ld_fancy_heading_69e019ae2381e h2 {font-weight:500; } .ld_fancy_heading_69e019ae2381e h2 {margin-bottom:0.8em !important;  } .ld_fancy_heading_69e019ae2381e .lqd-highlight-inner{height:0.275em!important;bottom:0px!important;}.ld_fancy_heading_69e019ae2381e h2 {font-size:43px; } .ld_fancy_heading_69e019ae2381e h2 {font-weight:500; } .ld_fancy_heading_69e019ae2381e h2 {margin-bottom:0.8em !important;  } <\/style><div class=\"ld-fancy-heading ld_fancy_heading_69e019ae2381e\">\n\t<h2 class=\"ld-fh-element lqd-highlight-underline lqd-highlight-grow-left text-decoration-default\"   >  <span class=\"TextRun SCXW177005370 BCX0\" lang=\"ES-ES\" xml:lang=\"ES-ES\" data-contrast=\"auto\"><span class=\"NormalTextRun SCXW177005370 BCX0\">Servicio <\/span><span class=\"NormalTextRun SCXW177005370 BCX0\">Cualificado <\/span><span class=\"NormalTextRun SpellingErrorV2 SCXW177005370 BCX0\">Castoldi<\/span><\/span><span class=\"EOP SCXW177005370 BCX0\" data-ccp-props=\"{}\">\u00a0<\/span><\/h2><\/div><style>.ld_fancy_heading_69e019ae23f13 p {font-size:14px; } .ld_fancy_heading_69e019ae23f13 p {line-height:1.6em; } .ld_fancy_heading_69e019ae23f13 p {--element-line-height:1.6em; } .ld_fancy_heading_69e019ae23f13 .lqd-highlight-inner{height:0.275em!important;bottom:0px!important;}.ld_fancy_heading_69e019ae23f13 p {font-size:14px; } .ld_fancy_heading_69e019ae23f13 p {line-height:1.6em; } .ld_fancy_heading_69e019ae23f13 p {--element-line-height:1.6em; } <\/style><div class=\"ld-fancy-heading ld_fancy_heading_69e019ae23f13\">\n\t<p class=\"ld-fh-element lqd-highlight-underline lqd-highlight-grow-left text-decoration-default\"   >  <span data-contrast=\"auto\">Gracias a nuestra amplia experiencia de m\u00e1s de una d\u00e9cada en el sector n\u00e1utico y a la confianza en nuestra marca, Heavy Seas est\u00e1 encantado de haber sido nombrado Servicio Cualificado para la prestigiosa marca italiana Castoldi. Como distribuidor de la marca, estamos a su disposici\u00f3n para suministrar y entregar <\/span><span data-contrast=\"auto\">Castoldi Jet Tenders<\/span><span data-contrast=\"auto\"> y Castoldi Waterjets, as\u00ed como para ayudar en cualquier reparaci\u00f3n que sea necesaria, problemas de garant\u00eda o revisi\u00f3n de los equipos, incluyendo sus motores Yanmar.\u00a0<\/span><span data-ccp-props=\"{}\">\u00a0<\/span><\/p>\n<p><span data-ccp-props=\"{}\">\u00a0<\/span><\/p>\n<p><span data-contrast=\"auto\">Castoldi tiene la reputaci\u00f3n de ser el que ha reinventado el sistema de propulsi\u00f3n por chorro de agua. Hasta que la empresa dio un paso adelante como l\u00edder en su \u00e1rea, los waterjets se consideraban a menudo dif\u00edciles de maniobrar e ineficaces. Gracias a una exhaustiva investigaci\u00f3n que se remonta a 1962, Castoldi revolucion\u00f3 estos conceptos utilizando la tecnolog\u00eda m\u00e1s puntera, que dura m\u00e1s y es m\u00e1s f\u00e1cil de mantener.<\/span><span data-ccp-props=\"{}\">\u00a0<\/span><\/p>\n<p><span data-ccp-props=\"{}\">\u00a0<\/span><\/p>\n<p><span data-contrast=\"auto\">Los <\/span><span data-contrast=\"auto\">Castoldi Jet Tenders<\/span><span data-contrast=\"auto\"> son botes inflables r\u00edgidos impulsados por chorros de agua que tienen un valor incalculable, y a menudo son obligatorios a bordo de muchas embarcaciones. Los Waterjets de Castoldi consisten en un mecanismo de propulsi\u00f3n por chorro de agua que es como un turborreactor de avi\u00f3n, con la diferencia de que el fluido de funcionamiento es el agua en lugar del aire.<\/span><span data-ccp-props=\"{}\">\u00a0<\/span><\/p>\n<p><span data-ccp-props=\"{}\">\u00a0<\/span><\/p>\n<p><span data-contrast=\"auto\">Cada uno de estos Waterjets Castoldi y <\/span><span data-contrast=\"auto\">Castoldi Jet Tenders<\/span><span data-contrast=\"auto\"> requiere un tipo de mantenimiento muy concreto y aqu\u00ed en Heavy Seas podemos ayudarte con lo que necesites, incluyendo elementos en fibra de vidrio, acabado de teca, Hypalon, electricidad, tapicer\u00eda y toldos que pueda necesitar.<\/span><span data-ccp-props=\"{}\">\u00a0<\/span><\/p>\n<p><span data-ccp-props=\"{}\">\u00a0<\/span><\/p>\n<p><span data-contrast=\"auto\">En Heavy Seas trabajamos en toda Mallorca y en las Islas Baleares en embarcaciones de diferentes tama\u00f1os y contamos con m\u00e1s de diez a\u00f1os de experiencia trabajando en refit y reparaci\u00f3n, tapicer\u00eda y muchos otros servicios. Como servicio cualificado de Castoldi, podemos visitar los barcos en cualquiera de los puertos de las islas y ofrecer nuestro asesoramiento experto sobre las mejores soluciones del extenso cat\u00e1logo de Castoldi Waterjets o suministr\u00e1ndote cualquier pieza que puedas necesitar.\u00a0<\/span><span data-ccp-props=\"{}\">\u00a0<\/span><\/p><\/div><style>.ld_spacer_69e019ae243e2{height:32px;}<\/style>\n<div class=\"ld-empty-space ld_spacer_69e019ae243e2\"><\/div><style>.ld_button_69e019ae24576{color:rgb(255, 255, 255);}.ld_button_69e019ae24576:hover{color:rgb(255, 255, 255);}<\/style><a href=\"https:\/\/heavyseas.net\/es\/servicios-nauticos\/\" title=\"Marine services\" class=\"btn btn-solid circle border-thin btn-has-label ld_button_69e019ae24576\" >\n\t<span>\n\t\n\t\t\t\t\t<span class=\"btn-txt\" data-text=\"Volver a servicios n\u00e1uticos\" >Volver a servicios n\u00e1uticos<\/span>\n\t\t\n\t\t\t\t\t<\/span>\n<\/a>\n[\/vc_column][\/vc_row][vc_row full_width=\u00bbstretch_row\u00bb css=\u00bb.vc_custom_1630052914486{padding-top: 50px !important;padding-right: 10px !important;padding-bottom: 50px !important;padding-left: 10px !important;}\u00bb el_id=\u00bblqd-gallery\u00bb responsive_css=\u00bbpadding_right_medium:50px|padding_left_medium:50px\u00bb][vc_column]<div id=\"ld_media_69e019ae24afc\" class=\"ld-media-row row d-flex ld_media_69e019ae24afc\" data-liquid-masonry=\"true\" data-custom-animations=\"true\" data-ca-options='{\"triggerHandler\":\"inview\",\"animationTarget\":\".ld-media-item\",\"duration\":\"1800\",\"delay\":\"130\",\"ease\":\"power4.out\",\"initValues\":{\"y\":-1,\"opacity\":0},\"animations\":{\"y\":0,\"opacity\":1}}'>\n\t<p><style>.ld_media_element_69e019ae24d83{height:312px;}<\/style>\n<div id=\"ld_media_element_69e019ae24d83\" class=\"vc_col-sm-6 vc_col-md-3 vc_col-xs-6 masonry-item liquid-media-element-custom-height ld_media_element_69e019ae24d83\">\n\n\t<div class=\"ld-media-item \">\n\n\t\t<figure data-responsive-bg=\"true\"><img decoding=\"async\" width=\"844\" height=\"832\" src=\"https:\/\/heavyseas.net\/wp-content\/uploads\/2024\/04\/Castoldi.png\" class=\"attachment-full size-full\" alt=\"\" srcset=\"https:\/\/heavyseas.net\/wp-content\/uploads\/2024\/04\/Castoldi.png 844w, https:\/\/heavyseas.net\/wp-content\/uploads\/2024\/04\/Castoldi-300x296.png 300w\" sizes=\"(max-width: 844px) 100vw, 844px\" itemprop=\"image\" \/><\/figure>\n\t\t<div class=\"ld-media-item-overlay d-flex flex-column align-items-center text-center justify-content-center\">\n\n\t\t\t<div class=\"ld-media-bg\"><\/div>\n\n\t\t\t<div class=\"ld-media-content\">\n\t\t\t\t\t\t\t\t<span class=\"ld-media-icon icon-lg\">\n\t\t\t\t\t\t\t<span class=\"ld-media-icon-inner\">\n\t\t\t\t\t\t\t\t<i class=\"lqd-icn-ess icon-ion-ios-add\"><\/i>\n\t\t\t\t\t\t\t<\/span><!-- \/.ld-media-icon-inner -->\n\t\t\t\t\t\t<\/span><!-- \/.media-icon -->\t\t\t<\/div><!-- \/.ld-media-content -->\n\n\t\t<\/div><!-- \/.ld-media-item-overlay -->\n\n\t\t<a href=\"https:\/\/heavyseas.net\/wp-content\/uploads\/2024\/04\/Castoldi.png\" class=\"liquid-overlay-link fresco\"  data-fresco-group=\"lqd-1575634066049-29fc854e-3303\"><\/a>\n\t<\/div><!-- \/.ld-media-item -->\n\n<\/div><!-- \/.col-md-3 --><style>.ld_media_element_69e019ae25d47{height:312px;}<\/style>\n<div id=\"ld_media_element_69e019ae25d47\" class=\"vc_col-sm-6 vc_col-md-3 vc_col-xs-6 masonry-item liquid-media-element-custom-height ld_media_element_69e019ae25d47\">\n\n\t<div class=\"ld-media-item \">\n\n\t\t<figure data-responsive-bg=\"true\"><img decoding=\"async\" width=\"1184\" height=\"1194\" src=\"data:image\/svg+xml;charset=utf-8,%3Csvg xmlns%3D&#039;http%3A%2F%2Fwww.w3.org%2F2000%2Fsvg&#039; viewBox%3D&#039;0 0 1184 1194&#039;%2F%3E\" class=\"attachment-full size-full ld-lazyload\" alt=\"\" itemprop=\"image\" data-src=\"https:\/\/heavyseas.net\/wp-content\/uploads\/2022\/04\/Monaco-2016-1072.png\" data-srcset=\"https:\/\/heavyseas.net\/wp-content\/uploads\/2022\/04\/Monaco-2016-1072.png 1184w, https:\/\/heavyseas.net\/wp-content\/uploads\/2022\/04\/Monaco-2016-1072-297x300.png 297w, https:\/\/heavyseas.net\/wp-content\/uploads\/2022\/04\/Monaco-2016-1072-1015x1024.png 1015w, https:\/\/heavyseas.net\/wp-content\/uploads\/2022\/04\/Monaco-2016-1072-150x150.png 150w\" data-sizes=\"(max-width: 1184px) 100vw, 1184px\" data-aspect=\"0.99162479061977\" \/><\/figure>\n\t\t<div class=\"ld-media-item-overlay d-flex flex-column align-items-center text-center justify-content-center\">\n\n\t\t\t<div class=\"ld-media-bg\"><\/div>\n\n\t\t\t<div class=\"ld-media-content\">\n\t\t\t\t\t\t\t\t<span class=\"ld-media-icon icon-lg\">\n\t\t\t\t\t\t\t<span class=\"ld-media-icon-inner\">\n\t\t\t\t\t\t\t\t<i class=\"lqd-icn-ess icon-ion-ios-add\"><\/i>\n\t\t\t\t\t\t\t<\/span><!-- \/.ld-media-icon-inner -->\n\t\t\t\t\t\t<\/span><!-- \/.media-icon -->\t\t\t<\/div><!-- \/.ld-media-content -->\n\n\t\t<\/div><!-- \/.ld-media-item-overlay -->\n\n\t\t<a href=\"https:\/\/heavyseas.net\/wp-content\/uploads\/2022\/04\/Monaco-2016-1072.png\" class=\"liquid-overlay-link fresco\"  data-fresco-group=\"lqd-1575634066049-29fc854e-3303\"><\/a>\n\t<\/div><!-- \/.ld-media-item -->\n\n<\/div><!-- \/.col-md-3 --><style>.ld_media_element_69e019ae39b84{height:312px;}<\/style>\n<div id=\"ld_media_element_69e019ae39b84\" class=\"vc_col-sm-6 vc_col-md-3 vc_col-xs-6 masonry-item liquid-media-element-custom-height ld_media_element_69e019ae39b84\">\n\n\t<div class=\"ld-media-item \">\n\n\t\t<figure data-responsive-bg=\"true\"><img decoding=\"async\" width=\"900\" height=\"600\" src=\"data:image\/svg+xml;charset=utf-8,%3Csvg xmlns%3D&#039;http%3A%2F%2Fwww.w3.org%2F2000%2Fsvg&#039; viewBox%3D&#039;0 0 900 600&#039;%2F%3E\" class=\"attachment-full size-full ld-lazyload\" alt=\"\" itemprop=\"image\" data-src=\"https:\/\/heavyseas.net\/wp-content\/uploads\/2022\/04\/Monaco-2016-107.png\" data-srcset=\"https:\/\/heavyseas.net\/wp-content\/uploads\/2022\/04\/Monaco-2016-107.png 900w, https:\/\/heavyseas.net\/wp-content\/uploads\/2022\/04\/Monaco-2016-107-300x200.png 300w\" data-sizes=\"(max-width: 900px) 100vw, 900px\" data-aspect=\"1.5\" \/><\/figure>\n\t\t<div class=\"ld-media-item-overlay d-flex flex-column align-items-center text-center justify-content-center\">\n\n\t\t\t<div class=\"ld-media-bg\"><\/div>\n\n\t\t\t<div class=\"ld-media-content\">\n\t\t\t\t\t\t\t\t<span class=\"ld-media-icon icon-lg\">\n\t\t\t\t\t\t\t<span class=\"ld-media-icon-inner\">\n\t\t\t\t\t\t\t\t<i class=\"lqd-icn-ess icon-ion-ios-add\"><\/i>\n\t\t\t\t\t\t\t<\/span><!-- \/.ld-media-icon-inner -->\n\t\t\t\t\t\t<\/span><!-- \/.media-icon -->\t\t\t<\/div><!-- \/.ld-media-content -->\n\n\t\t<\/div><!-- \/.ld-media-item-overlay -->\n\n\t\t<a href=\"https:\/\/heavyseas.net\/wp-content\/uploads\/2022\/04\/Monaco-2016-107.png\" class=\"liquid-overlay-link fresco\"  data-fresco-group=\"lqd-1575634066049-29fc854e-3303\"><\/a>\n\t<\/div><!-- \/.ld-media-item -->\n\n<\/div><!-- \/.col-md-3 --><style>.ld_media_element_69e019ae4b026{height:312px;}<\/style>\n<div id=\"ld_media_element_69e019ae4b026\" class=\"vc_col-sm-6 vc_col-md-3 vc_col-xs-6 masonry-item liquid-media-element-custom-height ld_media_element_69e019ae4b026\">\n\n\t<div class=\"ld-media-item \">\n\n\t\t<figure data-responsive-bg=\"true\"><img decoding=\"async\" width=\"900\" height=\"600\" src=\"data:image\/svg+xml;charset=utf-8,%3Csvg xmlns%3D&#039;http%3A%2F%2Fwww.w3.org%2F2000%2Fsvg&#039; viewBox%3D&#039;0 0 900 600&#039;%2F%3E\" class=\"attachment-full size-full ld-lazyload\" alt=\"\" itemprop=\"image\" data-src=\"https:\/\/heavyseas.net\/wp-content\/uploads\/2024\/04\/Senza-titolo-2_0001_speed-3-1.png\" data-srcset=\"https:\/\/heavyseas.net\/wp-content\/uploads\/2024\/04\/Senza-titolo-2_0001_speed-3-1.png 900w, https:\/\/heavyseas.net\/wp-content\/uploads\/2024\/04\/Senza-titolo-2_0001_speed-3-1-300x200.png 300w\" data-sizes=\"(max-width: 900px) 100vw, 900px\" data-aspect=\"1.5\" \/><\/figure>\n\t\t<div class=\"ld-media-item-overlay d-flex flex-column align-items-center text-center justify-content-center\">\n\n\t\t\t<div class=\"ld-media-bg\"><\/div>\n\n\t\t\t<div class=\"ld-media-content\">\n\t\t\t\t\t\t\t\t<span class=\"ld-media-icon icon-lg\">\n\t\t\t\t\t\t\t<span class=\"ld-media-icon-inner\">\n\t\t\t\t\t\t\t\t<i class=\"lqd-icn-ess icon-ion-ios-add\"><\/i>\n\t\t\t\t\t\t\t<\/span><!-- \/.ld-media-icon-inner -->\n\t\t\t\t\t\t<\/span><!-- \/.media-icon -->\t\t\t<\/div><!-- \/.ld-media-content -->\n\n\t\t<\/div><!-- \/.ld-media-item-overlay -->\n\n\t\t<a href=\"https:\/\/heavyseas.net\/wp-content\/uploads\/2024\/04\/Senza-titolo-2_0001_speed-3-1.png\" class=\"liquid-overlay-link fresco\"  data-fresco-group=\"lqd-1575634066049-29fc854e-3303\"><\/a>\n\t<\/div><!-- \/.ld-media-item -->\n\n<\/div><!-- \/.col-md-3 --><\/p>\n<\/div><!-- \/.ld-media-row -->\n\n\n[\/vc_column][\/vc_row]<\/p>\n","protected":false},"excerpt":{"rendered":"<p>[vc_row full_width=\u00bbstretch_row\u00bb parallax=\u00bbenable_parallax\u00bb bg_position=\u00bbcenter center\u00bb enable_overlay=\u00bbyes\u00bb css=\u00bb.vc_custom_1629985067764{background-image: url(http:\/\/heavyseas.net\/wp-content\/uploads\/2021\/08\/HeavySeas_Home_00.jpg?id=9330) !important;background-position: 0 0;background-repeat:-repeat;}\u00bb overlay_bg=\u00bbrgba(20, 20, 20, 0.87)\u00bb responsive_css=\u00bbpadding_top_large:60px|padding_bottom_large:60px\u00bb][vc_column enable_content_animation=\u00bbyes\u00bb ca_init_scale_x=\u00bb1&#8243; ca_init_scale_y=\u00bb1&#8243; ca_init_opacity=\u00bb0&#8243; ca_an_scale_x=\u00bb1&#8243; ca_an_scale_y=\u00bb1&#8243; ca_an_opacity=\u00bb1&#8243; offset=\u00bbvc_col-lg-offset-2 vc_col-lg-8 vc_col-md-offset-1 vc_col-md-10&#8243; responsive_align=\u00bbtext-center\u00bb ca_duration=\u00bb1600&#8243; ca_delay=\u00bb160&#8243; ca_init_translate_y=\u00bb65&#8243; ca_init_rotate_y=\u00bb50&#8243; responsive_css=\u00bbpadding_top_medium:90px\u00bb][\/vc_column][\/vc_row][vc_row full_width=\u00bbstretch_row\u00bb gap=\u00bb0&#8243; equal_height=\u00bbyes\u00bb content_placement=\u00bbmiddle\u00bb][vc_column row_scale_bg_onhover=\u00bbyes\u00bb width=\u00bb1\/2&#8243; bg_position=\u00bbcenter center\u00bb css=\u00bb.vc_custom_1635331850192{padding-top: 50vw !important;padding-bottom: 50vw !important;background-image: url(http:\/\/heavyseas.net\/wp-content\/uploads\/2021\/10\/Castoldi.jpg?id=11592) !important;background-position: center !important;background-repeat: no-repeat !important;background-size: cover !important;}\u00bb responsive_css=\u00bbpadding_top_small:0px|padding_bottom_small:0px\u00bb][\/vc_column][vc_column [&hellip;]<\/p>\n","protected":false},"author":1,"featured_media":0,"parent":13808,"menu_order":0,"comment_status":"closed","ping_status":"closed","template":"","meta":{"_joinchat":[],"footnotes":""},"class_list":["post-13812","page","type-page","status-publish","hentry"],"yoast_head":"<!-- This site is optimized with the Yoast SEO plugin v27.2 - https:\/\/yoast.com\/product\/yoast-seo-wordpress\/ -->\n<title>Castoldi Servicio Oficial - Heavyseas<\/title>\n<meta name=\"description\" content=\"Heavy Seas se enorgullece de haber sido nombrado Servicio Cualificado para la prestigiosa marca italiana Castoldi, suministrando Castoldi Jet Tenders y Castoldi Waterjets.\" \/>\n<meta name=\"robots\" content=\"index, follow, max-snippet:-1, max-image-preview:large, max-video-preview:-1\" \/>\n<link rel=\"canonical\" href=\"https:\/\/heavyseas.net\/es\/servicios-nauticos\/mecanica\/castoldi-servicio-oficial\/\" \/>\n<meta property=\"og:locale\" content=\"es_ES\" \/>\n<meta property=\"og:type\" content=\"article\" \/>\n<meta property=\"og:title\" content=\"Castoldi Servicio Oficial - Heavyseas\" \/>\n<meta property=\"og:description\" content=\"Heavy Seas se enorgullece de haber sido nombrado Servicio Cualificado para la prestigiosa marca italiana Castoldi, suministrando Castoldi Jet Tenders y Castoldi Waterjets.\" \/>\n<meta property=\"og:url\" content=\"https:\/\/heavyseas.net\/es\/servicios-nauticos\/mecanica\/castoldi-servicio-oficial\/\" \/>\n<meta property=\"og:site_name\" content=\"Heavyseas\" \/>\n<meta property=\"article:modified_time\" content=\"2024-04-30T12:16:28+00:00\" \/>\n<meta name=\"twitter:card\" content=\"summary_large_image\" \/>\n<meta name=\"twitter:label1\" content=\"Tiempo de lectura\" \/>\n\t<meta name=\"twitter:data1\" content=\"3 minutos\" \/>\n<script type=\"application\/ld+json\" class=\"yoast-schema-graph\">{\"@context\":\"https:\/\/schema.org\",\"@graph\":[{\"@type\":\"WebPage\",\"@id\":\"https:\/\/heavyseas.net\/es\/servicios-nauticos\/mecanica\/castoldi-servicio-oficial\/\",\"url\":\"https:\/\/heavyseas.net\/es\/servicios-nauticos\/mecanica\/castoldi-servicio-oficial\/\",\"name\":\"Castoldi Servicio Oficial - Heavyseas\",\"isPartOf\":{\"@id\":\"https:\/\/heavyseas.net\/es\/#website\"},\"datePublished\":\"2021-08-27T08:10:53+00:00\",\"dateModified\":\"2024-04-30T12:16:28+00:00\",\"description\":\"Heavy Seas se enorgullece de haber sido nombrado Servicio Cualificado para la prestigiosa marca italiana Castoldi, suministrando Castoldi Jet Tenders y Castoldi Waterjets.\",\"breadcrumb\":{\"@id\":\"https:\/\/heavyseas.net\/es\/servicios-nauticos\/mecanica\/castoldi-servicio-oficial\/#breadcrumb\"},\"inLanguage\":\"es\",\"potentialAction\":[{\"@type\":\"ReadAction\",\"target\":[\"https:\/\/heavyseas.net\/es\/servicios-nauticos\/mecanica\/castoldi-servicio-oficial\/\"]}]},{\"@type\":\"BreadcrumbList\",\"@id\":\"https:\/\/heavyseas.net\/es\/servicios-nauticos\/mecanica\/castoldi-servicio-oficial\/#breadcrumb\",\"itemListElement\":[{\"@type\":\"ListItem\",\"position\":1,\"name\":\"Portada\",\"item\":\"https:\/\/heavyseas.net\/es\/\"},{\"@type\":\"ListItem\",\"position\":2,\"name\":\"Servicios n\u00e1uticos\",\"item\":\"https:\/\/heavyseas.net\/es\/servicios-nauticos\/\"},{\"@type\":\"ListItem\",\"position\":3,\"name\":\"Mec\u00e1nica\",\"item\":\"https:\/\/heavyseas.net\/es\/servicios-nauticos\/mecanica\/\"},{\"@type\":\"ListItem\",\"position\":4,\"name\":\"Castoldi Servicio Oficial\"}]},{\"@type\":\"WebSite\",\"@id\":\"https:\/\/heavyseas.net\/es\/#website\",\"url\":\"https:\/\/heavyseas.net\/es\/\",\"name\":\"Heavyseas\",\"description\":\"Refit and Maintenance Solutions\",\"potentialAction\":[{\"@type\":\"SearchAction\",\"target\":{\"@type\":\"EntryPoint\",\"urlTemplate\":\"https:\/\/heavyseas.net\/es\/?s={search_term_string}\"},\"query-input\":{\"@type\":\"PropertyValueSpecification\",\"valueRequired\":true,\"valueName\":\"search_term_string\"}}],\"inLanguage\":\"es\"}]}<\/script>\n<!-- \/ Yoast SEO plugin. -->","yoast_head_json":{"title":"Castoldi Servicio Oficial - Heavyseas","description":"Heavy Seas se enorgullece de haber sido nombrado Servicio Cualificado para la prestigiosa marca italiana Castoldi, suministrando Castoldi Jet Tenders y Castoldi Waterjets.","robots":{"index":"index","follow":"follow","max-snippet":"max-snippet:-1","max-image-preview":"max-image-preview:large","max-video-preview":"max-video-preview:-1"},"canonical":"https:\/\/heavyseas.net\/es\/servicios-nauticos\/mecanica\/castoldi-servicio-oficial\/","og_locale":"es_ES","og_type":"article","og_title":"Castoldi Servicio Oficial - Heavyseas","og_description":"Heavy Seas se enorgullece de haber sido nombrado Servicio Cualificado para la prestigiosa marca italiana Castoldi, suministrando Castoldi Jet Tenders y Castoldi Waterjets.","og_url":"https:\/\/heavyseas.net\/es\/servicios-nauticos\/mecanica\/castoldi-servicio-oficial\/","og_site_name":"Heavyseas","article_modified_time":"2024-04-30T12:16:28+00:00","twitter_card":"summary_large_image","twitter_misc":{"Tiempo de lectura":"3 minutos"},"schema":{"@context":"https:\/\/schema.org","@graph":[{"@type":"WebPage","@id":"https:\/\/heavyseas.net\/es\/servicios-nauticos\/mecanica\/castoldi-servicio-oficial\/","url":"https:\/\/heavyseas.net\/es\/servicios-nauticos\/mecanica\/castoldi-servicio-oficial\/","name":"Castoldi Servicio Oficial - Heavyseas","isPartOf":{"@id":"https:\/\/heavyseas.net\/es\/#website"},"datePublished":"2021-08-27T08:10:53+00:00","dateModified":"2024-04-30T12:16:28+00:00","description":"Heavy Seas se enorgullece de haber sido nombrado Servicio Cualificado para la prestigiosa marca italiana Castoldi, suministrando Castoldi Jet Tenders y Castoldi Waterjets.","breadcrumb":{"@id":"https:\/\/heavyseas.net\/es\/servicios-nauticos\/mecanica\/castoldi-servicio-oficial\/#breadcrumb"},"inLanguage":"es","potentialAction":[{"@type":"ReadAction","target":["https:\/\/heavyseas.net\/es\/servicios-nauticos\/mecanica\/castoldi-servicio-oficial\/"]}]},{"@type":"BreadcrumbList","@id":"https:\/\/heavyseas.net\/es\/servicios-nauticos\/mecanica\/castoldi-servicio-oficial\/#breadcrumb","itemListElement":[{"@type":"ListItem","position":1,"name":"Portada","item":"https:\/\/heavyseas.net\/es\/"},{"@type":"ListItem","position":2,"name":"Servicios n\u00e1uticos","item":"https:\/\/heavyseas.net\/es\/servicios-nauticos\/"},{"@type":"ListItem","position":3,"name":"Mec\u00e1nica","item":"https:\/\/heavyseas.net\/es\/servicios-nauticos\/mecanica\/"},{"@type":"ListItem","position":4,"name":"Castoldi Servicio Oficial"}]},{"@type":"WebSite","@id":"https:\/\/heavyseas.net\/es\/#website","url":"https:\/\/heavyseas.net\/es\/","name":"Heavyseas","description":"Refit and Maintenance Solutions","potentialAction":[{"@type":"SearchAction","target":{"@type":"EntryPoint","urlTemplate":"https:\/\/heavyseas.net\/es\/?s={search_term_string}"},"query-input":{"@type":"PropertyValueSpecification","valueRequired":true,"valueName":"search_term_string"}}],"inLanguage":"es"}]}},"_links":{"self":[{"href":"https:\/\/heavyseas.net\/es\/wp-json\/wp\/v2\/pages\/13812","targetHints":{"allow":["GET"]}}],"collection":[{"href":"https:\/\/heavyseas.net\/es\/wp-json\/wp\/v2\/pages"}],"about":[{"href":"https:\/\/heavyseas.net\/es\/wp-json\/wp\/v2\/types\/page"}],"author":[{"embeddable":true,"href":"https:\/\/heavyseas.net\/es\/wp-json\/wp\/v2\/users\/1"}],"replies":[{"embeddable":true,"href":"https:\/\/heavyseas.net\/es\/wp-json\/wp\/v2\/comments?post=13812"}],"version-history":[{"count":9,"href":"https:\/\/heavyseas.net\/es\/wp-json\/wp\/v2\/pages\/13812\/revisions"}],"predecessor-version":[{"id":18559,"href":"https:\/\/heavyseas.net\/es\/wp-json\/wp\/v2\/pages\/13812\/revisions\/18559"}],"up":[{"embeddable":true,"href":"https:\/\/heavyseas.net\/es\/wp-json\/wp\/v2\/pages\/13808"}],"wp:attachment":[{"href":"https:\/\/heavyseas.net\/es\/wp-json\/wp\/v2\/media?parent=13812"}],"curies":[{"name":"wp","href":"https:\/\/api.w.org\/{rel}","templated":true}]}}