{"id":13781,"date":"2020-12-14T08:09:48","date_gmt":"2020-12-14T08:09:48","guid":{"rendered":"https:\/\/heavyseas.net\/?page_id=13781"},"modified":"2023-03-28T12:24:05","modified_gmt":"2023-03-28T12:24:05","slug":"legal-notice","status":"publish","type":"page","link":"https:\/\/heavyseas.net\/es\/legal-notice\/","title":{"rendered":"Aviso legal"},"content":{"rendered":"<p>[vc_row full_width=\u00bbstretch_row\u00bb parallax=\u00bbenable_parallax\u00bb bg_position=\u00bbcenter center\u00bb enable_overlay=\u00bbyes\u00bb css=\u00bb.vc_custom_1629985067764{background-image: url(http:\/\/heavyseas.net\/wp-content\/uploads\/2021\/08\/HeavySeas_Home_00.jpg?id=9330) !important;background-position: 0 0;background-repeat:-repeat;}\u00bb overlay_bg=\u00bbrgba(20, 20, 20, 0.87)\u00bb responsive_css=\u00bbpadding_top_large:60px|padding_bottom_large:60px\u00bb][vc_column enable_content_animation=\u00bbyes\u00bb ca_init_scale_x=\u00bb1&#8243; ca_init_scale_y=\u00bb1&#8243; ca_init_opacity=\u00bb0&#8243; ca_an_scale_x=\u00bb1&#8243; ca_an_scale_y=\u00bb1&#8243; ca_an_opacity=\u00bb1&#8243; offset=\u00bbvc_col-lg-offset-2 vc_col-lg-8 vc_col-md-offset-1 vc_col-md-10&#8243; responsive_align=\u00bbtext-center\u00bb ca_duration=\u00bb1600&#8243; ca_delay=\u00bb160&#8243; ca_init_translate_y=\u00bb65&#8243; ca_init_rotate_y=\u00bb50&#8243; responsive_css=\u00bbpadding_top_medium:90px\u00bb][\/vc_column][\/vc_row][vc_row parallax=\u00bbenable_parallax\u00bb bg_position=\u00bbcenter center\u00bb enable_overlay=\u00bbyes\u00bb responsive_css=\u00bbpadding_top_large:30px|padding_bottom_large:30px\u00bb][vc_column enable_content_animation=\u00bbyes\u00bb ca_init_scale_x=\u00bb1&#8243; ca_init_scale_y=\u00bb1&#8243; ca_init_opacity=\u00bb0&#8243; ca_an_scale_x=\u00bb1&#8243; ca_an_scale_y=\u00bb1&#8243; ca_an_opacity=\u00bb1&#8243; offset=\u00bbvc_col-lg-offset-2 vc_col-lg-8 vc_col-md-offset-1 vc_col-md-10&#8243; responsive_align=\u00bbtext-center\u00bb ca_duration=\u00bb1600&#8243; ca_delay=\u00bb160&#8243; ca_init_translate_y=\u00bb65&#8243; ca_init_rotate_y=\u00bb50&#8243; responsive_css=\u00bbpadding_top_medium:90px\u00bb]<style>.ld_fancy_heading_69e7bac693c0c h3{color:#c0281b;}.ld_fancy_heading_69e7bac693c0c h3 {font-size:15vw; } @media (min-width: 768px) { .ld_fancy_heading_69e7bac693c0c h3 {font-size:80px; }  } .ld_fancy_heading_69e7bac693c0c h3 {line-height:1em; } .ld_fancy_heading_69e7bac693c0c h3 {--element-line-height:1em; } .ld_fancy_heading_69e7bac693c0c h3 {margin-bottom:0.35em !important;  } .ld_fancy_heading_69e7bac693c0c .lqd-highlight-inner{height:0.275em!important;bottom:0px!important;}.ld_fancy_heading_69e7bac693c0c h3 {font-size:15vw; } @media (min-width: 768px) { .ld_fancy_heading_69e7bac693c0c h3 {font-size:80px; }  } .ld_fancy_heading_69e7bac693c0c h3 {line-height:1em; } .ld_fancy_heading_69e7bac693c0c h3 {--element-line-height:1em; } .ld_fancy_heading_69e7bac693c0c h3 {margin-bottom:0.35em !important;  } <\/style><div class=\"ld-fancy-heading ld_fancy_heading_69e7bac693c0c\">\n\t<h3 class=\"ld-fh-element lqd-highlight-underline lqd-highlight-grow-left text-decoration-default\"   >  Aviso Legal<\/h3><\/div>[\/vc_column][\/vc_row][vc_row][vc_column]<style>.ld_fancy_heading_69e7bac69428a p{color:rgba(14, 14, 14, 0.85);}@media (min-width: 768px) { .ld_fancy_heading_69e7bac69428a p {padding-right:12% !important; padding-left:12% !important;  }  } @media (min-width: 992px) { .ld_fancy_heading_69e7bac69428a p {padding-right:0px !important; padding-left:0px !important;  }  } @media (min-width: 1200px) { .ld_fancy_heading_69e7bac69428a p {padding-right:10% !important; padding-left:10% !important;  }  } .ld_fancy_heading_69e7bac69428a p {margin-bottom:1.75em !important;  } .ld_fancy_heading_69e7bac69428a .lqd-highlight-inner{height:0.275em!important;bottom:0px!important;}@media (min-width: 768px) { .ld_fancy_heading_69e7bac69428a p {padding-right:12% !important; padding-left:12% !important;  }  } @media (min-width: 992px) { .ld_fancy_heading_69e7bac69428a p {padding-right:0px !important; padding-left:0px !important;  }  } @media (min-width: 1200px) { .ld_fancy_heading_69e7bac69428a p {padding-right:10% !important; padding-left:10% !important;  }  } .ld_fancy_heading_69e7bac69428a p {margin-bottom:1.75em !important;  } <\/style><div class=\"ld-fancy-heading ld_fancy_heading_69e7bac69428a\">\n\t<p class=\"ld-fh-element lqd-highlight-underline lqd-highlight-grow-left text-decoration-default\"   >  <span style=\"font-weight: 400\">De conformidad con lo dispuesto en los art\u00edculos 10 y 11 de la Ley 34\/ 2002, de 11 de julio, de Servicios de la Sociedad de la Informaci\u00f3n y de Comercio Electr\u00f3nico se pone a disposici\u00f3n de los usuarios y visitantes la informaci\u00f3n legal relativa a la entidad propietaria del sitio web ubicado en la direcci\u00f3n de Internet www. heavyseas.net<\/span><\/p>\n<p><span style=\"font-weight: 400\">Titular de la p\u00e1gina web.<\/span><\/p>\n<p><span style=\"font-weight: 400\">Denominaci\u00f3n social: HEAVY SEAS, SAFETY &amp; TENDER ENGINEERING SL<\/span><\/p>\n<p><span style=\"font-weight: 400\">CIF\/NIF: B57714958<\/span><\/p>\n<p><span style=\"font-weight: 400\">Domicilio: GREMI TINTORERS 51-A 07009 PALMA DE MALLORCA, BALEARES<\/span><\/p>\n<p><span style=\"font-weight: 400\">Direcci\u00f3n de correo electr\u00f3nico: heavyseas@heavyseas.net<\/span><\/p>\n<p><span style=\"font-weight: 400\">Tel\u00e9fono: 971430464<\/span><\/p>\n<p><span style=\"font-weight: 400\">Inscrito en el Registro Mercantil ISLAS BALEARES Tomo 2463, Folio 154, Hoja 67722, Libro , SECCI\u00d3N 8,<\/span><\/p>\n<p><span style=\"font-weight: 400\">Actividad: Servicios n\u00e1uticos Condiciones de uso:<\/span><\/p>\n<p><span style=\"font-weight: 400\">Para navegar en esta p\u00e1gina web como visitante o para registrarse y poder acceder a los servicios ofrecidos por HEAVY SEAS, SAFETY &amp; TENDER ENGINEERING SL, se deber\u00e1n aceptar las siguientes condiciones de servicio y uso:<\/span><\/p>\n<ol>\n<li style=\"font-weight: 400\"><span style=\"font-weight: 400\">El usuario asume las presentes condiciones generales de uso y servicio de la p\u00e1gina web <\/span><a href=\"http:\/\/www.heavyseas.net\"><span style=\"font-weight: 400\">www.heavyseas.net<\/span><\/a><span style=\"font-weight: 400\">. Si el usuario no acepta las presentes condiciones, no podr\u00e1 hacer uso de los servicios y contenidos de la p\u00e1gina web www.heavyseas.net.<\/span><\/li>\n<li style=\"font-weight: 400\"><span style=\"font-weight: 400\">Las presentes condiciones de uso regulan el acceso y utilizaci\u00f3n de la p\u00e1gina web www.heavyseas.net La utilizaci\u00f3n de esta web le atribuye la condici\u00f3n de usuario desde el acceso e inicio de la navegaci\u00f3n en la misma.<\/span><\/li>\n<\/ol>\n<p><span style=\"font-weight: 400\">Desde el momento de acceso a cualquiera de sus contenidos, el usuario acepta de manera expresa las presentes condiciones generales. El usuario acepta las condiciones particulares aplicables de los diferentes servicios que oferta la entidad en la web a la que accede.<\/span><\/p>\n<ol>\n<li style=\"font-weight: 400\"><span style=\"font-weight: 400\">A trav\u00e9s de la p\u00e1gina web, www.heavyseas.net se facilita a los usuarios el acceso y la utilizaci\u00f3n de diversa informaci\u00f3n y diversos servicios.<\/span><\/li>\n<li style=\"font-weight: 400\"><span style=\"font-weight: 400\">El usuario debe ser mayor de edad para utilizar los servicios de la web www.heavyseas.net. Los menores de 18 a\u00f1os s\u00f3lo podr\u00e1n utilizar los Servicios de la Web www.heavyseas.net bajo la supervisi\u00f3n de un progenitor o un tutor legal.<\/span><\/li>\n<li style=\"font-weight: 400\"><span style=\"font-weight: 400\">El usuario se compromete a realizar un uso adecuado de los contenidos y servicios de la p\u00e1gina web www heavyseas.net. Este uso debe realizarse de conformidad con la Ley, las buenas costumbres, el orden p\u00fablico y con lo dispuesto en las presentes condiciones generales.<\/span><\/li>\n<li style=\"font-weight: 400\"><span style=\"font-weight: 400\">Con car\u00e1cter general, para la prestaci\u00f3n de los servicios y el acceso a la informaci\u00f3n de la p\u00e1gina web no se exige la previa suscripci\u00f3n o registro del usuario. No obstante, HEAVY SEAS, SAFETY &amp; TENDER ENGINEERING SL condiciona la utilizaci\u00f3n de algunos de los servicios, ofertados en la web a la previa cumplimentaci\u00f3n del correspondiente registro o formulario de recogida de datos de car\u00e1cter personal del usuario. El citado registro se efectuar\u00e1 en la forma expresamente indicada en el propio servicio o en las condiciones particulares que, en su caso, lo regulen.<\/span><\/li>\n<li style=\"font-weight: 400\"><span style=\"font-weight: 400\">El usuario asume la obligaci\u00f3n de no realizar ninguna actuaci\u00f3n que pueda da\u00f1ar, inutilizar, hacer inaccesible o deteriorar los contenidos, los servicios y\/o impedir un normal disfrute de la p\u00e1gina web www. heavyseas.net por otros usuarios. En particular, y a t\u00edtulo meramente enunciativo y no limitativo, el usuario se compromete a:<\/span><\/li>\n<\/ol>\n<p><span style=\"font-weight: 400\">No realizar ninguna acci\u00f3n que pueda afectar, destruir, alterar, inutilizar o da\u00f1ar datos de car\u00e1cter personal, programas o documentos electr\u00f3nicos que se encuentren en la web.<\/span><\/p>\n<p><span style=\"font-weight: 400\">No introducir, almacenar o difundir ning\u00fan programa de ordenador, datos, virus o c\u00f3digo que sea susceptible de causar da\u00f1os en la p\u00e1gina web, en cualquiera de los servicios, o en cualquiera de los equipos, sistemas o redes de la entidad, de cualquier otro usuario y\/o de cualquier proveedor de la entidad.<\/span><\/p>\n<p><span style=\"font-weight: 400\">Modificaciones.<\/span><\/p>\n<p><span style=\"font-weight: 400\">La entidad se reserva el derecho a modificar unilateralmente en cualquier momento las presentes condiciones debido a la existencia de nuevas circunstancias econ\u00f3micas y\/o comerciales que as\u00ed lo aconsejen, as\u00ed como por la modificaci\u00f3n, evoluci\u00f3n y promulgaci\u00f3n de leyes, reglamentos y normas de aplicaci\u00f3n que afecten a la prestaci\u00f3n del servicio y\/o aspectos conexos a ello. En estos casos, se proceder\u00e1 a su publicaci\u00f3n y aviso con la m\u00e1xima antelaci\u00f3n posible. De igual modo, se reserva el derecho a modificar, unilateralmente en cualquier momento la presentaci\u00f3n y configuraci\u00f3n de la web.<\/span><\/p>\n<p><span style=\"font-weight: 400\">Enlaces con terceros.<\/span><\/p>\n<p><span style=\"font-weight: 400\">El presente Aviso Legal se refiere \u00fanicamente a la p\u00e1gina web, y no se aplica a los enlaces o a las p\u00e1ginas web de terceros accesibles a trav\u00e9s de la p\u00e1gina web. La entidad no es responsable del contenido de ninguna de las p\u00e1ginas web de destino de un enlace, ni de ning\u00fan enlace incluido en una p\u00e1gina web a la que se llegue desde la web de la entidad.<\/span><\/p>\n<p><span style=\"font-weight: 400\">Propiedad Intelectual.<\/span><\/p>\n<p><span style=\"font-weight: 400\">Todos los contenidos de la p\u00e1gina web son titularidad exclusiva de la entidad y, con car\u00e1cter enunciativo, que no limitativo, el dise\u00f1o gr\u00e1fico, c\u00f3digo fuente, logos, textos, gr\u00e1ficos, ilustraciones, fotograf\u00edas, y dem\u00e1s elementos que aparecen en la p\u00e1gina web. As\u00ed mismo los nombres comerciales, marcas o signos distintivos de cualquier clase contenidos en la p\u00e1gina web est\u00e1n protegidos por la Ley de propiedad intelectual e industrial. Corresponde a la entidad el ejercicio exclusivo de los derechos de explotaci\u00f3n de la propiedad intelectual mencionada, en cualquier forma y, en especial, los derechos de reproducci\u00f3n, distribuci\u00f3n y comunicaci\u00f3n p\u00fablica. El usuario tiene prohibido cualquier uso no consentido total o parcial de cualquiera de los contenidos de la p\u00e1gina web que integran los derechos de propiedad intelectual o industrial de la entidad sobre la p\u00e1gina y\/o sus contenidos.<\/span><\/p>\n<p>&nbsp;<\/p>\n<p><span style=\"font-weight: 400\">La entidad se reserva el derecho a realizar cualquier tipo de acci\u00f3n legal contra cualquier usuario que realice una acci\u00f3n que implique reproducci\u00f3n, distribuci\u00f3n, comercializaci\u00f3n, transformaci\u00f3n y, en general, cualquier otra forma de explotaci\u00f3n, por cualquier procedimiento, de todo o parte de los contenidos de la p\u00e1gina web, y que constituya una infracci\u00f3n de los derechos de propiedad intelectual y\/o industrial de la misma.<\/span><\/p>\n<p><span style=\"font-weight: 400\">Notificaciones.<\/span><\/p>\n<p><span style=\"font-weight: 400\">A los efectos de las presentes condiciones generales, y para cualquier comunicaci\u00f3n que sea precisa entre la entidad y el usuario, este \u00faltimo deber\u00e1 hacer uso del correo electr\u00f3nico heavyseas@heavyseas.net. Las comunicaciones de la entidad al usuario se realizar\u00e1n conforme a los datos de car\u00e1cter personal aportados por este \u00faltimo al registrarse en la p\u00e1gina web www.heavyseas.net El usuario acepta expresamente y para todas las comunicaciones relacionadas con la utilizaci\u00f3n de la p\u00e1gina web y\/o la contrataci\u00f3n de los servicios ofertados en la misma, la utilizaci\u00f3n del correo electr\u00f3nico como procedimiento v\u00e1lido para la remisi\u00f3n de estas comunicaciones.<\/span><\/p>\n<p><span style=\"font-weight: 400\">Legislaci\u00f3n aplicable.<\/span><\/p>\n<p>&nbsp;<\/p>\n<p><span style=\"font-weight: 400\">Las relaciones establecidas entre el titular de la p\u00e1gina web y el usuario se regir\u00e1n por la normativa espa\u00f1ola vigente, y la resoluci\u00f3n de cualquier posible controversia que pueda surgir quedar\u00e1 sometida a los Juzgados y Tribunales competentes. En el caso de que el usuario tenga la condici\u00f3n de consumidor, ser\u00e1n competentes los Juzgados y Tribunales que correspondan seg\u00fan lo previsto en la normativa de consumidores vigente.<\/span><\/p><\/div>[\/vc_column][\/vc_row]<\/p>\n","protected":false},"excerpt":{"rendered":"<p>[vc_row full_width=\u00bbstretch_row\u00bb parallax=\u00bbenable_parallax\u00bb bg_position=\u00bbcenter center\u00bb enable_overlay=\u00bbyes\u00bb css=\u00bb.vc_custom_1629985067764{background-image: url(http:\/\/heavyseas.net\/wp-content\/uploads\/2021\/08\/HeavySeas_Home_00.jpg?id=9330) !important;background-position: 0 0;background-repeat:-repeat;}\u00bb overlay_bg=\u00bbrgba(20, 20, 20, 0.87)\u00bb responsive_css=\u00bbpadding_top_large:60px|padding_bottom_large:60px\u00bb][vc_column enable_content_animation=\u00bbyes\u00bb ca_init_scale_x=\u00bb1&#8243; ca_init_scale_y=\u00bb1&#8243; ca_init_opacity=\u00bb0&#8243; ca_an_scale_x=\u00bb1&#8243; ca_an_scale_y=\u00bb1&#8243; ca_an_opacity=\u00bb1&#8243; offset=\u00bbvc_col-lg-offset-2 vc_col-lg-8 vc_col-md-offset-1 vc_col-md-10&#8243; responsive_align=\u00bbtext-center\u00bb ca_duration=\u00bb1600&#8243; ca_delay=\u00bb160&#8243; ca_init_translate_y=\u00bb65&#8243; ca_init_rotate_y=\u00bb50&#8243; responsive_css=\u00bbpadding_top_medium:90px\u00bb][\/vc_column][\/vc_row][vc_row parallax=\u00bbenable_parallax\u00bb bg_position=\u00bbcenter center\u00bb enable_overlay=\u00bbyes\u00bb responsive_css=\u00bbpadding_top_large:30px|padding_bottom_large:30px\u00bb][vc_column enable_content_animation=\u00bbyes\u00bb ca_init_scale_x=\u00bb1&#8243; ca_init_scale_y=\u00bb1&#8243; ca_init_opacity=\u00bb0&#8243; ca_an_scale_x=\u00bb1&#8243; ca_an_scale_y=\u00bb1&#8243; ca_an_opacity=\u00bb1&#8243; offset=\u00bbvc_col-lg-offset-2 vc_col-lg-8 vc_col-md-offset-1 vc_col-md-10&#8243; responsive_align=\u00bbtext-center\u00bb ca_duration=\u00bb1600&#8243; ca_delay=\u00bb160&#8243; ca_init_translate_y=\u00bb65&#8243; ca_init_rotate_y=\u00bb50&#8243; responsive_css=\u00bbpadding_top_medium:90px\u00bb][\/vc_column][\/vc_row][vc_row][vc_column][\/vc_column][\/vc_row]<\/p>\n","protected":false},"author":1,"featured_media":0,"parent":0,"menu_order":0,"comment_status":"closed","ping_status":"closed","template":"","meta":{"_joinchat":[],"footnotes":""},"class_list":["post-13781","page","type-page","status-publish","hentry"],"yoast_head":"<!-- This site is optimized with the Yoast SEO plugin v27.2 - https:\/\/yoast.com\/product\/yoast-seo-wordpress\/ -->\n<title>Aviso legal - Heavyseas<\/title>\n<meta name=\"description\" content=\"Aviso legal\" \/>\n<meta name=\"robots\" content=\"index, follow, max-snippet:-1, max-image-preview:large, max-video-preview:-1\" \/>\n<link rel=\"canonical\" href=\"https:\/\/heavyseas.net\/es\/legal-notice\/\" \/>\n<meta property=\"og:locale\" content=\"es_ES\" \/>\n<meta property=\"og:type\" content=\"article\" \/>\n<meta property=\"og:title\" content=\"Aviso legal - Heavyseas\" \/>\n<meta property=\"og:description\" content=\"Aviso legal\" \/>\n<meta property=\"og:url\" content=\"https:\/\/heavyseas.net\/es\/legal-notice\/\" \/>\n<meta property=\"og:site_name\" content=\"Heavyseas\" \/>\n<meta property=\"article:modified_time\" content=\"2023-03-28T12:24:05+00:00\" \/>\n<meta name=\"twitter:card\" content=\"summary_large_image\" \/>\n<meta name=\"twitter:label1\" content=\"Tiempo de lectura\" \/>\n\t<meta name=\"twitter:data1\" content=\"6 minutos\" \/>\n<script type=\"application\/ld+json\" class=\"yoast-schema-graph\">{\"@context\":\"https:\/\/schema.org\",\"@graph\":[{\"@type\":\"WebPage\",\"@id\":\"https:\/\/heavyseas.net\/es\/legal-notice\/\",\"url\":\"https:\/\/heavyseas.net\/es\/legal-notice\/\",\"name\":\"Aviso legal - Heavyseas\",\"isPartOf\":{\"@id\":\"https:\/\/heavyseas.net\/es\/#website\"},\"datePublished\":\"2020-12-14T08:09:48+00:00\",\"dateModified\":\"2023-03-28T12:24:05+00:00\",\"description\":\"Aviso legal\",\"breadcrumb\":{\"@id\":\"https:\/\/heavyseas.net\/es\/legal-notice\/#breadcrumb\"},\"inLanguage\":\"es\",\"potentialAction\":[{\"@type\":\"ReadAction\",\"target\":[\"https:\/\/heavyseas.net\/es\/legal-notice\/\"]}]},{\"@type\":\"BreadcrumbList\",\"@id\":\"https:\/\/heavyseas.net\/es\/legal-notice\/#breadcrumb\",\"itemListElement\":[{\"@type\":\"ListItem\",\"position\":1,\"name\":\"Portada\",\"item\":\"https:\/\/heavyseas.net\/es\/\"},{\"@type\":\"ListItem\",\"position\":2,\"name\":\"Aviso legal\"}]},{\"@type\":\"WebSite\",\"@id\":\"https:\/\/heavyseas.net\/es\/#website\",\"url\":\"https:\/\/heavyseas.net\/es\/\",\"name\":\"Heavyseas\",\"description\":\"Refit and Maintenance Solutions\",\"potentialAction\":[{\"@type\":\"SearchAction\",\"target\":{\"@type\":\"EntryPoint\",\"urlTemplate\":\"https:\/\/heavyseas.net\/es\/?s={search_term_string}\"},\"query-input\":{\"@type\":\"PropertyValueSpecification\",\"valueRequired\":true,\"valueName\":\"search_term_string\"}}],\"inLanguage\":\"es\"}]}<\/script>\n<!-- \/ Yoast SEO plugin. -->","yoast_head_json":{"title":"Aviso legal - Heavyseas","description":"Aviso legal","robots":{"index":"index","follow":"follow","max-snippet":"max-snippet:-1","max-image-preview":"max-image-preview:large","max-video-preview":"max-video-preview:-1"},"canonical":"https:\/\/heavyseas.net\/es\/legal-notice\/","og_locale":"es_ES","og_type":"article","og_title":"Aviso legal - Heavyseas","og_description":"Aviso legal","og_url":"https:\/\/heavyseas.net\/es\/legal-notice\/","og_site_name":"Heavyseas","article_modified_time":"2023-03-28T12:24:05+00:00","twitter_card":"summary_large_image","twitter_misc":{"Tiempo de lectura":"6 minutos"},"schema":{"@context":"https:\/\/schema.org","@graph":[{"@type":"WebPage","@id":"https:\/\/heavyseas.net\/es\/legal-notice\/","url":"https:\/\/heavyseas.net\/es\/legal-notice\/","name":"Aviso legal - Heavyseas","isPartOf":{"@id":"https:\/\/heavyseas.net\/es\/#website"},"datePublished":"2020-12-14T08:09:48+00:00","dateModified":"2023-03-28T12:24:05+00:00","description":"Aviso legal","breadcrumb":{"@id":"https:\/\/heavyseas.net\/es\/legal-notice\/#breadcrumb"},"inLanguage":"es","potentialAction":[{"@type":"ReadAction","target":["https:\/\/heavyseas.net\/es\/legal-notice\/"]}]},{"@type":"BreadcrumbList","@id":"https:\/\/heavyseas.net\/es\/legal-notice\/#breadcrumb","itemListElement":[{"@type":"ListItem","position":1,"name":"Portada","item":"https:\/\/heavyseas.net\/es\/"},{"@type":"ListItem","position":2,"name":"Aviso legal"}]},{"@type":"WebSite","@id":"https:\/\/heavyseas.net\/es\/#website","url":"https:\/\/heavyseas.net\/es\/","name":"Heavyseas","description":"Refit and Maintenance Solutions","potentialAction":[{"@type":"SearchAction","target":{"@type":"EntryPoint","urlTemplate":"https:\/\/heavyseas.net\/es\/?s={search_term_string}"},"query-input":{"@type":"PropertyValueSpecification","valueRequired":true,"valueName":"search_term_string"}}],"inLanguage":"es"}]}},"_links":{"self":[{"href":"https:\/\/heavyseas.net\/es\/wp-json\/wp\/v2\/pages\/13781","targetHints":{"allow":["GET"]}}],"collection":[{"href":"https:\/\/heavyseas.net\/es\/wp-json\/wp\/v2\/pages"}],"about":[{"href":"https:\/\/heavyseas.net\/es\/wp-json\/wp\/v2\/types\/page"}],"author":[{"embeddable":true,"href":"https:\/\/heavyseas.net\/es\/wp-json\/wp\/v2\/users\/1"}],"replies":[{"embeddable":true,"href":"https:\/\/heavyseas.net\/es\/wp-json\/wp\/v2\/comments?post=13781"}],"version-history":[{"count":6,"href":"https:\/\/heavyseas.net\/es\/wp-json\/wp\/v2\/pages\/13781\/revisions"}],"predecessor-version":[{"id":16760,"href":"https:\/\/heavyseas.net\/es\/wp-json\/wp\/v2\/pages\/13781\/revisions\/16760"}],"wp:attachment":[{"href":"https:\/\/heavyseas.net\/es\/wp-json\/wp\/v2\/media?parent=13781"}],"curies":[{"name":"wp","href":"https:\/\/api.w.org\/{rel}","templated":true}]}}