{"id":13695,"date":"2020-12-14T07:27:37","date_gmt":"2020-12-14T07:27:37","guid":{"rendered":"https:\/\/heavyseas.net\/acerca-de\/"},"modified":"2022-12-13T08:58:26","modified_gmt":"2022-12-13T08:58:26","slug":"sobre-nosotros","status":"publish","type":"page","link":"https:\/\/heavyseas.net\/es\/sobre-nosotros\/","title":{"rendered":"Sobre Nosotros"},"content":{"rendered":"<p>[vc_row full_width=\u00bbstretch_row\u00bb parallax=\u00bbenable_parallax\u00bb bg_position=\u00bbcenter center\u00bb enable_overlay=\u00bbyes\u00bb css=\u00bb.vc_custom_1629985067764{background-image: url(http:\/\/heavyseas.net\/wp-content\/uploads\/2021\/08\/HeavySeas_Home_00.jpg?id=9330) !important;background-position: 0 0;background-repeat:-repeat !important;}\u00bb overlay_bg=\u00bbrgba(20, 20, 20, 0.87)\u00bb responsive_css=\u00bbpadding_top_large:60px|padding_bottom_large:60px\u00bb][vc_column enable_content_animation=\u00bbyes\u00bb ca_init_scale_x=\u00bb1&#8243; ca_init_scale_y=\u00bb1&#8243; ca_init_opacity=\u00bb0&#8243; ca_an_scale_x=\u00bb1&#8243; ca_an_scale_y=\u00bb1&#8243; ca_an_opacity=\u00bb1&#8243; offset=\u00bbvc_col-lg-offset-2 vc_col-lg-8 vc_col-md-offset-1 vc_col-md-10&#8243; responsive_align=\u00bbtext-center\u00bb ca_duration=\u00bb1600&#8243; ca_delay=\u00bb160&#8243; ca_init_translate_y=\u00bb65&#8243; ca_init_rotate_y=\u00bb50&#8243; responsive_css=\u00bbpadding_top_medium:90px\u00bb][\/vc_column][\/vc_row][vc_row css=\u00bb.vc_custom_1629985509796{padding-top: 120px !important;padding-bottom: 100px !important;}\u00bb responsive_css=\u00bbborder_right_medium:200px\u00bb][vc_column offset=\u00bbvc_col-lg-6 vc_col-md-7&#8243; css=\u00bb.vc_custom_1607931989373{margin-bottom: 35px !important;}\u00bb]<style>.ld_fancy_heading_69e7bac8e33a9 h2 {font-size:36px; } @media (min-width: 768px) { .ld_fancy_heading_69e7bac8e33a9 h2 {font-size:40px; }  } .ld_fancy_heading_69e7bac8e33a9 .lqd-highlight-inner{height:0.275em!important;bottom:0px!important;}.ld_fancy_heading_69e7bac8e33a9 h2 {font-size:36px; } @media (min-width: 768px) { .ld_fancy_heading_69e7bac8e33a9 h2 {font-size:40px; }  } <\/style><div class=\"ld-fancy-heading ld_fancy_heading_69e7bac8e33a9\">\n\t<h2 class=\"ld-fh-element lqd-highlight-underline lqd-highlight-grow-left text-decoration-default\"   >  <strong>Acerca de Heavy Seas<\/strong><\/h2><\/div><style>.ld_fancy_heading_69e7bac8e3d2a p {margin-bottom:2em !important;  } .ld_fancy_heading_69e7bac8e3d2a .lqd-highlight-inner{height:0.275em!important;bottom:0px!important;}.ld_fancy_heading_69e7bac8e3d2a p {margin-bottom:2em !important;  } <\/style><div class=\"ld-fancy-heading ld_fancy_heading_69e7bac8e3d2a\">\n\t<p class=\"ld-fh-element lqd-highlight-underline lqd-highlight-grow-left text-decoration-default\"   >  <span data-contrast=\"auto\">Heavy Seas tiene su sede en Mallorca, Espa\u00f1a. Ofrecemos una amplia gama de servicios para la industria n\u00e1utica. Con nuestro equipo de expertos altamente capacitados, podemos ofrecer una completa reparaci\u00f3n y mantenimiento de yates para nuestros clientes. Entendemos la importancia del trabajo en equipo y la profesionalidad tanto con nuestros clientes como con nuestros empleados. En este ambiente tecnol\u00f3gico y din\u00e1mico de trabajo, nos esforzamos constantemente por estar en el primer plano de las innovaciones tecnol\u00f3gicas.<\/span><\/p>\n<p><span data-contrast=\"auto\">Heavy Seas fue creada en 2011 por nuestros 4 fundadores. Desde entonces, hemos crecido de manera constante a lo largo de los a\u00f1os siendo ahora m\u00e1s de 35 personas, incluidos los 4 fundadores de la empresa. Nuestro negocio principal en 2011 era la reparaci\u00f3n y el mantenimiento de auxiliares y sus motores, pero a medida que nuestra base de clientes creci\u00f3, tambi\u00e9n lo hicieron los servicios que ofrecemos. Tambi\u00e9n el tama\u00f1o de yates que atendemos. Esto nos ha llevado a donde estamos hoy. Nuestra visi\u00f3n es ser la empresa l\u00edder de servicios en Baleares.<\/span><\/p>\n<p><span data-contrast=\"auto\">Nuestros gerentes cuentan con m\u00e1s de 30 a\u00f1os de experiencia trabajando en el sector na\u00fatico, estando altamente especializados en el sector, podemos hacer realidad los dise\u00f1os y deseos de nuestros clientes. Habiendo participado en m\u00e1s de 30 reparaciones importantes y dado que la empresa est\u00e1 en contacto constante con los principales proveedores, ahora podemos ofrecer al cliente una buena idea de lo que funcionar\u00e1 y lo que no funcionar\u00e1.<\/span><\/p><\/div>[\/vc_column][vc_column offset=\u00bbvc_col-lg-offset-1 vc_col-md-5&#8243;]<style>@media (min-width: 992px) { .ld_images_group_element_69e7bac8e4438 {margin-right:-12% !important;  }  } @media (min-width: 992px) { .ld_images_group_element_69e7bac8e4438 {margin-right:-12% !important;  }  } <\/style><div id=\"ld_images_group_element_69e7bac8e4438\" class=\"lqd-imggrp-single ld_images_group_element_69e7bac8e4438\" data-shadow-style=\"4\" data-roundness=\"8\" data-inview=\"true\" data-animate-shadow=\"true\"  >\n\t\n\t<div class=\"lqd-imggrp-img-container\"    data-parallax=\"true\" data-parallax-from='{\"y\":60}' data-parallax-to='{\"y\":-75}' data-parallax-options='{\"overflowHidden\":false,\"ease\":\"linear\",\"start\":\"top bottom\"}'>\n\t\t\n\t\t\t\t\n\t\t\t\t<figure ><img decoding=\"async\" width=\"1007\" height=\"1280\" src=\"https:\/\/heavyseas.net\/wp-content\/uploads\/2022\/03\/PEG075772.jpg\" class=\"attachment-full size-full\" alt=\"Equipo\" srcset=\"https:\/\/heavyseas.net\/wp-content\/uploads\/2022\/03\/PEG075772.jpg 1007w, https:\/\/heavyseas.net\/wp-content\/uploads\/2022\/03\/PEG075772-236x300.jpg 236w, https:\/\/heavyseas.net\/wp-content\/uploads\/2022\/03\/PEG075772-806x1024.jpg 806w\" sizes=\"(max-width: 1007px) 100vw, 1007px\" itemprop=\"image\" \/><\/figure>\t\t\t\t\t\t\t\t\n\t<\/div><!-- \/.lqd-imggrp-content -->\n<\/div><!-- \/.lqd-imggrp-single -->[\/vc_column][vc_column]<style>.ld_spacer_69e7bac8e4f4f{height:72px;}<\/style>\n<div class=\"ld-empty-space ld_spacer_69e7bac8e4f4f\"><\/div>[vc_row_inner enable_content_animation=\u00bbyes\u00bb equal_height=\u00bbyes\u00bb ca_init_scale_x=\u00bb1&#8243; ca_init_scale_y=\u00bb1&#8243; ca_init_opacity=\u00bb0&#8243; ca_an_scale_x=\u00bb1&#8243; ca_an_scale_y=\u00bb1&#8243; ca_an_opacity=\u00bb1&#8243; ca_init_scale_z=\u00bb1&#8243; ca_an_scale_z=\u00bb1&#8243; ca_duration=\u00bb1800&#8243; ca_delay=\u00bb180&#8243; ca_init_translate_x=\u00bb0&#8243;][vc_column_inner width=\u00bb1\/2&#8243; offset=\u00bbvc_col-md-3&#8243;]<style>.ld_icon_box_69e7bac8e5168 .iconbox-icon-container{color:rgb(24, 67, 65);font-size:49px;margin-bottom:25px !important;border-radius:px;}.ld_icon_box_69e7bac8e5168 .lqd-iconbox-title{margin-bottom:1px;font-size:16px;}.ld_icon_box_69e7bac8e5168{background:rgb(255, 255, 255);}<\/style>\n<div class=\"iconbox text-align-default iconbox-round iconbox-shadow iconbox-xl iconbox-filled iconbox-contents-show-onhover ld_icon_box_69e7bac8e5168 vc_custom_1630398789476\" id=\"ld_icon_box_69e7bac8e5168\"  data-animate-icon=\"true\" data-plugin-options='{\"color\":\"rgb(24, 67, 65)\"}'  data-slideelement-onhover=\"true\" data-slideelement-options='{ \"visibleElement\": \".iconbox-icon-wrap, p, h3\", \"hiddenElement\": \".btn\", \"alignMid\": true }'>\n\t\n\t\t\t\t\t\n\t\n\t<div class=\"iconbox-icon-wrap\"><span class=\"iconbox-icon-container\"><i class=\"far fa-clock\"><\/i><\/span><\/div>\t\n\t<h3 class=\"lqd-iconbox-title \">Gran atenci\u00f3n al cliente<\/h3>\t\n\t<div class=\"contents\">\t\n\t\t\n\t\t<p>Disponible 24\/7<\/p>\n\t\t\n\t<\/div>\t\n\t\n<\/div>\n[\/vc_column_inner][vc_column_inner width=\u00bb1\/2&#8243; offset=\u00bbvc_col-md-3&#8243;]<style>.ld_icon_box_69e7bac8e57b9 .iconbox-icon-container{color:rgb(24, 67, 65);font-size:49px;margin-bottom:25px !important;border-radius:px;}.ld_icon_box_69e7bac8e57b9 .lqd-iconbox-title{margin-bottom:1px;font-size:16px;}.ld_icon_box_69e7bac8e57b9{background:rgb(255, 255, 255);}<\/style>\n<div class=\"iconbox text-align-default iconbox-round iconbox-shadow iconbox-xl iconbox-filled iconbox-contents-show-onhover ld_icon_box_69e7bac8e57b9 vc_custom_1630398828028\" id=\"ld_icon_box_69e7bac8e57b9\"  data-animate-icon=\"true\" data-plugin-options='{\"color\":\"rgb(24, 67, 65)\"}'  data-slideelement-onhover=\"true\" data-slideelement-options='{ \"visibleElement\": \".iconbox-icon-wrap, p, h3\", \"hiddenElement\": \".btn\", \"alignMid\": true }'>\n\t\n\t\t\t\t\t\n\t\n\t<div class=\"iconbox-icon-wrap\"><span class=\"iconbox-icon-container\"><i class=\"fas fa-hand-holding-usd\"><\/i><\/span><\/div>\t\n\t<h3 class=\"lqd-iconbox-title \">Mejor relaci\u00f3n calidad-precio<\/h3>\t\n\t<div class=\"contents\">\t\n\t\t\n\t\t<p>En presupuesto y a tiempo<\/p>\n\t\t\n\t<\/div>\t\n\t\n<\/div>\n[\/vc_column_inner][vc_column_inner width=\u00bb1\/2&#8243; offset=\u00bbvc_col-md-3&#8243;]<style>.ld_icon_box_69e7bac8e5efa .iconbox-icon-container{color:rgb(24, 67, 65);font-size:49px;margin-bottom:25px !important;border-radius:px;}.ld_icon_box_69e7bac8e5efa .lqd-iconbox-title{margin-bottom:1px;font-size:16px;}.ld_icon_box_69e7bac8e5efa{background:rgb(255, 255, 255);}<\/style>\n<div class=\"iconbox text-align-default iconbox-round iconbox-shadow iconbox-xl iconbox-filled iconbox-contents-show-onhover ld_icon_box_69e7bac8e5efa vc_custom_1630398876743\" id=\"ld_icon_box_69e7bac8e5efa\"  data-animate-icon=\"true\" data-plugin-options='{\"color\":\"rgb(24, 67, 65)\"}'  data-slideelement-onhover=\"true\" data-slideelement-options='{ \"visibleElement\": \".iconbox-icon-wrap, p, h3\", \"hiddenElement\": \".btn\", \"alignMid\": true }'>\n\t\n\t\t\t\t\t\n\t\n\t<div class=\"iconbox-icon-wrap\"><span class=\"iconbox-icon-container\"><i class=\"fas fa-tools\"><\/i><\/span><\/div>\t\n\t<h3 class=\"lqd-iconbox-title \">Equipo multidisciplinar<\/h3>\t\n\t<div class=\"contents\">\t\n\t\t\n\t\t<p>Servicios especializados<\/p>\n\t\t\n\t<\/div>\t\n\t\n<\/div>\n[\/vc_column_inner][vc_column_inner width=\u00bb1\/2&#8243; offset=\u00bbvc_col-md-3&#8243;]<style>.ld_icon_box_69e7bac8e637d .iconbox-icon-container{color:rgb(24, 67, 65);font-size:49px;margin-bottom:25px !important;border-radius:px;}.ld_icon_box_69e7bac8e637d .lqd-iconbox-title{margin-bottom:1px;font-size:16px;}.ld_icon_box_69e7bac8e637d{background:rgb(255, 255, 255);}<\/style>\n<div class=\"iconbox text-align-default iconbox-round iconbox-shadow iconbox-xl iconbox-filled iconbox-contents-show-onhover ld_icon_box_69e7bac8e637d vc_custom_1630398799331\" id=\"ld_icon_box_69e7bac8e637d\"  data-animate-icon=\"true\" data-plugin-options='{\"color\":\"rgb(24, 67, 65)\"}'  data-slideelement-onhover=\"true\" data-slideelement-options='{ \"visibleElement\": \".iconbox-icon-wrap, p, h3\", \"hiddenElement\": \".btn\", \"alignMid\": true }'>\n\t\n\t\t\t\t\t\n\t\n\t<div class=\"iconbox-icon-wrap\"><span class=\"iconbox-icon-container\"><i class=\"far fa-grin-beam\"><\/i><\/span><\/div>\t\n\t<h3 class=\"lqd-iconbox-title \">Un ambiente fant\u00e1stico<\/h3>\t\n\t<div class=\"contents\">\t\n\t\t\n\t\t<p>Siempre con una sonrisa<\/p>\n\t\t\n\t<\/div>\t\n\t\n<\/div>\n[\/vc_column_inner][\/vc_row_inner][\/vc_column][\/vc_row][vc_row gap=\u00bb30&#8243; equal_height=\u00bbyes\u00bb content_placement=\u00bbmiddle\u00bb disable_element=\u00bbyes\u00bb css=\u00bb.vc_custom_1645003370574{margin-top: 80px !important;padding-bottom: 40px !important;}\u00bb responsive_css=\u00bbmargin_top_large:30px\u00bb][vc_column align=\u00bbtext-center\u00bb responsive_align=\u00bbtext-center\u00bb offset=\u00bbvc_col-md-offset-2 vc_col-md-8&#8243; css=\u00bb.vc_custom_1576240186399{margin-bottom: 45px !important;}\u00bb]<style>.ld_fancy_heading_69e7bac8e668f h2 {font-weight:700; } .ld_fancy_heading_69e7bac8e668f .lqd-highlight-inner{height:0.275em!important;bottom:0px!important;}.ld_fancy_heading_69e7bac8e668f h2 {font-weight:700; } <\/style><div class=\"ld-fancy-heading text-center ld_fancy_heading_69e7bac8e668f\">\n\t<h2 class=\"ld-fh-element lqd-highlight-underline lqd-highlight-grow-left text-decoration-default\"   >  Nuestro equipo<\/h2><\/div>[\/vc_column][vc_column width=\u00bb2\/3&#8243; enable_content_animation=\u00bbyes\u00bb ca_init_scale_x=\u00bb1&#8243; ca_init_scale_y=\u00bb1&#8243; ca_init_opacity=\u00bb0&#8243; ca_an_scale_x=\u00bb1&#8243; ca_an_scale_y=\u00bb1&#8243; ca_an_opacity=\u00bb1&#8243; ca_init_scale_z=\u00bb1&#8243; ca_an_scale_z=\u00bb1&#8243; offset=\u00bbvc_col-md-offset-0 vc_col-md-4&#8243; ca_init_translate_y=\u00bb20&#8243; ca_duration=\u00bb1200&#8243; ca_delay=\u00bb150&#8243;][vc_single_image image=\u00bb11556&#8243; css=\u00bb.vc_custom_1635408853371{margin-bottom: 22px !important;}\u00bb]<style>.ld_fancy_heading_69e7bac8e6b88 h4 {font-size:25px; } .ld_fancy_heading_69e7bac8e6b88 h4 {font-weight:700; } .ld_fancy_heading_69e7bac8e6b88 .lqd-highlight-inner{height:0.275em!important;bottom:0px!important;}.ld_fancy_heading_69e7bac8e6b88 h4 {font-size:25px; } .ld_fancy_heading_69e7bac8e6b88 h4 {font-weight:700; } <\/style><div class=\"ld-fancy-heading ld_fancy_heading_69e7bac8e6b88\">\n\t<h4 class=\"ld-fh-element lqd-highlight-underline lqd-highlight-grow-left text-decoration-default\"   >  Milton Massetani<\/h4><\/div><style>.ld_fancy_heading_69e7bac8e7225 h6{color:rgb(144, 145, 151);background:rgb(241, 244, 245);}.ld_fancy_heading_69e7bac8e7225 h6 {font-size:10px; } .ld_fancy_heading_69e7bac8e7225 h6 {font-weight:400; } .ld_fancy_heading_69e7bac8e7225 h6 {letter-spacing:0.1em; } .ld_fancy_heading_69e7bac8e7225 h6 {padding-top:6px !important; padding-right:6px !important; padding-bottom:6px !important; padding-left:6px !important;  } .ld_fancy_heading_69e7bac8e7225 h6 {margin-bottom:1em !important;  } .ld_fancy_heading_69e7bac8e7225 .lqd-highlight-inner{height:0.275em!important;bottom:0px!important;}.ld_fancy_heading_69e7bac8e7225 h6 {font-size:10px; } .ld_fancy_heading_69e7bac8e7225 h6 {font-weight:400; } .ld_fancy_heading_69e7bac8e7225 h6 {letter-spacing:0.1em; } .ld_fancy_heading_69e7bac8e7225 h6 {padding-top:6px !important; padding-right:6px !important; padding-bottom:6px !important; padding-left:6px !important;  } .ld_fancy_heading_69e7bac8e7225 h6 {margin-bottom:1em !important;  } <\/style><div class=\"ld-fancy-heading ld-fh-has-fill text-uppercase ld_fancy_heading_69e7bac8e7225\">\n\t<h6 class=\"ld-fh-element semi-round lqd-highlight-underline lqd-highlight-grow-left text-decoration-default\"   >  CEO<\/h6><\/div>[\/vc_column][vc_column width=\u00bb2\/3&#8243; enable_content_animation=\u00bbyes\u00bb ca_init_scale_x=\u00bb1&#8243; ca_init_scale_y=\u00bb1&#8243; ca_init_opacity=\u00bb0&#8243; ca_an_scale_x=\u00bb1&#8243; ca_an_scale_y=\u00bb1&#8243; ca_an_opacity=\u00bb1&#8243; ca_init_scale_z=\u00bb1&#8243; ca_an_scale_z=\u00bb1&#8243; offset=\u00bbvc_col-md-offset-0 vc_col-md-4&#8243; ca_init_translate_y=\u00bb20&#8243; ca_start_delay=\u00bb200&#8243; ca_duration=\u00bb1200&#8243; ca_delay=\u00bb150&#8243;][vc_single_image image=\u00bb11556&#8243; css=\u00bb.vc_custom_1635408875443{margin-bottom: 22px !important;}\u00bb]<style>.ld_fancy_heading_69e7bac8e77df h4 {font-size:25px; } .ld_fancy_heading_69e7bac8e77df h4 {font-weight:700; } .ld_fancy_heading_69e7bac8e77df .lqd-highlight-inner{height:0.275em!important;bottom:0px!important;}.ld_fancy_heading_69e7bac8e77df h4 {font-size:25px; } .ld_fancy_heading_69e7bac8e77df h4 {font-weight:700; } <\/style><div class=\"ld-fancy-heading ld_fancy_heading_69e7bac8e77df\">\n\t<h4 class=\"ld-fh-element lqd-highlight-underline lqd-highlight-grow-left text-decoration-default\"   >  Mr. Massetani<\/h4><\/div><style>.ld_fancy_heading_69e7bac8e7c31 h6{color:rgb(144, 145, 151);background:rgb(241, 244, 245);}.ld_fancy_heading_69e7bac8e7c31 h6 {font-size:10px; } .ld_fancy_heading_69e7bac8e7c31 h6 {font-weight:400; } .ld_fancy_heading_69e7bac8e7c31 h6 {letter-spacing:0.1em; } .ld_fancy_heading_69e7bac8e7c31 h6 {padding-top:6px !important; padding-right:6px !important; padding-bottom:6px !important; padding-left:6px !important;  } .ld_fancy_heading_69e7bac8e7c31 h6 {margin-bottom:1em !important;  } .ld_fancy_heading_69e7bac8e7c31 .lqd-highlight-inner{height:0.275em!important;bottom:0px!important;}.ld_fancy_heading_69e7bac8e7c31 h6 {font-size:10px; } .ld_fancy_heading_69e7bac8e7c31 h6 {font-weight:400; } .ld_fancy_heading_69e7bac8e7c31 h6 {letter-spacing:0.1em; } .ld_fancy_heading_69e7bac8e7c31 h6 {padding-top:6px !important; padding-right:6px !important; padding-bottom:6px !important; padding-left:6px !important;  } .ld_fancy_heading_69e7bac8e7c31 h6 {margin-bottom:1em !important;  } <\/style><div class=\"ld-fancy-heading ld-fh-has-fill text-uppercase ld_fancy_heading_69e7bac8e7c31\">\n\t<h6 class=\"ld-fh-element semi-round lqd-highlight-underline lqd-highlight-grow-left text-decoration-default\"   >  Comercial<\/h6><\/div>[\/vc_column][vc_column width=\u00bb2\/3&#8243; enable_content_animation=\u00bbyes\u00bb ca_init_scale_x=\u00bb1&#8243; ca_init_scale_y=\u00bb1&#8243; ca_init_opacity=\u00bb0&#8243; ca_an_scale_x=\u00bb1&#8243; ca_an_scale_y=\u00bb1&#8243; ca_an_opacity=\u00bb1&#8243; ca_init_scale_z=\u00bb1&#8243; ca_an_scale_z=\u00bb1&#8243; offset=\u00bbvc_col-md-4&#8243; ca_init_translate_y=\u00bb20&#8243; ca_start_delay=\u00bb400&#8243; ca_duration=\u00bb1200&#8243; ca_delay=\u00bb150&#8243;][vc_single_image image=\u00bb11556&#8243; css=\u00bb.vc_custom_1635408883331{margin-bottom: 22px !important;}\u00bb]<style>.ld_fancy_heading_69e7bac8e802f h4 {font-size:25px; } .ld_fancy_heading_69e7bac8e802f h4 {font-weight:700; } .ld_fancy_heading_69e7bac8e802f .lqd-highlight-inner{height:0.275em!important;bottom:0px!important;}.ld_fancy_heading_69e7bac8e802f h4 {font-size:25px; } .ld_fancy_heading_69e7bac8e802f h4 {font-weight:700; } <\/style><div class=\"ld-fancy-heading ld_fancy_heading_69e7bac8e802f\">\n\t<h4 class=\"ld-fh-element lqd-highlight-underline lqd-highlight-grow-left text-decoration-default\"   >  Equipo<\/h4><\/div><style>.ld_fancy_heading_69e7bac8e8403 h6{color:rgb(144, 145, 151);background:rgb(241, 244, 245);}.ld_fancy_heading_69e7bac8e8403 h6 {font-size:10px; } .ld_fancy_heading_69e7bac8e8403 h6 {font-weight:400; } .ld_fancy_heading_69e7bac8e8403 h6 {letter-spacing:0.1em; } .ld_fancy_heading_69e7bac8e8403 h6 {padding-top:6px !important; padding-right:6px !important; padding-bottom:6px !important; padding-left:6px !important;  } .ld_fancy_heading_69e7bac8e8403 h6 {margin-bottom:1em !important;  } .ld_fancy_heading_69e7bac8e8403 .lqd-highlight-inner{height:0.275em!important;bottom:0px!important;}.ld_fancy_heading_69e7bac8e8403 h6 {font-size:10px; } .ld_fancy_heading_69e7bac8e8403 h6 {font-weight:400; } .ld_fancy_heading_69e7bac8e8403 h6 {letter-spacing:0.1em; } .ld_fancy_heading_69e7bac8e8403 h6 {padding-top:6px !important; padding-right:6px !important; padding-bottom:6px !important; padding-left:6px !important;  } .ld_fancy_heading_69e7bac8e8403 h6 {margin-bottom:1em !important;  } <\/style><div class=\"ld-fancy-heading ld-fh-has-fill text-uppercase ld_fancy_heading_69e7bac8e8403\">\n\t<h6 class=\"ld-fh-element semi-round lqd-highlight-underline lqd-highlight-grow-left text-decoration-default\"   >  Comercial<\/h6><\/div>[\/vc_column][\/vc_row]<\/p>\n","protected":false},"excerpt":{"rendered":"<p>[vc_row full_width=\u00bbstretch_row\u00bb parallax=\u00bbenable_parallax\u00bb bg_position=\u00bbcenter center\u00bb enable_overlay=\u00bbyes\u00bb css=\u00bb.vc_custom_1629985067764{background-image: url(http:\/\/heavyseas.net\/wp-content\/uploads\/2021\/08\/HeavySeas_Home_00.jpg?id=9330) !important;background-position: 0 0;background-repeat:-repeat !important;}\u00bb overlay_bg=\u00bbrgba(20, 20, 20, 0.87)\u00bb responsive_css=\u00bbpadding_top_large:60px|padding_bottom_large:60px\u00bb][vc_column enable_content_animation=\u00bbyes\u00bb ca_init_scale_x=\u00bb1&#8243; ca_init_scale_y=\u00bb1&#8243; ca_init_opacity=\u00bb0&#8243; ca_an_scale_x=\u00bb1&#8243; ca_an_scale_y=\u00bb1&#8243; ca_an_opacity=\u00bb1&#8243; offset=\u00bbvc_col-lg-offset-2 vc_col-lg-8 vc_col-md-offset-1 vc_col-md-10&#8243; responsive_align=\u00bbtext-center\u00bb ca_duration=\u00bb1600&#8243; ca_delay=\u00bb160&#8243; ca_init_translate_y=\u00bb65&#8243; ca_init_rotate_y=\u00bb50&#8243; responsive_css=\u00bbpadding_top_medium:90px\u00bb][\/vc_column][\/vc_row][vc_row css=\u00bb.vc_custom_1629985509796{padding-top: 120px !important;padding-bottom: 100px !important;}\u00bb responsive_css=\u00bbborder_right_medium:200px\u00bb][vc_column offset=\u00bbvc_col-lg-6 vc_col-md-7&#8243; css=\u00bb.vc_custom_1607931989373{margin-bottom: 35px !important;}\u00bb][\/vc_column][vc_column offset=\u00bbvc_col-lg-offset-1 vc_col-md-5&#8243;][\/vc_column][vc_column][vc_row_inner enable_content_animation=\u00bbyes\u00bb equal_height=\u00bbyes\u00bb ca_init_scale_x=\u00bb1&#8243; ca_init_scale_y=\u00bb1&#8243; ca_init_opacity=\u00bb0&#8243; ca_an_scale_x=\u00bb1&#8243; ca_an_scale_y=\u00bb1&#8243; ca_an_opacity=\u00bb1&#8243; [&hellip;]<\/p>\n","protected":false},"author":1,"featured_media":0,"parent":0,"menu_order":0,"comment_status":"closed","ping_status":"closed","template":"","meta":{"_joinchat":[],"footnotes":""},"class_list":["post-13695","page","type-page","status-publish","hentry"],"yoast_head":"<!-- This site is optimized with the Yoast SEO plugin v27.2 - https:\/\/yoast.com\/product\/yoast-seo-wordpress\/ -->\n<title>Sobre Nosotros - Heavyseas<\/title>\n<meta name=\"description\" content=\"Heavy Seas ofrece una amplia gama de servicios de yates para la industria marina en las Islas Baleares\" \/>\n<meta name=\"robots\" content=\"index, follow, max-snippet:-1, max-image-preview:large, max-video-preview:-1\" \/>\n<link rel=\"canonical\" href=\"https:\/\/heavyseas.net\/es\/sobre-nosotros\/\" \/>\n<meta property=\"og:locale\" content=\"es_ES\" \/>\n<meta property=\"og:type\" content=\"article\" \/>\n<meta property=\"og:title\" content=\"Sobre Nosotros - Heavyseas\" \/>\n<meta property=\"og:description\" content=\"Heavy Seas ofrece una amplia gama de servicios de yates para la industria marina en las Islas Baleares\" \/>\n<meta property=\"og:url\" content=\"https:\/\/heavyseas.net\/es\/sobre-nosotros\/\" \/>\n<meta property=\"og:site_name\" content=\"Heavyseas\" \/>\n<meta property=\"article:modified_time\" content=\"2022-12-13T08:58:26+00:00\" \/>\n<meta name=\"twitter:card\" content=\"summary_large_image\" \/>\n<meta name=\"twitter:label1\" content=\"Tiempo de lectura\" \/>\n\t<meta name=\"twitter:data1\" content=\"3 minutos\" \/>\n<script type=\"application\/ld+json\" class=\"yoast-schema-graph\">{\"@context\":\"https:\/\/schema.org\",\"@graph\":[{\"@type\":\"WebPage\",\"@id\":\"https:\/\/heavyseas.net\/es\/sobre-nosotros\/\",\"url\":\"https:\/\/heavyseas.net\/es\/sobre-nosotros\/\",\"name\":\"Sobre Nosotros - Heavyseas\",\"isPartOf\":{\"@id\":\"https:\/\/heavyseas.net\/es\/#website\"},\"datePublished\":\"2020-12-14T07:27:37+00:00\",\"dateModified\":\"2022-12-13T08:58:26+00:00\",\"description\":\"Heavy Seas ofrece una amplia gama de servicios de yates para la industria marina en las Islas Baleares\",\"breadcrumb\":{\"@id\":\"https:\/\/heavyseas.net\/es\/sobre-nosotros\/#breadcrumb\"},\"inLanguage\":\"es\",\"potentialAction\":[{\"@type\":\"ReadAction\",\"target\":[\"https:\/\/heavyseas.net\/es\/sobre-nosotros\/\"]}]},{\"@type\":\"BreadcrumbList\",\"@id\":\"https:\/\/heavyseas.net\/es\/sobre-nosotros\/#breadcrumb\",\"itemListElement\":[{\"@type\":\"ListItem\",\"position\":1,\"name\":\"Portada\",\"item\":\"https:\/\/heavyseas.net\/es\/\"},{\"@type\":\"ListItem\",\"position\":2,\"name\":\"Sobre Nosotros\"}]},{\"@type\":\"WebSite\",\"@id\":\"https:\/\/heavyseas.net\/es\/#website\",\"url\":\"https:\/\/heavyseas.net\/es\/\",\"name\":\"Heavyseas\",\"description\":\"Refit and Maintenance Solutions\",\"potentialAction\":[{\"@type\":\"SearchAction\",\"target\":{\"@type\":\"EntryPoint\",\"urlTemplate\":\"https:\/\/heavyseas.net\/es\/?s={search_term_string}\"},\"query-input\":{\"@type\":\"PropertyValueSpecification\",\"valueRequired\":true,\"valueName\":\"search_term_string\"}}],\"inLanguage\":\"es\"}]}<\/script>\n<!-- \/ Yoast SEO plugin. -->","yoast_head_json":{"title":"Sobre Nosotros - Heavyseas","description":"Heavy Seas ofrece una amplia gama de servicios de yates para la industria marina en las Islas Baleares","robots":{"index":"index","follow":"follow","max-snippet":"max-snippet:-1","max-image-preview":"max-image-preview:large","max-video-preview":"max-video-preview:-1"},"canonical":"https:\/\/heavyseas.net\/es\/sobre-nosotros\/","og_locale":"es_ES","og_type":"article","og_title":"Sobre Nosotros - Heavyseas","og_description":"Heavy Seas ofrece una amplia gama de servicios de yates para la industria marina en las Islas Baleares","og_url":"https:\/\/heavyseas.net\/es\/sobre-nosotros\/","og_site_name":"Heavyseas","article_modified_time":"2022-12-13T08:58:26+00:00","twitter_card":"summary_large_image","twitter_misc":{"Tiempo de lectura":"3 minutos"},"schema":{"@context":"https:\/\/schema.org","@graph":[{"@type":"WebPage","@id":"https:\/\/heavyseas.net\/es\/sobre-nosotros\/","url":"https:\/\/heavyseas.net\/es\/sobre-nosotros\/","name":"Sobre Nosotros - Heavyseas","isPartOf":{"@id":"https:\/\/heavyseas.net\/es\/#website"},"datePublished":"2020-12-14T07:27:37+00:00","dateModified":"2022-12-13T08:58:26+00:00","description":"Heavy Seas ofrece una amplia gama de servicios de yates para la industria marina en las Islas Baleares","breadcrumb":{"@id":"https:\/\/heavyseas.net\/es\/sobre-nosotros\/#breadcrumb"},"inLanguage":"es","potentialAction":[{"@type":"ReadAction","target":["https:\/\/heavyseas.net\/es\/sobre-nosotros\/"]}]},{"@type":"BreadcrumbList","@id":"https:\/\/heavyseas.net\/es\/sobre-nosotros\/#breadcrumb","itemListElement":[{"@type":"ListItem","position":1,"name":"Portada","item":"https:\/\/heavyseas.net\/es\/"},{"@type":"ListItem","position":2,"name":"Sobre Nosotros"}]},{"@type":"WebSite","@id":"https:\/\/heavyseas.net\/es\/#website","url":"https:\/\/heavyseas.net\/es\/","name":"Heavyseas","description":"Refit and Maintenance Solutions","potentialAction":[{"@type":"SearchAction","target":{"@type":"EntryPoint","urlTemplate":"https:\/\/heavyseas.net\/es\/?s={search_term_string}"},"query-input":{"@type":"PropertyValueSpecification","valueRequired":true,"valueName":"search_term_string"}}],"inLanguage":"es"}]}},"_links":{"self":[{"href":"https:\/\/heavyseas.net\/es\/wp-json\/wp\/v2\/pages\/13695","targetHints":{"allow":["GET"]}}],"collection":[{"href":"https:\/\/heavyseas.net\/es\/wp-json\/wp\/v2\/pages"}],"about":[{"href":"https:\/\/heavyseas.net\/es\/wp-json\/wp\/v2\/types\/page"}],"author":[{"embeddable":true,"href":"https:\/\/heavyseas.net\/es\/wp-json\/wp\/v2\/users\/1"}],"replies":[{"embeddable":true,"href":"https:\/\/heavyseas.net\/es\/wp-json\/wp\/v2\/comments?post=13695"}],"version-history":[{"count":9,"href":"https:\/\/heavyseas.net\/es\/wp-json\/wp\/v2\/pages\/13695\/revisions"}],"predecessor-version":[{"id":16457,"href":"https:\/\/heavyseas.net\/es\/wp-json\/wp\/v2\/pages\/13695\/revisions\/16457"}],"wp:attachment":[{"href":"https:\/\/heavyseas.net\/es\/wp-json\/wp\/v2\/media?parent=13695"}],"curies":[{"name":"wp","href":"https:\/\/api.w.org\/{rel}","templated":true}]}}